{"id":26337,"date":"2025-10-09T13:39:17","date_gmt":"2025-10-09T12:39:17","guid":{"rendered":"https:\/\/www.ramus.je\/nejlepsi\/?page_id=26337"},"modified":"2025-10-09T13:40:25","modified_gmt":"2025-10-09T12:40:25","slug":"alice-krajcirova","status":"publish","type":"page","link":"https:\/\/www.ramus.je\/nejlepsi\/kontakt\/alice-krajcirova\/","title":{"rendered":"Alice Kraj\u010d\u00edrov\u00e1"},"content":{"rendered":"\n<p><strong>Kontakt:<\/strong><\/p>\n\n\n\n<p><strong>Co d\u011bl\u00e1m v Ramusu:<\/strong><\/p>\n\n\n\n<p><strong>Pro\u010d to d\u011bl\u00e1m:<\/strong><\/p>\n\n\n\n<p><strong>Co ned\u011bl\u00e1m v Ramusu:<\/strong><\/p>\n\n\n\n<p><strong>Pro\u010d to ned\u011bl\u00e1m?<\/strong><\/p>\n\n\n\n<p><strong>Nejlep\u0161\u00ed z\u00e1\u017eitek s Ramusem?<\/strong><\/p>\n\n\n\n<p><strong>Nejhor\u0161\u00ed z\u00e1\u017eitek s Ramusem?<\/strong><\/p>\n","protected":false},"excerpt":{"rendered":"<p>Kontakt: Co d\u011bl\u00e1m v Ramusu: Pro\u010d to d\u011bl\u00e1m: Co ned\u011bl\u00e1m v Ramusu: Pro\u010d to ned\u011bl\u00e1m? Nejlep\u0161\u00ed z\u00e1\u017eitek s Ramusem? Nejhor\u0161\u00ed z\u00e1\u017eitek s Ramusem?<\/p>\n","protected":false},"author":3,"featured_media":0,"parent":2010,"menu_order":0,"comment_status":"closed","ping_status":"closed","template":"","meta":{"ngg_post_thumbnail":0,"footnotes":""},"class_list":["post-26337","page","type-page","status-publish","hentry"],"_links":{"self":[{"href":"https:\/\/www.ramus.je\/nejlepsi\/wp-json\/wp\/v2\/pages\/26337","targetHints":{"allow":["GET"]}}],"collection":[{"href":"https:\/\/www.ramus.je\/nejlepsi\/wp-json\/wp\/v2\/pages"}],"about":[{"href":"https:\/\/www.ramus.je\/nejlepsi\/wp-json\/wp\/v2\/types\/page"}],"author":[{"embeddable":true,"href":"https:\/\/www.ramus.je\/nejlepsi\/wp-json\/wp\/v2\/users\/3"}],"replies":[{"embeddable":true,"href":"https:\/\/www.ramus.je\/nejlepsi\/wp-json\/wp\/v2\/comments?post=26337"}],"version-history":[{"count":1,"href":"https:\/\/www.ramus.je\/nejlepsi\/wp-json\/wp\/v2\/pages\/26337\/revisions"}],"predecessor-version":[{"id":26338,"href":"https:\/\/www.ramus.je\/nejlepsi\/wp-json\/wp\/v2\/pages\/26337\/revisions\/26338"}],"up":[{"embeddable":true,"href":"https:\/\/www.ramus.je\/nejlepsi\/wp-json\/wp\/v2\/pages\/2010"}],"wp:attachment":[{"href":"https:\/\/www.ramus.je\/nejlepsi\/wp-json\/wp\/v2\/media?parent=26337"}],"curies":[{"name":"wp","href":"https:\/\/api.w.org\/{rel}","templated":true}]}}