{"id":2045,"date":"2022-05-14T21:36:04","date_gmt":"2022-05-14T20:36:04","guid":{"rendered":"https:\/\/www.ramus.je\/web\/?page_id=2045"},"modified":"2025-11-12T16:33:14","modified_gmt":"2025-11-12T15:33:14","slug":"agata-klimtova","status":"publish","type":"page","link":"https:\/\/www.ramus.je\/nejlepsi\/kontakt\/agata-klimtova\/","title":{"rendered":"Ag\u00e1ta Klimtov\u00e1 | HUMR"},"content":{"rendered":"<div class=\"wp-block-image is-resized\">\n<figure class=\"alignright size-full\"><img loading=\"lazy\" decoding=\"async\" width=\"1173\" height=\"1182\" src=\"https:\/\/www.ramus.je\/nejlepsi\/wp-content\/uploads\/2025\/10\/agy-kopie-2.png\" alt=\"\" class=\"wp-image-26230\" style=\"width:286px;height:auto\" srcset=\"https:\/\/www.ramus.je\/nejlepsi\/wp-content\/uploads\/2025\/10\/agy-kopie-2.png 1173w, https:\/\/www.ramus.je\/nejlepsi\/wp-content\/uploads\/2025\/10\/agy-kopie-2-298x300.png 298w, https:\/\/www.ramus.je\/nejlepsi\/wp-content\/uploads\/2025\/10\/agy-kopie-2-1016x1024.png 1016w, https:\/\/www.ramus.je\/nejlepsi\/wp-content\/uploads\/2025\/10\/agy-kopie-2-150x150.png 150w, https:\/\/www.ramus.je\/nejlepsi\/wp-content\/uploads\/2025\/10\/agy-kopie-2-768x774.png 768w\" sizes=\"auto, (min-width: 960px) 75vw, 100vw\" \/><\/figure>\n<\/div>\n\n\n<p><strong>Kontakt:<\/strong><br><a href=\"mailto:%20%3Cscript%20language='JavaScript'%20type='text\/javascript'%3E%20%3C!--%20var%20prefix%20=%20'mailto:';%20var%20suffix%20=%20'';%20var%20attribs%20=%20'';%20var%20path%20=%20'hr'%20+%20'ef'%20+%20'=';%20var%20addy24005%20=%20'humr'%20+%20'@';%20addy24005%20=%20addy24005%20+%20'ramus'%20+%20'.'%20+%20'je';%20document.write(%20'%3Ca%20'%20+%20path%20+%20'\\''%20+%20prefix%20+%20addy24005%20+%20suffix%20+%20'\\''%20+%20attribs%20+%20'%3E'%20);%20document.write(%20addy24005%20);%20document.write(%20'%3C\\\/a%3E'%20);%20\/\/--%3E%20%3C\/script%3E%3Cscript%20language='JavaScript'%20type='text\/javascript'%3E%20%3C!--%20document.write(%20'%3Cspan%20style=\\'display:%20none;\\'%3E'%20);%20\/\/--%3E%20%3C\/script%3ETato%20emailov%C3%A1%20adresa%20je%20chr%C3%A1n%C4%9Bna%20p%C5%99ed%20spamboty,%20abyste%20ji%20vid%C4%9Bli,%20povolte%20JavaScript%20%3Cscript%20language='JavaScript'%20type='text\/javascript'%3E%20%3C!--%20document.write(%20'%3C\/'%20);%20document.write(%20'span%3E'%20);%20\/\/--%3E%20%3C\/script%3E\"><\/a><a href=\"mailto:humr@ramus.je\">humr@ramus.je<\/a><\/p>\n\n\n\n<p><strong>Co d\u011bl\u00e1m v Ramusu:<br><\/strong>Organizuju Humry aka jednodenn\u00ed nebo odpoledn\u00ed akce.<\/p>\n\n\n\n<p><strong>Pro\u010d to d\u011bl\u00e1m:<br><\/strong>Proto\u017ee Ramus je super a r\u00e1da zlep\u0161\u00edm a ozvl\u00e1\u0161tn\u00edm den klient\u016fm, asistent\u016fm i sob\u011b.<br><\/p>\n\n\n\n<p><strong>Co ned\u011bl\u00e1m v Ramusu:<br><\/strong>V\u0161echno ostatn\u00ed \/ neorganizuju v\u00edkendovky a t\u00e1bory.<\/p>\n\n\n\n<p><strong>Pro\u010d to ned\u011bl\u00e1m?<br><\/strong>Proto\u017ee vim, \u017ee na to tu jsou lep\u0161\u00ed.<\/p>\n\n\n\n<p><strong>Nejlep\u0161\u00ed z\u00e1\u017eitek s Ramusem?<br><\/strong>Asi m\u016fj prvn\u00ed v\u00fdlet s Ramusem sice pr\u0161elo a bylo hnusn\u011b a j\u00e1 byla hrozn\u011b nerv\u00f3zn\u00ed z nov\u00fdch lid\u00ed, ale kdy\u017e jsme \u010dekali na n\u00e1dra\u017e\u00ed na vlak, hr\u00e1li jsme dost z\u00e1bavn\u00fd hry a j\u00e1 se u toho fakt nasm\u00e1la. Po tomhle v\u00fdlet\u011b mi do\u0161lo, \u017ee Ramus jen tak neopustim.<br><\/p>\n\n\n\n<p><strong>Nejhor\u0161\u00ed z\u00e1\u017eitek s Ramusem?<\/strong><br>Vylo\u017een\u011b \u0161patnej z\u00e1\u017eitek s Ramusem asi nem\u00e1m, ale kdy\u017e mi hodil J\u00e1chym boty do rybn\u00edka, moc p\u0159\u00edjemn\u00fd to nebylo.<br><\/p>\n","protected":false},"excerpt":{"rendered":"<p>Kontakt:humr@ramus.je Co d\u011bl\u00e1m v Ramusu:Organizuju Humry aka jednodenn\u00ed nebo odpoledn\u00ed akce. Pro\u010d to d\u011bl\u00e1m:Proto\u017ee Ramus je super a r\u00e1da zlep\u0161\u00edm a ozvl\u00e1\u0161tn\u00edm den klient\u016fm, asistent\u016fm i sob\u011b. Co ned\u011bl\u00e1m v Ramusu:V\u0161echno ostatn\u00ed \/ neorganizuju v\u00edkendovky a t\u00e1bory. Pro\u010d to ned\u011bl\u00e1m?Proto\u017ee vim, \u017ee na to tu jsou lep\u0161\u00ed. Nejlep\u0161\u00ed z\u00e1\u017eitek s Ramusem?Asi m\u016fj prvn\u00ed v\u00fdlet s &hellip; <a href=\"https:\/\/www.ramus.je\/nejlepsi\/kontakt\/agata-klimtova\/\" class=\"more-link\">Continue reading<span class=\"screen-reader-text\"> &#8222;Ag\u00e1ta Klimtov\u00e1 | HUMR&#8220;<\/span><\/a><\/p>\n","protected":false},"author":1,"featured_media":0,"parent":2010,"menu_order":0,"comment_status":"closed","ping_status":"closed","template":"","meta":{"ngg_post_thumbnail":0,"footnotes":""},"class_list":["post-2045","page","type-page","status-publish","hentry"],"_links":{"self":[{"href":"https:\/\/www.ramus.je\/nejlepsi\/wp-json\/wp\/v2\/pages\/2045","targetHints":{"allow":["GET"]}}],"collection":[{"href":"https:\/\/www.ramus.je\/nejlepsi\/wp-json\/wp\/v2\/pages"}],"about":[{"href":"https:\/\/www.ramus.je\/nejlepsi\/wp-json\/wp\/v2\/types\/page"}],"author":[{"embeddable":true,"href":"https:\/\/www.ramus.je\/nejlepsi\/wp-json\/wp\/v2\/users\/1"}],"replies":[{"embeddable":true,"href":"https:\/\/www.ramus.je\/nejlepsi\/wp-json\/wp\/v2\/comments?post=2045"}],"version-history":[{"count":7,"href":"https:\/\/www.ramus.je\/nejlepsi\/wp-json\/wp\/v2\/pages\/2045\/revisions"}],"predecessor-version":[{"id":26518,"href":"https:\/\/www.ramus.je\/nejlepsi\/wp-json\/wp\/v2\/pages\/2045\/revisions\/26518"}],"up":[{"embeddable":true,"href":"https:\/\/www.ramus.je\/nejlepsi\/wp-json\/wp\/v2\/pages\/2010"}],"wp:attachment":[{"href":"https:\/\/www.ramus.je\/nejlepsi\/wp-json\/wp\/v2\/media?parent=2045"}],"curies":[{"name":"wp","href":"https:\/\/api.w.org\/{rel}","templated":true}]}}