{"id":2039,"date":"2022-05-14T21:34:33","date_gmt":"2022-05-14T20:34:33","guid":{"rendered":"https:\/\/www.ramus.je\/web\/?page_id=2039"},"modified":"2025-11-12T16:32:50","modified_gmt":"2025-11-12T15:32:50","slug":"kristyna-dobrianska-drsne-akce","status":"publish","type":"page","link":"https:\/\/www.ramus.je\/nejlepsi\/kontakt\/kristyna-dobrianska-drsne-akce\/","title":{"rendered":"Krist\u00fdna Dobriansk\u00e1 | event managerka"},"content":{"rendered":"<div class=\"wp-block-image\">\n<figure class=\"alignright size-full is-resized\"><img decoding=\"async\" src=\"https:\/\/www.ramus.je\/nejlepsi\/wp-content\/uploads\/2025\/01\/kita-kopie-5.png\" alt=\"\" class=\"wp-image-22778\" style=\"width:275px;height:275px\"\/><\/figure>\n<\/div>\n\n\n<p><strong>Kontakt:<\/strong><br><a href=\"mailto: kristyna.dobrianska@ramus.je\" data-type=\"mailto\" data-id=\"mailto:matej.hudicak@ramus.je\">kristyna.dobrianska@ramus.je<\/a><br><\/p>\n\n\n\n<p><strong>Co d\u011bl\u00e1m v Ramusu? <\/strong><br>Jezdim na legendovej t\u00e1bor a v\u00edkendovky, v\u011bt\u0161inou asistovat, ob\u010das va\u0159it. V&nbsp;Praze pak po\u0159\u00e1d\u00e1m ramus\u00ed ve\u010d\u00edrky.<\/p>\n\n\n\n<p><strong>Pro\u010d to d\u011bl\u00e1m?<\/strong><br>Proto\u017ee m\u011b to ba.<\/p>\n\n\n\n<p><strong>Co ned\u011bl\u00e1m? <\/strong><br>Ne\u0159\u00edd\u00edm ramus\u00ed dod\u00e1vku.<\/p>\n\n\n\n<p><strong>Pro\u010d to ned\u011bl\u00e1m? <\/strong><br>Proto\u017ee moc neumim \u0159\u00eddit.<\/p>\n\n\n\n<p><strong>Nejlep\u0161\u00ed z\u00e1\u017eitek s Ramusem?<\/strong><br>Moje prvn\u00ed t\u00e1borov\u00e1 z\u00e1v\u011bre\u010dka s&nbsp;L\u016fcou.<\/p>\n\n\n\n<p><strong>Nejhor\u0161\u00ed z\u00e1\u017eitek?<\/strong><br>Kdy\u017e n\u00e1s Vojta na t\u00e1bo\u0159e donutil j\u00edt na velk\u00fd putov\u00e1n\u00ed, i kdy\u017e jsme mu t\u0159i dny p\u0159edem \u0159\u00edkalx, \u017ee m\u00e1 zrovna bejt nejv\u011bt\u0161\u00ed bou\u0159ka. Byla. A samoz\u0159ejm\u011b se to stejn\u011b n\u011bjak zvl\u00e1dlo.<\/p>\n","protected":false},"excerpt":{"rendered":"<p>Kontakt:kristyna.dobrianska@ramus.je Co d\u011bl\u00e1m v Ramusu? Jezdim na legendovej t\u00e1bor a v\u00edkendovky, v\u011bt\u0161inou asistovat, ob\u010das va\u0159it. V&nbsp;Praze pak po\u0159\u00e1d\u00e1m ramus\u00ed ve\u010d\u00edrky. Pro\u010d to d\u011bl\u00e1m?Proto\u017ee m\u011b to ba. Co ned\u011bl\u00e1m? Ne\u0159\u00edd\u00edm ramus\u00ed dod\u00e1vku. Pro\u010d to ned\u011bl\u00e1m? Proto\u017ee moc neumim \u0159\u00eddit. Nejlep\u0161\u00ed z\u00e1\u017eitek s Ramusem?Moje prvn\u00ed t\u00e1borov\u00e1 z\u00e1v\u011bre\u010dka s&nbsp;L\u016fcou. Nejhor\u0161\u00ed z\u00e1\u017eitek?Kdy\u017e n\u00e1s Vojta na t\u00e1bo\u0159e donutil j\u00edt na &hellip; <a href=\"https:\/\/www.ramus.je\/nejlepsi\/kontakt\/kristyna-dobrianska-drsne-akce\/\" class=\"more-link\">Continue reading<span class=\"screen-reader-text\"> &#8222;Krist\u00fdna Dobriansk\u00e1 | event managerka&#8220;<\/span><\/a><\/p>\n","protected":false},"author":1,"featured_media":0,"parent":2010,"menu_order":0,"comment_status":"closed","ping_status":"closed","template":"","meta":{"ngg_post_thumbnail":0,"footnotes":""},"class_list":["post-2039","page","type-page","status-publish","hentry"],"_links":{"self":[{"href":"https:\/\/www.ramus.je\/nejlepsi\/wp-json\/wp\/v2\/pages\/2039","targetHints":{"allow":["GET"]}}],"collection":[{"href":"https:\/\/www.ramus.je\/nejlepsi\/wp-json\/wp\/v2\/pages"}],"about":[{"href":"https:\/\/www.ramus.je\/nejlepsi\/wp-json\/wp\/v2\/types\/page"}],"author":[{"embeddable":true,"href":"https:\/\/www.ramus.je\/nejlepsi\/wp-json\/wp\/v2\/users\/1"}],"replies":[{"embeddable":true,"href":"https:\/\/www.ramus.je\/nejlepsi\/wp-json\/wp\/v2\/comments?post=2039"}],"version-history":[{"count":11,"href":"https:\/\/www.ramus.je\/nejlepsi\/wp-json\/wp\/v2\/pages\/2039\/revisions"}],"predecessor-version":[{"id":26516,"href":"https:\/\/www.ramus.je\/nejlepsi\/wp-json\/wp\/v2\/pages\/2039\/revisions\/26516"}],"up":[{"embeddable":true,"href":"https:\/\/www.ramus.je\/nejlepsi\/wp-json\/wp\/v2\/pages\/2010"}],"wp:attachment":[{"href":"https:\/\/www.ramus.je\/nejlepsi\/wp-json\/wp\/v2\/media?parent=2039"}],"curies":[{"name":"wp","href":"https:\/\/api.w.org\/{rel}","templated":true}]}}