{"id":2033,"date":"2022-05-14T21:33:13","date_gmt":"2022-05-14T20:33:13","guid":{"rendered":"https:\/\/www.ramus.je\/web\/?page_id=2033"},"modified":"2025-11-12T16:32:38","modified_gmt":"2025-11-12T15:32:38","slug":"jantra-simova","status":"publish","type":"page","link":"https:\/\/www.ramus.je\/nejlepsi\/kontakt\/jantra-simova\/","title":{"rendered":"Jantra \u0160\u00edmov\u00e1 | PRopaganda"},"content":{"rendered":"<div class=\"wp-block-image\">\n<figure class=\"alignright size-large is-resized\"><img loading=\"lazy\" decoding=\"async\" width=\"1024\" height=\"1024\" src=\"https:\/\/www.ramus.je\/nejlepsi\/wp-content\/uploads\/2024\/09\/jantra-1-1024x1024.png\" alt=\"\" class=\"wp-image-21784\" style=\"width:243px;height:auto\" srcset=\"https:\/\/www.ramus.je\/nejlepsi\/wp-content\/uploads\/2024\/09\/jantra-1-1024x1024.png 1024w, https:\/\/www.ramus.je\/nejlepsi\/wp-content\/uploads\/2024\/09\/jantra-1-300x300.png 300w, https:\/\/www.ramus.je\/nejlepsi\/wp-content\/uploads\/2024\/09\/jantra-1-150x150.png 150w, https:\/\/www.ramus.je\/nejlepsi\/wp-content\/uploads\/2024\/09\/jantra-1-768x768.png 768w, https:\/\/www.ramus.je\/nejlepsi\/wp-content\/uploads\/2024\/09\/jantra-1-600x600.png 600w, https:\/\/www.ramus.je\/nejlepsi\/wp-content\/uploads\/2024\/09\/jantra-1.png 1182w\" sizes=\"auto, (min-width: 960px) 75vw, 100vw\" \/><\/figure>\n<\/div>\n\n\n<div class=\"wp-block-columns is-layout-flex wp-container-core-columns-is-layout-9d6595d7 wp-block-columns-is-layout-flex\">\n<div class=\"wp-block-column is-layout-flow wp-block-column-is-layout-flow\" style=\"flex-basis:100%\">\n<div class=\"wp-block-columns is-layout-flex wp-container-core-columns-is-layout-9d6595d7 wp-block-columns-is-layout-flex\">\n<div class=\"wp-block-column is-layout-flow wp-block-column-is-layout-flow\" style=\"flex-basis:100%\">\n<div class=\"wp-block-group\"><div class=\"wp-block-group__inner-container is-layout-constrained wp-block-group-is-layout-constrained\">\n<p><strong>Kontakt:<\/strong><br><a href=\"mailto:jantra.simova@ramus.je\">jantra.simova@ramus.je<\/a><br><\/p>\n\n\n\n<p><strong>Co d\u011bl\u00e1m v Ramusu:<br><\/strong>Jezd\u00edm asistovat, kresl\u00edm plak\u00e1tky a star\u00e1m se o ramus\u00ed web a s\u00edt\u011b.<\/p>\n\n\n\n<p><strong>Pro\u010d to d\u011bl\u00e1m:<\/strong><strong><br><\/strong>Abyste v\u0161ichni v\u011bd\u011bli co se v Ramusu d\u011bje, mohli brouzdat webovou galeri\u00ed a nostalgicky vzpom\u00ednat.<\/p>\n\n\n\n<p><strong>Co ned\u011bl\u00e1m v Ramusu:<\/strong><strong><br><\/strong>Nic moc velk\u00e9ho neorganizuju.<\/p>\n\n\n\n<p><strong>Pro\u010d to ned\u011bl\u00e1m?<\/strong><strong><br><\/strong>D\u011bl\u00e1m rad\u0161i jin\u00fd v\u011bci.<\/p>\n\n\n\n<p><strong>Nejlep\u0161\u00ed z\u00e1\u017eitek s Ramusem?<\/strong><strong><br><\/strong>V\u0161echny chv\u00edle kdy se zp\u00edv\u00e1 u oh\u00fdnku a tancuje. A taky hobbyhorsing na v\u00edkendovce v \u010c\u00e1slavi.<\/p>\n\n\n\n<p><strong>Nejhor\u0161\u00ed z\u00e1\u017eitek s Ramusem?<\/strong><strong><br><\/strong>T\u0159eba kdy\u017e si n\u011bkdo p\u00edchl n\u011bco do nohy.<\/p>\n<\/div><\/div>\n<\/div>\n<\/div>\n<\/div>\n<\/div>\n","protected":false},"excerpt":{"rendered":"<p>Kontakt:jantra.simova@ramus.je Co d\u011bl\u00e1m v Ramusu:Jezd\u00edm asistovat, kresl\u00edm plak\u00e1tky a star\u00e1m se o ramus\u00ed web a s\u00edt\u011b. Pro\u010d to d\u011bl\u00e1m:Abyste v\u0161ichni v\u011bd\u011bli co se v Ramusu d\u011bje, mohli brouzdat webovou galeri\u00ed a nostalgicky vzpom\u00ednat. Co ned\u011bl\u00e1m v Ramusu:Nic moc velk\u00e9ho neorganizuju. Pro\u010d to ned\u011bl\u00e1m?D\u011bl\u00e1m rad\u0161i jin\u00fd v\u011bci. Nejlep\u0161\u00ed z\u00e1\u017eitek s Ramusem?V\u0161echny chv\u00edle kdy se zp\u00edv\u00e1 u &hellip; <a href=\"https:\/\/www.ramus.je\/nejlepsi\/kontakt\/jantra-simova\/\" class=\"more-link\">Continue reading<span class=\"screen-reader-text\"> &#8222;Jantra \u0160\u00edmov\u00e1 | PRopaganda&#8220;<\/span><\/a><\/p>\n","protected":false},"author":1,"featured_media":0,"parent":2010,"menu_order":0,"comment_status":"closed","ping_status":"closed","template":"","meta":{"ngg_post_thumbnail":0,"footnotes":""},"class_list":["post-2033","page","type-page","status-publish","hentry"],"_links":{"self":[{"href":"https:\/\/www.ramus.je\/nejlepsi\/wp-json\/wp\/v2\/pages\/2033","targetHints":{"allow":["GET"]}}],"collection":[{"href":"https:\/\/www.ramus.je\/nejlepsi\/wp-json\/wp\/v2\/pages"}],"about":[{"href":"https:\/\/www.ramus.je\/nejlepsi\/wp-json\/wp\/v2\/types\/page"}],"author":[{"embeddable":true,"href":"https:\/\/www.ramus.je\/nejlepsi\/wp-json\/wp\/v2\/users\/1"}],"replies":[{"embeddable":true,"href":"https:\/\/www.ramus.je\/nejlepsi\/wp-json\/wp\/v2\/comments?post=2033"}],"version-history":[{"count":16,"href":"https:\/\/www.ramus.je\/nejlepsi\/wp-json\/wp\/v2\/pages\/2033\/revisions"}],"predecessor-version":[{"id":26515,"href":"https:\/\/www.ramus.je\/nejlepsi\/wp-json\/wp\/v2\/pages\/2033\/revisions\/26515"}],"up":[{"embeddable":true,"href":"https:\/\/www.ramus.je\/nejlepsi\/wp-json\/wp\/v2\/pages\/2010"}],"wp:attachment":[{"href":"https:\/\/www.ramus.je\/nejlepsi\/wp-json\/wp\/v2\/media?parent=2033"}],"curies":[{"name":"wp","href":"https:\/\/api.w.org\/{rel}","templated":true}]}}