{"id":2002,"date":"2022-05-14T20:41:13","date_gmt":"2022-05-14T19:41:13","guid":{"rendered":"https:\/\/www.ramus.je\/web\/?page_id=2002"},"modified":"2023-11-06T23:32:35","modified_gmt":"2023-11-06T22:32:35","slug":"logo-2","status":"publish","type":"page","link":"https:\/\/www.ramus.je\/nejlepsi\/pruhledny\/logo-2\/","title":{"rendered":"Logo"},"content":{"rendered":"\n<p>Autorem na\u0161eho loga je&nbsp;<strong>Hynek Reich \u0160t\u011btka<\/strong>. N\u00ed\u017ee si m\u016f\u017eete st\u00e1hnout r\u016fzn\u00e9 varianty loga pro pou\u017eit\u00ed na webu i v tiskov\u00e9 kvalit\u011b.<strong><\/strong><\/p>\n\n\n\n<p><strong>.AI<\/strong><br><strong><br><\/strong><a href=\"https:\/\/www.ramus.je\/dok\/logo\/ramus_logo_komplet.ai\">ramus_logo_komplet<\/a><br><\/p>\n\n\n\n<p><strong>.PDF<\/strong><br><strong><br><\/strong><a href=\"https:\/\/www.ramus.je\/dok\/logo\/ramus_logo_komplet.pdf\">ramus_logo_komplet<\/a><br><a href=\"https:\/\/www.ramus.je\/nejlepsi\/ramus.je\/img\/pruhledny\/ramuslogo1.jpg\"><\/a><\/p>\n\n\n\n<p><strong>.JPG<\/strong><\/p>\n\n\n\n<div class=\"wp-block-columns is-layout-flex wp-container-core-columns-is-layout-9d6595d7 wp-block-columns-is-layout-flex\">\n<div class=\"wp-block-column is-layout-flow wp-block-column-is-layout-flow\">\n<figure class=\"wp-block-image size-large\"><img loading=\"lazy\" decoding=\"async\" width=\"1024\" height=\"1024\" src=\"https:\/\/www.ramus.je\/nejlepsi\/wp-content\/uploads\/2022\/06\/ramus_logo_Artboard-2-1024x1024.jpg\" alt=\"\" class=\"wp-image-17521\" srcset=\"https:\/\/www.ramus.je\/nejlepsi\/wp-content\/uploads\/2022\/06\/ramus_logo_Artboard-2-1024x1024.jpg 1024w, https:\/\/www.ramus.je\/nejlepsi\/wp-content\/uploads\/2022\/06\/ramus_logo_Artboard-2-300x300.jpg 300w, https:\/\/www.ramus.je\/nejlepsi\/wp-content\/uploads\/2022\/06\/ramus_logo_Artboard-2-150x150.jpg 150w, https:\/\/www.ramus.je\/nejlepsi\/wp-content\/uploads\/2022\/06\/ramus_logo_Artboard-2-768x768.jpg 768w, https:\/\/www.ramus.je\/nejlepsi\/wp-content\/uploads\/2022\/06\/ramus_logo_Artboard-2-600x600.jpg 600w, https:\/\/www.ramus.je\/nejlepsi\/wp-content\/uploads\/2022\/06\/ramus_logo_Artboard-2.jpg 1181w\" sizes=\"auto, (min-width: 960px) 75vw, 100vw\" \/><\/figure>\n<\/div>\n\n\n\n<div class=\"wp-block-column is-layout-flow wp-block-column-is-layout-flow\">\n<figure class=\"wp-block-image size-large\"><img loading=\"lazy\" decoding=\"async\" width=\"1024\" height=\"1024\" src=\"https:\/\/www.ramus.je\/nejlepsi\/wp-content\/uploads\/2022\/06\/ramus_logo_Artboard-3-1024x1024.jpg\" alt=\"\" class=\"wp-image-17522\" srcset=\"https:\/\/www.ramus.je\/nejlepsi\/wp-content\/uploads\/2022\/06\/ramus_logo_Artboard-3-1024x1024.jpg 1024w, https:\/\/www.ramus.je\/nejlepsi\/wp-content\/uploads\/2022\/06\/ramus_logo_Artboard-3-300x300.jpg 300w, https:\/\/www.ramus.je\/nejlepsi\/wp-content\/uploads\/2022\/06\/ramus_logo_Artboard-3-150x150.jpg 150w, https:\/\/www.ramus.je\/nejlepsi\/wp-content\/uploads\/2022\/06\/ramus_logo_Artboard-3-768x768.jpg 768w, https:\/\/www.ramus.je\/nejlepsi\/wp-content\/uploads\/2022\/06\/ramus_logo_Artboard-3-600x600.jpg 600w, https:\/\/www.ramus.je\/nejlepsi\/wp-content\/uploads\/2022\/06\/ramus_logo_Artboard-3.jpg 1181w\" sizes=\"auto, (min-width: 960px) 75vw, 100vw\" \/><\/figure>\n<\/div>\n\n\n\n<div class=\"wp-block-column is-layout-flow wp-block-column-is-layout-flow\">\n<figure class=\"wp-block-image size-large\"><img loading=\"lazy\" decoding=\"async\" width=\"1024\" height=\"1024\" src=\"https:\/\/www.ramus.je\/nejlepsi\/wp-content\/uploads\/2022\/06\/ramus_logo_Artboard-4-1-1024x1024.jpg\" alt=\"\" class=\"wp-image-17523\" srcset=\"https:\/\/www.ramus.je\/nejlepsi\/wp-content\/uploads\/2022\/06\/ramus_logo_Artboard-4-1-1024x1024.jpg 1024w, https:\/\/www.ramus.je\/nejlepsi\/wp-content\/uploads\/2022\/06\/ramus_logo_Artboard-4-1-300x300.jpg 300w, https:\/\/www.ramus.je\/nejlepsi\/wp-content\/uploads\/2022\/06\/ramus_logo_Artboard-4-1-150x150.jpg 150w, https:\/\/www.ramus.je\/nejlepsi\/wp-content\/uploads\/2022\/06\/ramus_logo_Artboard-4-1-768x768.jpg 768w, https:\/\/www.ramus.je\/nejlepsi\/wp-content\/uploads\/2022\/06\/ramus_logo_Artboard-4-1-600x600.jpg 600w, https:\/\/www.ramus.je\/nejlepsi\/wp-content\/uploads\/2022\/06\/ramus_logo_Artboard-4-1.jpg 1181w\" sizes=\"auto, (min-width: 960px) 75vw, 100vw\" \/><\/figure>\n<\/div>\n\n\n\n<div class=\"wp-block-column is-layout-flow wp-block-column-is-layout-flow\">\n<figure class=\"wp-block-image size-large\"><img loading=\"lazy\" decoding=\"async\" width=\"1024\" height=\"1024\" src=\"https:\/\/www.ramus.je\/nejlepsi\/wp-content\/uploads\/2022\/06\/ramus_logo-01-1024x1024.jpg\" alt=\"\" class=\"wp-image-17527\" srcset=\"https:\/\/www.ramus.je\/nejlepsi\/wp-content\/uploads\/2022\/06\/ramus_logo-01-1024x1024.jpg 1024w, https:\/\/www.ramus.je\/nejlepsi\/wp-content\/uploads\/2022\/06\/ramus_logo-01-300x300.jpg 300w, https:\/\/www.ramus.je\/nejlepsi\/wp-content\/uploads\/2022\/06\/ramus_logo-01-150x150.jpg 150w, https:\/\/www.ramus.je\/nejlepsi\/wp-content\/uploads\/2022\/06\/ramus_logo-01-768x768.jpg 768w, https:\/\/www.ramus.je\/nejlepsi\/wp-content\/uploads\/2022\/06\/ramus_logo-01-600x600.jpg 600w, https:\/\/www.ramus.je\/nejlepsi\/wp-content\/uploads\/2022\/06\/ramus_logo-01.jpg 1181w\" sizes=\"auto, (min-width: 960px) 75vw, 100vw\" \/><\/figure>\n<\/div>\n<\/div>\n\n\n\n<div class=\"wp-block-columns is-layout-flex wp-container-core-columns-is-layout-9d6595d7 wp-block-columns-is-layout-flex\">\n<div class=\"wp-block-column is-layout-flow wp-block-column-is-layout-flow\">\n<figure class=\"wp-block-image size-large\"><img loading=\"lazy\" decoding=\"async\" width=\"1024\" height=\"1024\" src=\"https:\/\/www.ramus.je\/nejlepsi\/wp-content\/uploads\/2022\/06\/ramus_logo_Artboard-6-1024x1024.jpg\" alt=\"\" class=\"wp-image-17525\" srcset=\"https:\/\/www.ramus.je\/nejlepsi\/wp-content\/uploads\/2022\/06\/ramus_logo_Artboard-6-1024x1024.jpg 1024w, https:\/\/www.ramus.je\/nejlepsi\/wp-content\/uploads\/2022\/06\/ramus_logo_Artboard-6-300x300.jpg 300w, https:\/\/www.ramus.je\/nejlepsi\/wp-content\/uploads\/2022\/06\/ramus_logo_Artboard-6-150x150.jpg 150w, https:\/\/www.ramus.je\/nejlepsi\/wp-content\/uploads\/2022\/06\/ramus_logo_Artboard-6-768x768.jpg 768w, https:\/\/www.ramus.je\/nejlepsi\/wp-content\/uploads\/2022\/06\/ramus_logo_Artboard-6-600x600.jpg 600w, https:\/\/www.ramus.je\/nejlepsi\/wp-content\/uploads\/2022\/06\/ramus_logo_Artboard-6.jpg 1181w\" sizes=\"auto, (min-width: 960px) 75vw, 100vw\" \/><\/figure>\n<\/div>\n\n\n\n<div class=\"wp-block-column is-layout-flow wp-block-column-is-layout-flow\">\n<figure class=\"wp-block-image size-large\"><img loading=\"lazy\" decoding=\"async\" width=\"1024\" height=\"1024\" src=\"https:\/\/www.ramus.je\/nejlepsi\/wp-content\/uploads\/2022\/06\/ramus_logo_Artboard-7-1-1024x1024.jpg\" alt=\"\" class=\"wp-image-17526\" srcset=\"https:\/\/www.ramus.je\/nejlepsi\/wp-content\/uploads\/2022\/06\/ramus_logo_Artboard-7-1-1024x1024.jpg 1024w, https:\/\/www.ramus.je\/nejlepsi\/wp-content\/uploads\/2022\/06\/ramus_logo_Artboard-7-1-300x300.jpg 300w, https:\/\/www.ramus.je\/nejlepsi\/wp-content\/uploads\/2022\/06\/ramus_logo_Artboard-7-1-150x150.jpg 150w, https:\/\/www.ramus.je\/nejlepsi\/wp-content\/uploads\/2022\/06\/ramus_logo_Artboard-7-1-768x768.jpg 768w, https:\/\/www.ramus.je\/nejlepsi\/wp-content\/uploads\/2022\/06\/ramus_logo_Artboard-7-1-600x600.jpg 600w, https:\/\/www.ramus.je\/nejlepsi\/wp-content\/uploads\/2022\/06\/ramus_logo_Artboard-7-1.jpg 1181w\" sizes=\"auto, (min-width: 960px) 75vw, 100vw\" \/><\/figure>\n<\/div>\n\n\n\n<div class=\"wp-block-column is-layout-flow wp-block-column-is-layout-flow\">\n<figure class=\"wp-block-image size-large\"><img loading=\"lazy\" decoding=\"async\" width=\"1024\" height=\"1024\" src=\"https:\/\/www.ramus.je\/nejlepsi\/wp-content\/uploads\/2022\/06\/ramus_logo_Artboard-8-1024x1024.jpg\" alt=\"\" class=\"wp-image-17528\" srcset=\"https:\/\/www.ramus.je\/nejlepsi\/wp-content\/uploads\/2022\/06\/ramus_logo_Artboard-8-1024x1024.jpg 1024w, https:\/\/www.ramus.je\/nejlepsi\/wp-content\/uploads\/2022\/06\/ramus_logo_Artboard-8-300x300.jpg 300w, https:\/\/www.ramus.je\/nejlepsi\/wp-content\/uploads\/2022\/06\/ramus_logo_Artboard-8-150x150.jpg 150w, https:\/\/www.ramus.je\/nejlepsi\/wp-content\/uploads\/2022\/06\/ramus_logo_Artboard-8-768x768.jpg 768w, https:\/\/www.ramus.je\/nejlepsi\/wp-content\/uploads\/2022\/06\/ramus_logo_Artboard-8-600x600.jpg 600w, https:\/\/www.ramus.je\/nejlepsi\/wp-content\/uploads\/2022\/06\/ramus_logo_Artboard-8.jpg 1181w\" sizes=\"auto, (min-width: 960px) 75vw, 100vw\" \/><\/figure>\n<\/div>\n\n\n\n<div class=\"wp-block-column is-layout-flow wp-block-column-is-layout-flow\">\n<figure class=\"wp-block-image size-large\"><img loading=\"lazy\" decoding=\"async\" width=\"1024\" height=\"1024\" src=\"https:\/\/www.ramus.je\/nejlepsi\/wp-content\/uploads\/2022\/06\/ramus_logo_Artboard-5-1-1024x1024.jpg\" alt=\"\" class=\"wp-image-17529\" srcset=\"https:\/\/www.ramus.je\/nejlepsi\/wp-content\/uploads\/2022\/06\/ramus_logo_Artboard-5-1-1024x1024.jpg 1024w, https:\/\/www.ramus.je\/nejlepsi\/wp-content\/uploads\/2022\/06\/ramus_logo_Artboard-5-1-300x300.jpg 300w, https:\/\/www.ramus.je\/nejlepsi\/wp-content\/uploads\/2022\/06\/ramus_logo_Artboard-5-1-150x150.jpg 150w, https:\/\/www.ramus.je\/nejlepsi\/wp-content\/uploads\/2022\/06\/ramus_logo_Artboard-5-1-768x768.jpg 768w, https:\/\/www.ramus.je\/nejlepsi\/wp-content\/uploads\/2022\/06\/ramus_logo_Artboard-5-1-600x600.jpg 600w, https:\/\/www.ramus.je\/nejlepsi\/wp-content\/uploads\/2022\/06\/ramus_logo_Artboard-5-1.jpg 1181w\" sizes=\"auto, (min-width: 960px) 75vw, 100vw\" \/><\/figure>\n<\/div>\n<\/div>\n\n\n\n<p><\/p>\n\n\n\n<p class=\"has-text-align-left\"><strong>Na\u0161e barvy<\/strong><br>#ef4771 r\u016f\u017eov\u00e1<br>#1e4d85 modr\u00e1<\/p>\n","protected":false},"excerpt":{"rendered":"<p>Autorem na\u0161eho loga je&nbsp;Hynek Reich \u0160t\u011btka. N\u00ed\u017ee si m\u016f\u017eete st\u00e1hnout r\u016fzn\u00e9 varianty loga pro pou\u017eit\u00ed na webu i v tiskov\u00e9 kvalit\u011b. .AIramus_logo_komplet .PDFramus_logo_komplet .JPG Na\u0161e barvy#ef4771 r\u016f\u017eov\u00e1#1e4d85 modr\u00e1<\/p>\n","protected":false},"author":1,"featured_media":0,"parent":1944,"menu_order":0,"comment_status":"closed","ping_status":"closed","template":"","meta":{"ngg_post_thumbnail":0,"footnotes":""},"class_list":["post-2002","page","type-page","status-publish","hentry"],"_links":{"self":[{"href":"https:\/\/www.ramus.je\/nejlepsi\/wp-json\/wp\/v2\/pages\/2002","targetHints":{"allow":["GET"]}}],"collection":[{"href":"https:\/\/www.ramus.je\/nejlepsi\/wp-json\/wp\/v2\/pages"}],"about":[{"href":"https:\/\/www.ramus.je\/nejlepsi\/wp-json\/wp\/v2\/types\/page"}],"author":[{"embeddable":true,"href":"https:\/\/www.ramus.je\/nejlepsi\/wp-json\/wp\/v2\/users\/1"}],"replies":[{"embeddable":true,"href":"https:\/\/www.ramus.je\/nejlepsi\/wp-json\/wp\/v2\/comments?post=2002"}],"version-history":[{"count":15,"href":"https:\/\/www.ramus.je\/nejlepsi\/wp-json\/wp\/v2\/pages\/2002\/revisions"}],"predecessor-version":[{"id":20823,"href":"https:\/\/www.ramus.je\/nejlepsi\/wp-json\/wp\/v2\/pages\/2002\/revisions\/20823"}],"up":[{"embeddable":true,"href":"https:\/\/www.ramus.je\/nejlepsi\/wp-json\/wp\/v2\/pages\/1944"}],"wp:attachment":[{"href":"https:\/\/www.ramus.je\/nejlepsi\/wp-json\/wp\/v2\/media?parent=2002"}],"curies":[{"name":"wp","href":"https:\/\/api.w.org\/{rel}","templated":true}]}}