{"id":1999,"date":"2022-05-14T20:38:25","date_gmt":"2022-05-14T19:38:25","guid":{"rendered":"https:\/\/www.ramus.je\/web\/?page_id=1999"},"modified":"2024-06-12T12:42:26","modified_gmt":"2024-06-12T11:42:26","slug":"kontrolni-komise","status":"publish","type":"page","link":"https:\/\/www.ramus.je\/nejlepsi\/pruhledny\/kontrolni-komise\/","title":{"rendered":"Kontroln\u00ed komise"},"content":{"rendered":"\n<p><strong>Kontroln\u00ed komise je org\u00e1nem vykon\u00e1vaj\u00edc\u00edm kontroln\u00ed \u010dinnost uvnit\u0159 spolku.<\/strong><\/p>\n\n\n\n<p>Kontroln\u00ed komise je opr\u00e1vn\u011bna nahl\u00ed\u017eet do ve\u0161ker\u00fdch dokument\u016f spolku a po\u017eadovat spolupr\u00e1ci a vysv\u011btlen\u00ed k jednotliv\u00fdm z\u00e1le\u017eitostem od \u010dlen\u016f a zam\u011bstnanc\u016f spolku. Kontroluje \u00fa\u010detn\u00ed z\u00e1v\u011brku.<\/p>\n\n\n\n<p>Komise zased\u00e1 od roku 2015, sch\u00e1z\u00ed se zpravidla dvakr\u00e1t ro\u010dn\u011b, moment\u00e1ln\u011b ve slo\u017een\u00ed:<\/p>\n\n\n\n<p><em><strong>Marie Pale\u010dkov\u00e1<\/strong><\/em><\/p>\n\n\n\n<p><em><strong>Lucie Shomaliov\u00e1<\/strong><\/em><\/p>\n\n\n\n<p><strong><em>Karel Hrbek<\/em><\/strong><\/p>\n\n\n\n<p><strong><em>Petra Jahelkov\u00e1<\/em><\/strong><\/p>\n\n\n\n<p>O lidech z kontroln\u00ed komise a jejich motivac\u00edch si m\u016f\u017eete p\u0159e\u010d\u00edst v\u00edce n\u00ed\u017ee.<\/p>\n\n\n\n<hr class=\"wp-block-separator has-css-opacity\"\/>\n\n\n\n<h2 class=\"wp-block-heading\">Kdo a pro\u010d<\/h2>\n\n\n\n<p><strong>Marie Pale\u010dkov\u00e1, \u010dalounice, d\u0159\u00edve koordin\u00e1torka dobrovolnick\u00e9ho programu v Asistenci o.p.s.<br><\/strong>Ramus je moj\u00ed srdcovou z\u00e1le\u017eitost\u00ed, kdy se z kon\u00ed\u010dku stala&nbsp;neodd\u011bliteln\u00e1 sou\u010d\u00e1st m\u00fdho \u017eivota. St\u00e1la jsem u jeho zrodu a n\u011bkolik let jsem se v\u011bnovala p\u00e9\u010di a koordinaci dobrovoln\u00edk\u016f. Chv\u00edli jsem pak tak\u00e9&nbsp;m\u00edstop\u0159edsedala&nbsp;Honzovi Rudolfovi. Po odchodu z provozn\u00ed skupiny jsem nad\u00e1le \u0159adovou asistentkou a nab\u00eddka b\u00fdt tak\u00e9 \u010dlenkou kontroln\u00ed komise je pro m\u011b velkou ct\u00ed a p\u0159\u00edle\u017eitost\u00ed, jak b\u00fdt s intern\u00edm d\u011bn\u00edm v Ramusu&nbsp;st\u00e1le alespo\u0148 trochu v kontaktu.<\/p>\n\n\n\n<p><strong>Lucie Shomaliov\u00e1, IT project executive<\/strong><br>B\u011bhem magistra na V\u0160E jsem se specializovala na ekonomiku neziskov\u00e9ho sektoru a n\u00e1sledn\u011b si na\u0161la pr\u00e1ci u L\u00e9ka\u0159\u016f bez hranic v odd\u011blen\u00ed fundraisingu. Ramus jsem objevila d\u00edky Zuzce a moc r\u00e1da jsem p\u0159ijala jej\u00ed nab\u00eddku st\u00e1t se sou\u010d\u00e1st\u00ed kontroln\u00ed komise.<\/p>\n\n\n\n<p><strong>Karel Hrbek, finan\u010dn\u00ed \u0159editel Asistence o.p.s.<\/strong><br>Pracuji ji\u017e hodn\u011b let jako ekonom v Asistenci, o.p.s., co\u017e nazna\u010duje, odkud zn\u00e1m Ramus. Kdo pracuje v Asistenci, nem\u016f\u017ee neznat Ramus \ud83d\ude42 Spousta lid\u00ed z Ramusu pro\u0161la Asistenc\u00ed a obr\u00e1cen\u011b. Tak\u00e9 jsem se u\u017e p\u0159ed lety z\u00fa\u010dastnil n\u011bkolika m\u00e1lo Ramus\u00edch akc\u00ed.<br><strong><br>Petra Jahelkov\u00e1, SOX compliance specialist &amp; financial analyst<\/strong><br>Zna\u010dnou \u010d\u00e1st profesn\u00edho \u017eivota tr\u00e1v\u00edm nad \u010d\u00edsly a tabulkami, pot\u0159eba kompenzovat to dal\u0161\u00edmi aktivitami je tedy velik\u00e1. Deset let jsem byla dobrovoln\u00edkem v\u00a0programu P\u011bt P, kter\u00fd se od Ramusu li\u0161\u00ed snad jen c\u00edlovou skupinou klient\u016f, my\u0161lenka je velmi podobn\u00e1. Ramus sleduji z povzd\u00e1l\u00ed ji\u017e dlouho a pevn\u011b v\u011b\u0159\u00edm, \u017ee moje p\u016fsoben\u00ed v\u00a0kontroln\u00ed komisi bude pro ob\u011b strany p\u0159\u00ednosn\u00e9.<\/p>\n","protected":false},"excerpt":{"rendered":"<p>Kontroln\u00ed komise je org\u00e1nem vykon\u00e1vaj\u00edc\u00edm kontroln\u00ed \u010dinnost uvnit\u0159 spolku. Kontroln\u00ed komise je opr\u00e1vn\u011bna nahl\u00ed\u017eet do ve\u0161ker\u00fdch dokument\u016f spolku a po\u017eadovat spolupr\u00e1ci a vysv\u011btlen\u00ed k jednotliv\u00fdm z\u00e1le\u017eitostem od \u010dlen\u016f a zam\u011bstnanc\u016f spolku. Kontroluje \u00fa\u010detn\u00ed z\u00e1v\u011brku. Komise zased\u00e1 od roku 2015, sch\u00e1z\u00ed se zpravidla dvakr\u00e1t ro\u010dn\u011b, moment\u00e1ln\u011b ve slo\u017een\u00ed: Marie Pale\u010dkov\u00e1 Lucie Shomaliov\u00e1 Karel Hrbek Petra Jahelkov\u00e1 &hellip; <a href=\"https:\/\/www.ramus.je\/nejlepsi\/pruhledny\/kontrolni-komise\/\" class=\"more-link\">Continue reading<span class=\"screen-reader-text\"> &#8222;Kontroln\u00ed komise&#8220;<\/span><\/a><\/p>\n","protected":false},"author":1,"featured_media":0,"parent":1944,"menu_order":0,"comment_status":"closed","ping_status":"closed","template":"","meta":{"ngg_post_thumbnail":0,"footnotes":""},"class_list":["post-1999","page","type-page","status-publish","hentry"],"_links":{"self":[{"href":"https:\/\/www.ramus.je\/nejlepsi\/wp-json\/wp\/v2\/pages\/1999","targetHints":{"allow":["GET"]}}],"collection":[{"href":"https:\/\/www.ramus.je\/nejlepsi\/wp-json\/wp\/v2\/pages"}],"about":[{"href":"https:\/\/www.ramus.je\/nejlepsi\/wp-json\/wp\/v2\/types\/page"}],"author":[{"embeddable":true,"href":"https:\/\/www.ramus.je\/nejlepsi\/wp-json\/wp\/v2\/users\/1"}],"replies":[{"embeddable":true,"href":"https:\/\/www.ramus.je\/nejlepsi\/wp-json\/wp\/v2\/comments?post=1999"}],"version-history":[{"count":7,"href":"https:\/\/www.ramus.je\/nejlepsi\/wp-json\/wp\/v2\/pages\/1999\/revisions"}],"predecessor-version":[{"id":21685,"href":"https:\/\/www.ramus.je\/nejlepsi\/wp-json\/wp\/v2\/pages\/1999\/revisions\/21685"}],"up":[{"embeddable":true,"href":"https:\/\/www.ramus.je\/nejlepsi\/wp-json\/wp\/v2\/pages\/1944"}],"wp:attachment":[{"href":"https:\/\/www.ramus.je\/nejlepsi\/wp-json\/wp\/v2\/media?parent=1999"}],"curies":[{"name":"wp","href":"https:\/\/api.w.org\/{rel}","templated":true}]}}