{"id":1984,"date":"2022-05-14T20:31:03","date_gmt":"2022-05-14T19:31:03","guid":{"rendered":"https:\/\/www.ramus.je\/web\/?page_id=1984"},"modified":"2026-02-17T09:17:23","modified_gmt":"2026-02-17T08:17:23","slug":"vyrocni-zpravy","status":"publish","type":"page","link":"https:\/\/www.ramus.je\/nejlepsi\/pruhledny\/vyrocni-zpravy\/","title":{"rendered":"V\u00fdro\u010dn\u00ed zpr\u00e1vy"},"content":{"rendered":"\n<div class=\"wp-block-group is-layout-grid wp-container-core-group-is-layout-ec76de19 wp-block-group-is-layout-grid\"><div class=\"_df_thumb \" id=\"df_26898\"  _slug=\"vyrocka-2024\" data-title=\"vyrocka-2024\" wpoptions=\"true\" thumb=\"https:\/\/www.ramus.je\/nejlepsi\/wp-content\/uploads\/2026\/02\/Snimek-obrazovky-z-2026-02-17-09-15-39.png\" thumbtype=\"\" >V\u00fdro\u010dka 2024<\/div><script class=\"df-shortcode-script\" nowprocket type=\"application\/javascript\">window.option_df_26898 = {\"outline\":[],\"autoEnableOutline\":\"false\",\"autoEnableThumbnail\":\"false\",\"overwritePDFOutline\":\"false\",\"direction\":\"1\",\"pageSize\":\"0\",\"source\":\"https:\\\/\\\/www.ramus.je\\\/nejlepsi\\\/wp-content\\\/uploads\\\/2026\\\/02\\\/2024.pdf\",\"wpOptions\":\"true\"}; if(window.DFLIP && window.DFLIP.parseBooks){window.DFLIP.parseBooks();}<\/script>\n\n\n<div class=\"_df_thumb \" id=\"df_23003\"  _slug=\"vyrocka-2023\" data-title=\"vyrocka-2023\" wpoptions=\"true\" thumb=\"https:\/\/www.ramus.je\/nejlepsi\/wp-content\/uploads\/2025\/01\/Snimek-obrazovky-z-2025-01-22-09-55-15.png\" thumbtype=\"\" >V\u00fdro\u010dka 2023<\/div><script class=\"df-shortcode-script\" nowprocket type=\"application\/javascript\">window.option_df_23003 = {\"outline\":[],\"autoEnableOutline\":\"false\",\"autoEnableThumbnail\":\"false\",\"overwritePDFOutline\":\"false\",\"direction\":\"1\",\"pageSize\":\"0\",\"source\":\"https:\\\/\\\/www.ramus.je\\\/nejlepsi\\\/wp-content\\\/uploads\\\/2025\\\/01\\\/2023.pdf\",\"wpOptions\":\"true\"}; if(window.DFLIP && window.DFLIP.parseBooks){window.DFLIP.parseBooks();}<\/script>\n\n\n<div class=\"_df_thumb \" id=\"df_22749\"  _slug=\"vyrocka-2022\" data-title=\"vyrocka-2022\" wpoptions=\"true\" thumb=\"https:\/\/www.ramus.je\/nejlepsi\/wp-content\/uploads\/2024\/12\/Screenshot_20241229-154726.png\" thumbtype=\"\" >V\u00fdro\u010dka 2022<\/div><script class=\"df-shortcode-script\" nowprocket type=\"application\/javascript\">window.option_df_22749 = {\"outline\":[],\"autoEnableOutline\":\"false\",\"autoEnableThumbnail\":\"false\",\"overwritePDFOutline\":\"false\",\"direction\":\"1\",\"pageSize\":\"0\",\"source\":\"https:\\\/\\\/www.ramus.je\\\/nejlepsi\\\/wp-content\\\/uploads\\\/2024\\\/12\\\/2022.pdf\",\"wpOptions\":\"true\"}; if(window.DFLIP && window.DFLIP.parseBooks){window.DFLIP.parseBooks();}<\/script>\n\n\n<div class=\"_df_thumb \" id=\"df_22988\"  _slug=\"vyrocka-2021\" data-title=\"vyrocka-2021\" wpoptions=\"true\" thumb=\"https:\/\/www.ramus.je\/nejlepsi\/wp-content\/uploads\/2025\/01\/Snimek-obrazovky-z-2025-01-22-09-16-48.png\" thumbtype=\"\" >V\u00fdro\u010dka 2021<\/div><script class=\"df-shortcode-script\" nowprocket type=\"application\/javascript\">window.option_df_22988 = {\"outline\":[],\"autoEnableOutline\":\"false\",\"autoEnableThumbnail\":\"false\",\"overwritePDFOutline\":\"false\",\"direction\":\"1\",\"pageSize\":\"0\",\"source\":\"https:\\\/\\\/www.ramus.je\\\/nejlepsi\\\/wp-content\\\/uploads\\\/2025\\\/01\\\/2021.pdf\",\"wpOptions\":\"true\"}; if(window.DFLIP && window.DFLIP.parseBooks){window.DFLIP.parseBooks();}<\/script>\n\n\n<div class=\"_df_thumb \" id=\"df_21736\"  _slug=\"vyrocka-2020\" data-title=\"vyrocka-2020\" wpoptions=\"true\" thumb=\"https:\/\/www.ramus.je\/nejlepsi\/wp-content\/uploads\/2023\/01\/2020stranky-1536x1086.jpg\" thumbtype=\"\" >V\u00fdro\u010dka 2020<\/div><script class=\"df-shortcode-script\" nowprocket type=\"application\/javascript\">window.option_df_21736 = {\"outline\":[],\"autoEnableOutline\":\"false\",\"autoEnableThumbnail\":\"false\",\"overwritePDFOutline\":\"false\",\"direction\":\"1\",\"pageSize\":\"0\",\"source\":\"https:\\\/\\\/www.ramus.je\\\/nejlepsi\\\/wp-content\\\/uploads\\\/2024\\\/09\\\/2020.pdf\",\"wpOptions\":\"true\"}; if(window.DFLIP && window.DFLIP.parseBooks){window.DFLIP.parseBooks();}<\/script>\n\n\n<div class=\"_df_thumb \" id=\"df_21734\"  _slug=\"vyrocka-2019\" data-title=\"vyrocka-2019\" wpoptions=\"true\" thumb=\"https:\/\/www.ramus.je\/img\/vyrocka_19.png\" thumbtype=\"\" >V\u00fdro\u010dka 2019<\/div><script class=\"df-shortcode-script\" nowprocket type=\"application\/javascript\">window.option_df_21734 = {\"outline\":[],\"autoEnableOutline\":\"false\",\"autoEnableThumbnail\":\"false\",\"overwritePDFOutline\":\"false\",\"direction\":\"1\",\"pageSize\":\"0\",\"source\":\"https:\\\/\\\/www.ramus.je\\\/nejlepsi\\\/wp-content\\\/uploads\\\/2024\\\/09\\\/2019.pdf\",\"wpOptions\":\"true\"}; if(window.DFLIP && window.DFLIP.parseBooks){window.DFLIP.parseBooks();}<\/script>\n\n\n<div class=\"_df_thumb \" id=\"df_21732\"  _slug=\"vyrocka-2018\" data-title=\"vyrocka-2018\" wpoptions=\"true\" thumb=\"https:\/\/www.ramus.je\/img\/pruhledny\/ramus_vz_18.png\" thumbtype=\"\" >V\u00fdro\u010dka 2018<\/div><script class=\"df-shortcode-script\" nowprocket type=\"application\/javascript\">window.option_df_21732 = {\"outline\":[],\"autoEnableOutline\":\"false\",\"autoEnableThumbnail\":\"false\",\"overwritePDFOutline\":\"false\",\"direction\":\"1\",\"pageSize\":\"0\",\"source\":\"https:\\\/\\\/www.ramus.je\\\/nejlepsi\\\/wp-content\\\/uploads\\\/2024\\\/09\\\/2018.pdf\",\"wpOptions\":\"true\"}; if(window.DFLIP && window.DFLIP.parseBooks){window.DFLIP.parseBooks();}<\/script>\n\n\n<div class=\"_df_thumb \" id=\"df_21730\"  _slug=\"vyrocka-2017\" data-title=\"vyrocka-2017\" wpoptions=\"true\" thumb=\"https:\/\/www.ramus.je\/img\/pruhledny\/vz_17.jpg\" thumbtype=\"\" >V\u00fdro\u010dka 2017<\/div><script class=\"df-shortcode-script\" nowprocket type=\"application\/javascript\">window.option_df_21730 = {\"outline\":[],\"autoEnableOutline\":\"false\",\"autoEnableThumbnail\":\"false\",\"overwritePDFOutline\":\"false\",\"direction\":\"1\",\"pageSize\":\"0\",\"source\":\"https:\\\/\\\/www.ramus.je\\\/nejlepsi\\\/wp-content\\\/uploads\\\/2024\\\/09\\\/2017.pdf\",\"wpOptions\":\"true\"}; if(window.DFLIP && window.DFLIP.parseBooks){window.DFLIP.parseBooks();}<\/script>\n\n\n<div class=\"_df_thumb \" id=\"df_21728\"  _slug=\"vyrocka-2016\" data-title=\"vyrocka-2016\" wpoptions=\"true\" thumb=\"https:\/\/www.ramus.je\/img\/pruhledny\/vz_16.jpg\" thumbtype=\"\" >V\u00fdro\u010dka 2016<\/div><script class=\"df-shortcode-script\" nowprocket type=\"application\/javascript\">window.option_df_21728 = {\"outline\":[],\"autoEnableOutline\":\"false\",\"autoEnableThumbnail\":\"false\",\"overwritePDFOutline\":\"false\",\"direction\":\"1\",\"pageSize\":\"0\",\"source\":\"https:\\\/\\\/www.ramus.je\\\/nejlepsi\\\/wp-content\\\/uploads\\\/2024\\\/09\\\/2016.pdf\",\"wpOptions\":\"true\"}; if(window.DFLIP && window.DFLIP.parseBooks){window.DFLIP.parseBooks();}<\/script>\n\n\n<div class=\"_df_thumb \" id=\"df_21726\"  _slug=\"vyrocka-2015\" data-title=\"vyrocka-2015\" wpoptions=\"true\" thumb=\"https:\/\/www.ramus.je\/img\/pruhledny\/vz_15.jpg\" thumbtype=\"\" >V\u00fdro\u010dka 2015<\/div><script class=\"df-shortcode-script\" nowprocket type=\"application\/javascript\">window.option_df_21726 = {\"outline\":[],\"autoEnableOutline\":\"false\",\"autoEnableThumbnail\":\"false\",\"overwritePDFOutline\":\"false\",\"direction\":\"1\",\"pageSize\":\"0\",\"source\":\"https:\\\/\\\/www.ramus.je\\\/nejlepsi\\\/wp-content\\\/uploads\\\/2024\\\/09\\\/2015.pdf\",\"wpOptions\":\"true\"}; if(window.DFLIP && window.DFLIP.parseBooks){window.DFLIP.parseBooks();}<\/script>\n\n\n<div class=\"_df_thumb \" id=\"df_21724\"  _slug=\"vyrocka-2014\" data-title=\"vyrocka-2014\" wpoptions=\"true\" thumb=\"https:\/\/www.ramus.je\/img\/pruhledny\/vz_14.jpg\" thumbtype=\"\" >V\u00fdro\u010dka 2014<\/div><script class=\"df-shortcode-script\" nowprocket type=\"application\/javascript\">window.option_df_21724 = {\"outline\":[],\"autoEnableOutline\":\"false\",\"autoEnableThumbnail\":\"false\",\"overwritePDFOutline\":\"false\",\"direction\":\"1\",\"pageSize\":\"0\",\"source\":\"https:\\\/\\\/www.ramus.je\\\/nejlepsi\\\/wp-content\\\/uploads\\\/2024\\\/09\\\/2014.pdf\",\"wpOptions\":\"true\"}; if(window.DFLIP && window.DFLIP.parseBooks){window.DFLIP.parseBooks();}<\/script>\n\n\n<div class=\"_df_thumb \" id=\"df_21722\"  _slug=\"vyrocka-2013\" data-title=\"vyrocka-2013\" wpoptions=\"true\" thumb=\"https:\/\/www.ramus.je\/img\/pruhledny\/vz_13.jpg\" thumbtype=\"\" >V\u00fdro\u010dka 2013<\/div><script class=\"df-shortcode-script\" nowprocket type=\"application\/javascript\">window.option_df_21722 = {\"outline\":[],\"autoEnableOutline\":\"false\",\"autoEnableThumbnail\":\"false\",\"overwritePDFOutline\":\"false\",\"direction\":\"1\",\"pageSize\":\"0\",\"source\":\"https:\\\/\\\/www.ramus.je\\\/nejlepsi\\\/wp-content\\\/uploads\\\/2024\\\/09\\\/2013.pdf\",\"wpOptions\":\"true\"}; if(window.DFLIP && window.DFLIP.parseBooks){window.DFLIP.parseBooks();}<\/script>\n\n\n<div class=\"_df_thumb \" id=\"df_21706\"  _slug=\"21706\" data-title=\"vyrocka-2012\" wpoptions=\"true\" thumb=\"https:\/\/www.ramus.je\/img\/pruhledny\/vz_12.jpg\" thumbtype=\"\" >V\u00fdro\u010dka 2012<\/div><script class=\"df-shortcode-script\" nowprocket type=\"application\/javascript\">window.option_df_21706 = {\"outline\":[],\"autoEnableOutline\":\"false\",\"autoEnableThumbnail\":\"false\",\"overwritePDFOutline\":\"false\",\"direction\":\"1\",\"pageSize\":\"0\",\"soundEnable\":\"false\",\"source\":\"https:\\\/\\\/www.ramus.je\\\/nejlepsi\\\/wp-content\\\/uploads\\\/2024\\\/09\\\/2012.pdf\",\"wpOptions\":\"true\"}; if(window.DFLIP && window.DFLIP.parseBooks){window.DFLIP.parseBooks();}<\/script>\n\n\n<div class=\"_df_thumb \" id=\"df_21703\"  _slug=\"21703\" data-title=\"vyrocka-2011\" wpoptions=\"true\" thumb=\"https:\/\/www.ramus.je\/img\/pruhledny\/vz_11.jpg\" thumbtype=\"\" >V\u00fdro\u010dka 2011<\/div><script class=\"df-shortcode-script\" nowprocket type=\"application\/javascript\">window.option_df_21703 = {\"outline\":[],\"autoEnableOutline\":\"false\",\"autoEnableThumbnail\":\"false\",\"overwritePDFOutline\":\"false\",\"direction\":\"1\",\"pageSize\":\"0\",\"source\":\"https:\\\/\\\/www.ramus.je\\\/nejlepsi\\\/wp-content\\\/uploads\\\/2024\\\/09\\\/2011.pdf\",\"wpOptions\":\"true\"}; if(window.DFLIP && window.DFLIP.parseBooks){window.DFLIP.parseBooks();}<\/script>\n\n\n<div class=\"_df_thumb \" id=\"df_22982\"  _slug=\"22982\" data-title=\"vyrocka-2010\" wpoptions=\"true\" thumb=\"https:\/\/www.ramus.je\/nejlepsi\/wp-content\/uploads\/2025\/01\/vz_10.jpg\" thumbtype=\"\" >V\u00fdro\u010dka 2010<\/div><script class=\"df-shortcode-script\" nowprocket type=\"application\/javascript\">window.option_df_22982 = {\"outline\":[],\"autoEnableOutline\":\"false\",\"autoEnableThumbnail\":\"false\",\"overwritePDFOutline\":\"false\",\"direction\":\"1\",\"pageSize\":\"0\",\"source\":\"https:\\\/\\\/www.ramus.je\\\/nejlepsi\\\/wp-content\\\/uploads\\\/2024\\\/09\\\/2010.pdf\",\"wpOptions\":\"true\"}; if(window.DFLIP && window.DFLIP.parseBooks){window.DFLIP.parseBooks();}<\/script>\n<\/div>\n","protected":false},"excerpt":{"rendered":"","protected":false},"author":1,"featured_media":0,"parent":1944,"menu_order":0,"comment_status":"closed","ping_status":"closed","template":"","meta":{"ngg_post_thumbnail":0,"footnotes":""},"class_list":["post-1984","page","type-page","status-publish","hentry"],"_links":{"self":[{"href":"https:\/\/www.ramus.je\/nejlepsi\/wp-json\/wp\/v2\/pages\/1984","targetHints":{"allow":["GET"]}}],"collection":[{"href":"https:\/\/www.ramus.je\/nejlepsi\/wp-json\/wp\/v2\/pages"}],"about":[{"href":"https:\/\/www.ramus.je\/nejlepsi\/wp-json\/wp\/v2\/types\/page"}],"author":[{"embeddable":true,"href":"https:\/\/www.ramus.je\/nejlepsi\/wp-json\/wp\/v2\/users\/1"}],"replies":[{"embeddable":true,"href":"https:\/\/www.ramus.je\/nejlepsi\/wp-json\/wp\/v2\/comments?post=1984"}],"version-history":[{"count":33,"href":"https:\/\/www.ramus.je\/nejlepsi\/wp-json\/wp\/v2\/pages\/1984\/revisions"}],"predecessor-version":[{"id":26902,"href":"https:\/\/www.ramus.je\/nejlepsi\/wp-json\/wp\/v2\/pages\/1984\/revisions\/26902"}],"up":[{"embeddable":true,"href":"https:\/\/www.ramus.je\/nejlepsi\/wp-json\/wp\/v2\/pages\/1944"}],"wp:attachment":[{"href":"https:\/\/www.ramus.je\/nejlepsi\/wp-json\/wp\/v2\/media?parent=1984"}],"curies":[{"name":"wp","href":"https:\/\/api.w.org\/{rel}","templated":true}]}}