{"id":1961,"date":"2022-05-14T19:08:44","date_gmt":"2022-05-14T18:08:44","guid":{"rendered":"https:\/\/www.ramus.je\/web\/?page_id=1961"},"modified":"2025-03-24T16:00:16","modified_gmt":"2025-03-24T15:00:16","slug":"letni-tabory","status":"publish","type":"page","link":"https:\/\/www.ramus.je\/nejlepsi\/aktivita\/letni-tabory\/","title":{"rendered":"Letn\u00ed t\u00e1bory"},"content":{"rendered":"<div class=\"wp-block-image\">\n<figure class=\"alignright size-large is-resized\"><img loading=\"lazy\" decoding=\"async\" width=\"1024\" height=\"767\" src=\"https:\/\/www.ramus.je\/nejlepsi\/wp-content\/uploads\/2022\/06\/tabik-1024x767.jpg\" alt=\"\" class=\"wp-image-17583\" style=\"width:-355px;height:-265px\" srcset=\"https:\/\/www.ramus.je\/nejlepsi\/wp-content\/uploads\/2022\/06\/tabik-1024x767.jpg 1024w, https:\/\/www.ramus.je\/nejlepsi\/wp-content\/uploads\/2022\/06\/tabik-300x225.jpg 300w, https:\/\/www.ramus.je\/nejlepsi\/wp-content\/uploads\/2022\/06\/tabik-768x575.jpg 768w, https:\/\/www.ramus.je\/nejlepsi\/wp-content\/uploads\/2022\/06\/tabik-1536x1151.jpg 1536w, https:\/\/www.ramus.je\/nejlepsi\/wp-content\/uploads\/2022\/06\/tabik.jpg 1602w\" sizes=\"auto, (min-width: 960px) 75vw, 100vw\" \/><\/figure>\n<\/div>\n\n\n<p><\/p>\n\n\n\n<p><br><\/p>\n\n\n\n<p><strong>Letn\u00ed t\u00e1bory! Vlajkov\u00e1 lo\u010f Ramusu!&nbsp;Na louce si v\u017edy postav\u00edme n\u011bkolik indi\u00e1nsk\u00fdch tee-pee a str\u00e1v\u00edme zde necel\u00e9 dva t\u00fddny.&nbsp;V\u017edy bylo zvykem hr\u00e1t t\u00e1borovou hru, legendu, kter\u00e1 stmelovala r\u016fznorod\u00fd kolektiv a z\u00e1rove\u0148 n\u00e1m pom\u00e1hala orientovat se v t\u00e1borov\u00e9m \u010dasoprostoru. Postupn\u00e9 a ne\u00faprosn\u00e9 st\u00e1rnut\u00ed uk\u00e1zalo, \u017ee ne ka\u017ed\u00e9ho ji\u017e legenda zcela napl\u0148uje a tak jsme se rozhodli uspo\u0159\u00e1dat t\u00e1bor druh\u00fd &#8211; drsn\u00fd, ur\u010den\u00fd pro star\u0161\u00ed <\/strong><strong>a zku\u0161en\u011bj\u0161\u00ed \u00fa\u010dastn\u00edky a \u00fa\u010dastnice.&nbsp;<\/strong><\/p>\n\n\n\n<p><strong>Tak nastalo rozd\u011blen\u00ed t\u00e1bor\u016f na<\/strong>:<\/p>\n\n\n\n<hr class=\"wp-block-separator has-css-opacity\"\/>\n\n\n\n<h2 class=\"wp-block-heading\">T\u00e1bor legend\u00e1rn\u00ed<\/h2>\n\n\n\n<p>je del\u0161\u00ed, \u00fa\u010dastn\u00ed se ho v\u00edce lid\u00ed (a\u017e 40), m\u00e1 legendu.\u00a0<a href=\"https:\/\/www.ramus.je\/nejlepsi\/galerie\/fotky\/2021\/jemny-tabor-srpen21-5\">T<\/a><a href=\"https:\/\/www.ramus.je\/nejlepsi\/galerie\/fotky\/2024\/legendovy-tabor-bouracka-srpen-2024\" data-type=\"link\" data-id=\"https:\/\/www.ramus.je\/nejlepsi\/galerie\/fotky\/2024\/legendovy-tabor-bouracka-srpen-2024\">akhle vypadal legend\u00e1rn\u00ed t\u00e1bor v roce 2024.<\/a><\/p>\n\n\n\n<hr class=\"wp-block-separator has-css-opacity\"\/>\n\n\n\n<h2 class=\"wp-block-heading\">T\u00e1bor drsn\u00fd<\/h2>\n\n\n\n<p>je o n\u011bco krat\u0161\u00ed, \u00fa\u010dastn\u00ed se ho m\u00e9n\u011b lid\u00ed, jde sp\u00ed\u0161e o neform\u00e1ln\u00ed setk\u00e1n\u00ed.\u00a0<a href=\"https:\/\/www.ramus.je\/nejlepsi\/galerie\/fotky\/2024\/drsny-tabor-srpen-2024\">Takhle drsn\u00fd to bylo v roce 2024<\/a>.\u00a0Patrn\u011b nejl\u00e9pe tento druh t\u00e1bor\u016f vystihuje\u00a0<a href=\"http:\/\/www.ramus.je\/nejlepsi\/index.php\/archiv\/zapisnik\/521-denik-drsny-tabor\">\u0160t\u011bp\u00e1n\u016fv den\u00edk z t\u00e1bora 2014<\/a>.<\/p>\n\n\n\n<p><\/p>\n","protected":false},"excerpt":{"rendered":"<p>Letn\u00ed t\u00e1bory! Vlajkov\u00e1 lo\u010f Ramusu!&nbsp;Na louce si v\u017edy postav\u00edme n\u011bkolik indi\u00e1nsk\u00fdch tee-pee a str\u00e1v\u00edme zde necel\u00e9 dva t\u00fddny.&nbsp;V\u017edy bylo zvykem hr\u00e1t t\u00e1borovou hru, legendu, kter\u00e1 stmelovala r\u016fznorod\u00fd kolektiv a z\u00e1rove\u0148 n\u00e1m pom\u00e1hala orientovat se v t\u00e1borov\u00e9m \u010dasoprostoru. Postupn\u00e9 a ne\u00faprosn\u00e9 st\u00e1rnut\u00ed uk\u00e1zalo, \u017ee ne ka\u017ed\u00e9ho ji\u017e legenda zcela napl\u0148uje a tak jsme se rozhodli uspo\u0159\u00e1dat &hellip; <a href=\"https:\/\/www.ramus.je\/nejlepsi\/aktivita\/letni-tabory\/\" class=\"more-link\">Continue reading<span class=\"screen-reader-text\"> &#8222;Letn\u00ed t\u00e1bory&#8220;<\/span><\/a><\/p>\n","protected":false},"author":1,"featured_media":0,"parent":1924,"menu_order":0,"comment_status":"closed","ping_status":"closed","template":"","meta":{"ngg_post_thumbnail":0,"footnotes":""},"class_list":["post-1961","page","type-page","status-publish","hentry"],"_links":{"self":[{"href":"https:\/\/www.ramus.je\/nejlepsi\/wp-json\/wp\/v2\/pages\/1961","targetHints":{"allow":["GET"]}}],"collection":[{"href":"https:\/\/www.ramus.je\/nejlepsi\/wp-json\/wp\/v2\/pages"}],"about":[{"href":"https:\/\/www.ramus.je\/nejlepsi\/wp-json\/wp\/v2\/types\/page"}],"author":[{"embeddable":true,"href":"https:\/\/www.ramus.je\/nejlepsi\/wp-json\/wp\/v2\/users\/1"}],"replies":[{"embeddable":true,"href":"https:\/\/www.ramus.je\/nejlepsi\/wp-json\/wp\/v2\/comments?post=1961"}],"version-history":[{"count":8,"href":"https:\/\/www.ramus.je\/nejlepsi\/wp-json\/wp\/v2\/pages\/1961\/revisions"}],"predecessor-version":[{"id":23457,"href":"https:\/\/www.ramus.je\/nejlepsi\/wp-json\/wp\/v2\/pages\/1961\/revisions\/23457"}],"up":[{"embeddable":true,"href":"https:\/\/www.ramus.je\/nejlepsi\/wp-json\/wp\/v2\/pages\/1924"}],"wp:attachment":[{"href":"https:\/\/www.ramus.je\/nejlepsi\/wp-json\/wp\/v2\/media?parent=1961"}],"curies":[{"name":"wp","href":"https:\/\/api.w.org\/{rel}","templated":true}]}}