{"id":1958,"date":"2022-05-14T19:07:13","date_gmt":"2022-05-14T18:07:13","guid":{"rendered":"https:\/\/www.ramus.je\/web\/?page_id=1958"},"modified":"2025-10-20T16:41:39","modified_gmt":"2025-10-20T15:41:39","slug":"vikendovky","status":"publish","type":"page","link":"https:\/\/www.ramus.je\/nejlepsi\/aktivita\/vikendovky\/","title":{"rendered":"V\u00edkendovky"},"content":{"rendered":"<div class=\"wp-block-image\">\n<figure class=\"alignright size-large is-resized\"><img loading=\"lazy\" decoding=\"async\" width=\"1024\" height=\"766\" src=\"https:\/\/www.ramus.je\/nejlepsi\/wp-content\/uploads\/2022\/06\/vike-1024x766.jpg\" alt=\"\" class=\"wp-image-17578\" style=\"width:-243px;height:-182px\" srcset=\"https:\/\/www.ramus.je\/nejlepsi\/wp-content\/uploads\/2022\/06\/vike-1024x766.jpg 1024w, https:\/\/www.ramus.je\/nejlepsi\/wp-content\/uploads\/2022\/06\/vike-300x224.jpg 300w, https:\/\/www.ramus.je\/nejlepsi\/wp-content\/uploads\/2022\/06\/vike-768x575.jpg 768w, https:\/\/www.ramus.je\/nejlepsi\/wp-content\/uploads\/2022\/06\/vike-1536x1149.jpg 1536w, https:\/\/www.ramus.je\/nejlepsi\/wp-content\/uploads\/2022\/06\/vike.jpg 1604w\" sizes=\"auto, (min-width: 960px) 75vw, 100vw\" \/><\/figure>\n<\/div>\n\n\n<p>To jsou v\u00fdlety, zpravidla od p\u00e1tku do ned\u011ble, za hranice Prahy. Podobn\u00fdch akc\u00ed jsme ji\u017e za dobu, co Ramus existuje, uspo\u0159\u00e1dali des\u00edtky a des\u00edtky. Na\u0161\u00edm \u00fato\u010di\u0161t\u011bm jsou \u010dasto fary, skautsk\u00e9 klubovny \u010di n\u00edzkoprahov\u00e9 kluby, spali jsme ale u\u017e i v maringotk\u00e1ch \u010di venku. Vlakem jsme procestovali u\u017e p\u011bknou \u0159\u00e1dku m\u011bst!<\/p>\n\n\n\n<p>\u00da\u010dast se nyn\u00ed sna\u017e\u00edme dr\u017eet kolem t\u0159iceti lid\u00ed, a\u0165 u\u017e s posti\u017een\u00edm, \u010di bez (asistentek a asistent\u016f). Ni\u017e\u0161\u00ed po\u010det (oproti p\u016fvodn\u00edm \u010dty\u0159iceti) n\u00e1m dovoluje l\u00edp se navz\u00e1jem poznat i nechat se ubytovat na zaj\u00edmav\u00fdch m\u00edstech. Ka\u017ed\u00e1 v\u00edkendovka m\u00e1 sv\u016fj program \u010di t\u00e9ma. Hrajeme hry, chod\u00edme na proch\u00e1zky, va\u0159\u00edme si a u\u017e\u00edv\u00e1me si sami sebe.<\/p>\n\n\n\n<p>V sou\u010dasn\u00e9 dob\u011b d\u011bl\u00edme v\u00edkendovky na:<br>\u25ba jemn\u00e9\u00a0<em>(n\u011bkdy naz\u00fdvan\u00e9 t\u00e9\u017e legendov\u00e9)<\/em> &#8211; <br>\u25ba a drsn\u00e9\u00a0<em>(obecn\u011b pro star\u0161\u00ed a zku\u0161en\u011bj\u0161\u00ed \u00fa\u010dastn\u00edky ramus\u00edch akc\u00ed, men\u0161\u00ed po\u010det lid\u00ed)<\/em><\/p>\n\n\n\n<p>Pro p\u0159edstavu:&nbsp;<a href=\"https:\/\/www.ramus.je\/nejlepsi\/galerie\/fotky\/2022\/jemnej-cundr-kveten-22\">t<\/a><a href=\"https:\/\/www.ramus.je\/nejlepsi\/galerie\/fotky\/2024\/caslavsky-vikend-extremnich-sportu-brezen-2024\">akhle t\u0159eba vypadala legendov\u00e1 v\u00edkendovka v b\u0159eznu 2024, kde se extr\u00e9mn\u011b sportovalo<\/a>, no a takhle zase&nbsp;<a href=\"https:\/\/www.ramus.je\/nejlepsi\/galerie\/fotky\/2025\/drsna-vikendovka-brezen-2025\">vypadala drsn\u00e1 masopustn\u00ed v\u00edkendovka v b\u0159eznu 2025!<\/a><\/p>\n\n\n\n<hr class=\"wp-block-separator has-css-opacity\"\/>\n\n\n\n<h2 class=\"wp-block-heading\">Syst\u00e9m organizace &#8211; zapoj se!<\/h2>\n\n\n\n<p>Term\u00edny v\u00edkendovek se ur\u010d\u00ed v\u017edy n\u011bkolik m\u011bs\u00edc\u016f dop\u0159edu a spolu s nimi se ur\u010d\u00ed i&nbsp;<strong>dvou a\u017e t\u0159\u00ed\u010dlenn\u00e9 t\u00fdmy<\/strong>&nbsp;asistent\u016f \u010di asistenek (dobrovolnictva), kter\u00e9 maj\u00ed jednotliv\u00e9 akce na starosti. K ruce si n\u011bkdy berou i&nbsp;<strong>kamar\u00e1da s posti\u017een\u00edm<\/strong>, kter\u00fd m\u00e1 z\u00e1jem se zapojit.<\/p>\n\n\n\n<p>Je na cel\u00e9 skupin\u011b, do jak\u00e9 m\u00edry se chce do organizace zapojit, zda chce zajistit v\u0161e v\u010detn\u011b m\u00edsta, stravy, dopravy, nebo<strong>\u00a0jen vymyslet program<\/strong>. Vytvo\u0159ili jsme dokonce\u00a0<strong><a href=\"https:\/\/www.ramus.je\/dok\/ramus_manual_k_priprave_vikendovek_verze250717.pdf\">speci\u00e1ln\u00ed manu\u00e1l<\/a>\u00a0<\/strong>na organizaci podob\u00e9 akce. Pokud si tak chcete sami ov\u011b\u0159it sv\u00e9 schopnosti,<strong>\u00a0nen\u00ed na co \u010dekat!<\/strong> Jemn\u00e9 a legendov\u00e9 v\u00edkendovky m\u00e1 te\u010f pod palcem koordin\u00e1torstvo <a href=\"https:\/\/www.ramus.je\/nejlepsi\/kontakt\/marek-pivoda\/\" data-type=\"page\" data-id=\"2036\"><strong>Marek<\/strong><\/a> a <a href=\"https:\/\/www.ramus.je\/nejlepsi\/kontakt\/alice-krajcirova\/\" data-type=\"page\" data-id=\"26337\"><strong>Alice<\/strong><\/a>. <\/p>\n","protected":false},"excerpt":{"rendered":"<p>To jsou v\u00fdlety, zpravidla od p\u00e1tku do ned\u011ble, za hranice Prahy. Podobn\u00fdch akc\u00ed jsme ji\u017e za dobu, co Ramus existuje, uspo\u0159\u00e1dali des\u00edtky a des\u00edtky. Na\u0161\u00edm \u00fato\u010di\u0161t\u011bm jsou \u010dasto fary, skautsk\u00e9 klubovny \u010di n\u00edzkoprahov\u00e9 kluby, spali jsme ale u\u017e i v maringotk\u00e1ch \u010di venku. Vlakem jsme procestovali u\u017e p\u011bknou \u0159\u00e1dku m\u011bst! \u00da\u010dast se nyn\u00ed sna\u017e\u00edme dr\u017eet &hellip; <a href=\"https:\/\/www.ramus.je\/nejlepsi\/aktivita\/vikendovky\/\" class=\"more-link\">Continue reading<span class=\"screen-reader-text\"> &#8222;V\u00edkendovky&#8220;<\/span><\/a><\/p>\n","protected":false},"author":1,"featured_media":0,"parent":1924,"menu_order":0,"comment_status":"closed","ping_status":"closed","template":"","meta":{"ngg_post_thumbnail":0,"footnotes":""},"class_list":["post-1958","page","type-page","status-publish","hentry"],"_links":{"self":[{"href":"https:\/\/www.ramus.je\/nejlepsi\/wp-json\/wp\/v2\/pages\/1958","targetHints":{"allow":["GET"]}}],"collection":[{"href":"https:\/\/www.ramus.je\/nejlepsi\/wp-json\/wp\/v2\/pages"}],"about":[{"href":"https:\/\/www.ramus.je\/nejlepsi\/wp-json\/wp\/v2\/types\/page"}],"author":[{"embeddable":true,"href":"https:\/\/www.ramus.je\/nejlepsi\/wp-json\/wp\/v2\/users\/1"}],"replies":[{"embeddable":true,"href":"https:\/\/www.ramus.je\/nejlepsi\/wp-json\/wp\/v2\/comments?post=1958"}],"version-history":[{"count":9,"href":"https:\/\/www.ramus.je\/nejlepsi\/wp-json\/wp\/v2\/pages\/1958\/revisions"}],"predecessor-version":[{"id":26358,"href":"https:\/\/www.ramus.je\/nejlepsi\/wp-json\/wp\/v2\/pages\/1958\/revisions\/26358"}],"up":[{"embeddable":true,"href":"https:\/\/www.ramus.je\/nejlepsi\/wp-json\/wp\/v2\/pages\/1924"}],"wp:attachment":[{"href":"https:\/\/www.ramus.je\/nejlepsi\/wp-json\/wp\/v2\/media?parent=1958"}],"curies":[{"name":"wp","href":"https:\/\/api.w.org\/{rel}","templated":true}]}}