{"id":1947,"date":"2022-05-13T16:42:19","date_gmt":"2022-05-13T15:42:19","guid":{"rendered":"https:\/\/www.ramus.je\/web\/?page_id=1947"},"modified":"2022-06-28T23:18:19","modified_gmt":"2022-06-28T22:18:19","slug":"prispet","status":"publish","type":"page","link":"https:\/\/www.ramus.je\/nejlepsi\/prispet\/","title":{"rendered":"P\u0159isp\u011bt"},"content":{"rendered":"\n<p><strong>Pokud se V\u00e1m l\u00edb\u00ed, co a jak d\u011bl\u00e1me, budeme moc r\u00e1di, kdy\u017e se rozhodnete n\u00e1s finan\u010dn\u011b podpo\u0159it a p\u0159isp\u011bt tak na na\u0161e aktivity.<br><br>P\u0159isp\u011bt m\u016f\u017eete:<\/strong><\/p>\n\n\n\n<p>\u25ba zasl\u00e1n\u00edm pen\u011bz na n\u00e1\u0161 sb\u00edrkov\u00fd \u00fa\u010det\u00a0<strong>2400279900\/2010<\/strong>.\u00a0<br>\u25ba zakoupen\u00edm lahve, plech\u00e1\u010dku, pono\u017eek nebo \u010depice &#8211; viz sekce\u00a0<strong><a href=\"https:\/\/www.ramus.je\/nejlepsi\/merch\/\" data-type=\"page\">merch<\/a><\/strong><a href=\"https:\/\/www.ramus.je\/nejlepsi\/index.php\/prispet\/merch\"><br><\/a>\u25ba \u0161\u00ed\u0159en\u00edm na\u0161\u00ed kampan\u011b\u00a0<a href=\"http:\/\/www.shodkilo.cz\/\"><strong>Sho\u010fkilo.cz<\/strong><\/a><\/p>\n\n\n\n<hr class=\"wp-block-separator has-alpha-channel-opacity\"\/>\n\n\n\n<h2 class=\"wp-block-heading\">Pro\u010d podpo\u0159it Ramus?<\/h2>\n\n\n\n<p><br>V\u00e1\u0161 dar bude pou\u017eit na pokryt\u00ed provozn\u00edch n\u00e1klad\u016f. Umo\u017en\u00edte n\u00e1m tak zajistit dosavadn\u00ed\u00a0bezprobl\u00e9mov\u00fd chod organizace a pr\u016fb\u011bh na\u0161ich akc\u00ed.\u00a0<strong><a href=\"https:\/\/www.ramus.je\/nejlepsi\/vdecny\/\" data-type=\"page\">Ramus.je vd\u011b\u010dn\u00fd<\/a>. D\u011bkujeme!\u00a0<br><br><\/strong><em>S p\u0159\u00edpadn\u00fdmi dotazy se nev\u00e1hejte obr\u00e1tit na na\u0161\u00ed fundraiserku\u00a0<strong><a href=\"https:\/\/www.ramus.je\/nejlepsi\/kontakt\/lenka-markvartova-fundraising\/\" data-type=\"page\">Lenku Markvartovou<\/a>.<\/strong><br><br><\/em><strong><a href=\"mailto:%20%3Cscript%20language='JavaScript'%20type='text\/javascript'%3E%20%3C!--%20var%20prefix%20=%20'mailto:';%20var%20suffix%20=%20'';%20var%20attribs%20=%20'';%20var%20path%20=%20'hr'%20+%20'ef'%20+%20'=';%20var%20addy55116%20=%20'jakub.antos'%20+%20'@';%20addy55116%20=%20addy55116%20+%20'ramus'%20+%20'.'%20+%20'je';%20document.write(%20'%3Ca%20'%20+%20path%20+%20'\\''%20+%20prefix%20+%20addy55116%20+%20suffix%20+%20'\\''%20+%20attribs%20+%20'%3E'%20);%20document.write(%20addy55116%20);%20document.write(%20'%3C\\\/a%3E'%20);%20\/\/--%3E%20%3C\/script%3E%3Cscript%20language='JavaScript'%20type='text\/javascript'%3E%20%3C!--%20document.write(%20'%3Cspan%20style=\\'display:%20none;\\'%3E'%20);%20\/\/--%3E%20%3C\/script%3ETato%20emailov%C3%A1%20adresa%20je%20chr%C3%A1n%C4%9Bna%20p%C5%99ed%20spamboty,%20abyste%20ji%20vid%C4%9Bli,%20povolte%20JavaScript%20%3Cscript%20language='JavaScript'%20type='text\/javascript'%3E%20%3C!--%20document.write(%20'%3C\/'%20);%20document.write(%20'span%3E'%20);%20\/\/--%3E%20%3C\/script%3E\"><\/a><a href=\"mailto:lenka.markvartova@ramus.je\">lenka.markvartova@ramus.je<\/a><br>737 600 164<\/strong><\/p>\n","protected":false},"excerpt":{"rendered":"<p>Pokud se V\u00e1m l\u00edb\u00ed, co a jak d\u011bl\u00e1me, budeme moc r\u00e1di, kdy\u017e se rozhodnete n\u00e1s finan\u010dn\u011b podpo\u0159it a p\u0159isp\u011bt tak na na\u0161e aktivity. P\u0159isp\u011bt m\u016f\u017eete: \u25ba zasl\u00e1n\u00edm pen\u011bz na n\u00e1\u0161 sb\u00edrkov\u00fd \u00fa\u010det\u00a02400279900\/2010.\u00a0\u25ba zakoupen\u00edm lahve, plech\u00e1\u010dku, pono\u017eek nebo \u010depice &#8211; viz sekce\u00a0merch\u25ba \u0161\u00ed\u0159en\u00edm na\u0161\u00ed kampan\u011b\u00a0Sho\u010fkilo.cz Pro\u010d podpo\u0159it Ramus? V\u00e1\u0161 dar bude pou\u017eit na pokryt\u00ed provozn\u00edch n\u00e1klad\u016f. &hellip; <a href=\"https:\/\/www.ramus.je\/nejlepsi\/prispet\/\" class=\"more-link\">Continue reading<span class=\"screen-reader-text\"> &#8222;P\u0159isp\u011bt&#8220;<\/span><\/a><\/p>\n","protected":false},"author":1,"featured_media":0,"parent":0,"menu_order":0,"comment_status":"closed","ping_status":"closed","template":"","meta":{"ngg_post_thumbnail":0,"footnotes":""},"class_list":["post-1947","page","type-page","status-publish","hentry"],"_links":{"self":[{"href":"https:\/\/www.ramus.je\/nejlepsi\/wp-json\/wp\/v2\/pages\/1947","targetHints":{"allow":["GET"]}}],"collection":[{"href":"https:\/\/www.ramus.je\/nejlepsi\/wp-json\/wp\/v2\/pages"}],"about":[{"href":"https:\/\/www.ramus.je\/nejlepsi\/wp-json\/wp\/v2\/types\/page"}],"author":[{"embeddable":true,"href":"https:\/\/www.ramus.je\/nejlepsi\/wp-json\/wp\/v2\/users\/1"}],"replies":[{"embeddable":true,"href":"https:\/\/www.ramus.je\/nejlepsi\/wp-json\/wp\/v2\/comments?post=1947"}],"version-history":[{"count":8,"href":"https:\/\/www.ramus.je\/nejlepsi\/wp-json\/wp\/v2\/pages\/1947\/revisions"}],"predecessor-version":[{"id":17641,"href":"https:\/\/www.ramus.je\/nejlepsi\/wp-json\/wp\/v2\/pages\/1947\/revisions\/17641"}],"wp:attachment":[{"href":"https:\/\/www.ramus.je\/nejlepsi\/wp-json\/wp\/v2\/media?parent=1947"}],"curies":[{"name":"wp","href":"https:\/\/api.w.org\/{rel}","templated":true}]}}