{"id":1933,"date":"2022-05-13T16:04:20","date_gmt":"2022-05-13T15:04:20","guid":{"rendered":"https:\/\/www.ramus.je\/web\/?page_id=1933"},"modified":"2026-02-20T21:40:16","modified_gmt":"2026-02-20T20:40:16","slug":"zapojit-se","status":"publish","type":"page","link":"https:\/\/www.ramus.je\/nejlepsi\/zapojit-se\/","title":{"rendered":"Zapojit se"},"content":{"rendered":"\n<p><strong>Pokud se chcete p\u0159\u00edmo \u00fa\u010dastnit na\u0161ich akc\u00ed, vyberte si z kontakt\u016f d\u00e1le.&nbsp;Chcete-li se zapojit finan\u010dn\u011b \u010di materi\u00e1ln\u011b, p\u0159ejd\u011bte do sekce&nbsp;<a href=\"https:\/\/www.ramus.je\/nejlepsi\/index.php\/prispet\">p\u0159isp\u011bt<\/a>.<\/strong><\/p>\n\n\n\n<hr class=\"wp-block-separator has-css-opacity\"\/>\n\n\n\n<h2 class=\"wp-block-heading\">Chci asistovat<\/h2>\n\n\n\n<p>Asistovat lidem s posti\u017een\u00edm u n\u00e1s m\u016f\u017ee ka\u017ed\u00fd, bez ohledu na p\u0159ede\u0161l\u00e9 zku\u0161enosti. Jedinou podm\u00ednkou je v\u011bk minim\u00e1ln\u011b patn\u00e1ct let. Jedn\u00e1 se o ryze dobrovolnou \u010dinnost, za kterou nep\u0159\u00edslu\u0161\u00ed \u017e\u00e1dn\u00e1 finan\u010dn\u00ed odm\u011bna.<\/p>\n\n\n\n<p><a href=\"https:\/\/issuu.com\/osramus\/docs\/ramus_kodex_191019\">V\u00edce u\u017eite\u010dn\u00fdch informac\u00ed najde\u0161 v Ramus\u00edm kodexu.<\/a><\/p>\n\n\n\n<p><strong>Pokud se chce\u0161 na n\u011bkter\u00e9 ramus\u00ed akci coby asistentuj\u00edc\u00ed objevit, kontaktuj&nbsp;<\/strong><a href=\"https:\/\/www.ramus.je\/nejlepsi\/kontakt\/vali-sebkova-koordinatorka-asistentstva\/\" data-type=\"URL\" data-id=\"https:\/\/www.ramus.je\/nejlepsi\/kontakt\/vali-sebkova-koordinatorka-asistentstva\/\"><strong>Vali<\/strong><\/a><strong>, na\u0161i koordin\u00e1torku asistentuj\u00edc\u00edch, a doptej se na v\u00edce podrobnost\u00ed.<\/strong><\/p>\n\n\n\n<hr class=\"wp-block-separator has-css-opacity\"\/>\n\n\n\n<h2 class=\"wp-block-heading\">Chci se \u00fa\u010dastnit<\/h2>\n\n\n\n<p>Na\u0161e aktivity jsou ur\u010den\u00e9 pro&nbsp;<strong>mlad\u00e9 lidi s fyzick\u00fdm, ment\u00e1ln\u00edm \u010di kombinovan\u00fdm posti\u017een\u00edm.<\/strong><\/p>\n\n\n\n<p>N\u011bkter\u00e9 na\u0161e aktivity<strong>&nbsp;bohu\u017eel nejsou vhodn\u00e9<\/strong>&nbsp;pro lidi se smyslov\u00fdm posti\u017een\u00edm, trp\u00edc\u00ed inkontinenc\u00ed, \u010di t\u011b\u017ek\u00fdmi psychiatrick\u00fdmi poruchami.<\/p>\n\n\n\n<p>O na\u0161ich aktivit\u00e1ch informujeme zejm\u00e9na\u00a0<strong>e-mailem<\/strong>, p\u0159es kter\u00fd tak\u00e9 prob\u00edh\u00e1<strong>\u00a0p\u0159ihla\u0161ov\u00e1n\u00ed<\/strong>. Pokud se chcete st\u00e1t sou\u010d\u00e1st\u00ed na\u0161eho e-mailov\u00e9ho adres\u00e1\u0159e, \u010di se na cokoli zeptat, kontaktujte<strong>\u00a0<a href=\"https:\/\/www.ramus.je\/nejlepsi\/kontakt\/julie-klimesova-koordinatorka-lidi-s-postizenim\/\" data-type=\"link\" data-id=\"https:\/\/www.ramus.je\/nejlepsi\/kontakt\/anicka-kotmel-koordinatorka-lidi-s-postizenim\/\">Julii<\/a><\/strong><a href=\"https:\/\/www.ramus.je\/nejlepsi\/kontakt\/anicka-kotmel-koordinatorka-lidi-s-postizenim\/\" data-type=\"link\" data-id=\"https:\/\/www.ramus.je\/nejlepsi\/kontakt\/anicka-kotmel-koordinatorka-lidi-s-postizenim\/\">.<\/a> <br><br>Doporu\u010dujeme se s Ramusem nejd\u0159\u00edve l\u00e9pe sezn\u00e1mit na n\u011bjak\u00e9 men\u0161\u00ed akci typu <a href=\"https:\/\/www.ramus.je\/nejlepsi\/aktivita\/humr\/\" data-type=\"URL\" data-id=\"https:\/\/www.ramus.je\/nejlepsi\/aktivita\/humr\/\">humr<\/a> a teprve pot\u00e9 s n\u00e1mi vyjet na v\u00edkendovku, p\u0159\u00edpadn\u011b t\u00e1bor. <strong><a href=\"https:\/\/www.ramus.je\/nejlepsi\/index.php\/kontakt\/baraaunicka\"><\/a><\/strong><\/p>\n\n\n\n<hr class=\"wp-block-separator has-alpha-channel-opacity\"\/>\n\n\n\n<h2 class=\"wp-block-heading\"> P\u0159ihla\u0161ov\u00e1n\u00ed<br><\/h2>\n\n\n\n<p>P\u0159ihla\u0161ov\u00e1n\u00ed prob\u00edh\u00e1 na ka\u017edou akci zvl\u00e1\u0161\u0165. Na email v\u00e1m 14 dn\u00ed p\u0159ed akc\u00ed (term\u00edny najdete v<a href=\"https:\/\/www.ramus.je\/planakci\">&nbsp;<\/a><a href=\"https:\/\/www.ramus.je\/nejlepsi\/plan-akci\/\">pl\u00e1nu akc\u00ed<\/a>) p\u0159ijdou p\u0159ihla\u0161ovac\u00ed informace. Na ka\u017edou akci je omezen\u00e1 kapacita, tak\u017ee tedy &#8211; kdo se nahl\u00e1s\u00ed d\u0159\u00edv, ten jede. Kapacita odpov\u00edd\u00e1 v\u017edy dan\u00e9mu m\u00edstu a po\u010dtu nahl\u00e1\u0161en\u00fdch asistent\u016f\/dobrovoln\u00edk\u016f.<br>T\u011b\u0161\u00edme se! Nebojte se ozvat.<\/p>\n","protected":false},"excerpt":{"rendered":"<p>Pokud se chcete p\u0159\u00edmo \u00fa\u010dastnit na\u0161ich akc\u00ed, vyberte si z kontakt\u016f d\u00e1le.&nbsp;Chcete-li se zapojit finan\u010dn\u011b \u010di materi\u00e1ln\u011b, p\u0159ejd\u011bte do sekce&nbsp;p\u0159isp\u011bt. Chci asistovat Asistovat lidem s posti\u017een\u00edm u n\u00e1s m\u016f\u017ee ka\u017ed\u00fd, bez ohledu na p\u0159ede\u0161l\u00e9 zku\u0161enosti. Jedinou podm\u00ednkou je v\u011bk minim\u00e1ln\u011b patn\u00e1ct let. Jedn\u00e1 se o ryze dobrovolnou \u010dinnost, za kterou nep\u0159\u00edslu\u0161\u00ed \u017e\u00e1dn\u00e1 finan\u010dn\u00ed odm\u011bna. V\u00edce &hellip; <a href=\"https:\/\/www.ramus.je\/nejlepsi\/zapojit-se\/\" class=\"more-link\">Continue reading<span class=\"screen-reader-text\"> &#8222;Zapojit se&#8220;<\/span><\/a><\/p>\n","protected":false},"author":1,"featured_media":0,"parent":0,"menu_order":0,"comment_status":"closed","ping_status":"closed","template":"","meta":{"ngg_post_thumbnail":0,"footnotes":""},"class_list":["post-1933","page","type-page","status-publish","hentry"],"_links":{"self":[{"href":"https:\/\/www.ramus.je\/nejlepsi\/wp-json\/wp\/v2\/pages\/1933","targetHints":{"allow":["GET"]}}],"collection":[{"href":"https:\/\/www.ramus.je\/nejlepsi\/wp-json\/wp\/v2\/pages"}],"about":[{"href":"https:\/\/www.ramus.je\/nejlepsi\/wp-json\/wp\/v2\/types\/page"}],"author":[{"embeddable":true,"href":"https:\/\/www.ramus.je\/nejlepsi\/wp-json\/wp\/v2\/users\/1"}],"replies":[{"embeddable":true,"href":"https:\/\/www.ramus.je\/nejlepsi\/wp-json\/wp\/v2\/comments?post=1933"}],"version-history":[{"count":14,"href":"https:\/\/www.ramus.je\/nejlepsi\/wp-json\/wp\/v2\/pages\/1933\/revisions"}],"predecessor-version":[{"id":26905,"href":"https:\/\/www.ramus.je\/nejlepsi\/wp-json\/wp\/v2\/pages\/1933\/revisions\/26905"}],"wp:attachment":[{"href":"https:\/\/www.ramus.je\/nejlepsi\/wp-json\/wp\/v2\/media?parent=1933"}],"curies":[{"name":"wp","href":"https:\/\/api.w.org\/{rel}","templated":true}]}}