{"id":1926,"date":"2022-05-13T15:59:43","date_gmt":"2022-05-13T14:59:43","guid":{"rendered":"https:\/\/www.ramus.je\/web\/?page_id=1926"},"modified":"2026-04-06T06:16:20","modified_gmt":"2026-04-06T05:16:20","slug":"plan-akci","status":"publish","type":"page","link":"https:\/\/www.ramus.je\/nejlepsi\/plan-akci\/","title":{"rendered":"Pl\u00e1n akc\u00ed"},"content":{"rendered":"\n<div class=\"wp-block-columns is-layout-flex wp-container-core-columns-is-layout-9d6595d7 wp-block-columns-is-layout-flex\"><\/div>\n\n\n\n<p><strong>Informace o na\u0161ich akc\u00edch pos\u00edl\u00e1me v\u017edy e-mailem &#8211; jedin\u011b tak se na n\u011b lze p\u0159ihl\u00e1sit.&nbsp;Nejste v na\u0161em adres\u00e1\u0159i? Zav\u00edtejte do sekce&nbsp;<a href=\"https:\/\/www.ramus.je\/nejlepsi\/zapojit-se\/\" data-type=\"page\">zapojit se<\/a>.<\/strong><\/p>\n\n\n\n<p><em><strong>Upozorn\u011bn\u00ed: n\u011bkdy se stane, \u017ee se spole\u010dn\u00e1 aktivita domluv\u00ed na posledn\u00ed chv\u00edle a nest\u00edh\u00e1me j\u00ed rozeslat e-mailem: v tu chv\u00edli potenci\u00e1ln\u00ed z\u00e1jemce a z\u00e1jemkyn\u011b obvol\u00e1v\u00e1me.<\/strong><\/em><\/p>\n\n\n\n<hr class=\"wp-block-separator has-css-opacity\"\/>\n\n\n\n<h2 class=\"wp-block-heading\">TERM\u00cdNY NEJBLI\u017d\u0160\u00cdCH AKC\u00cd<\/h2>\n\n\n\n<p class=\"has-text-align-center\"><strong>11. 4. HUMR NA KAFK\u00c1RN\u011a<\/strong><\/p>\n\n\n\n<p class=\"has-text-align-center\"><strong>12. \u2013 14. 4. DRSN\u00c1 V\u00cdKENDOVKA<\/strong><\/p>\n\n\n\n<p class=\"has-text-align-center\"><strong>17. \u2013 19. 4. LEGE V\u00cdKENDOVKA V RACKU<\/strong><\/p>\n\n\n\n<p class=\"has-text-align-center\"><strong>15. \u2013 17. 5. LEGE V\u00cdKENDOVKA V Z\u00c1SMUK\u00c1CH<\/strong><\/p>\n\n\n\n<h2 class=\"wp-block-heading\">JARN\u00cd BRIG\u00c1DKY NA LOUCE<\/h2>\n\n\n\n<p class=\"has-text-align-center\"><strong>1. \u2013 3. 5. V\u00ddROBA NOV\u00ddCH DESEK NA KUCHY\u0147<\/strong><\/p>\n\n\n\n<p class=\"has-text-align-center\"><strong>19. \u2013 21. 6. SEK\u00c1N\u00cd LOUKY<\/strong><\/p>\n\n\n\n<h2 class=\"wp-block-heading\">L\u00c9TO NA LOUCE<\/h2>\n\n\n\n<p class=\"has-text-align-center\"><strong>2.\u2013 5. 8.&nbsp;STAV\u011a\u010cKA<\/strong><\/p>\n\n\n\n<p class=\"has-text-align-center\"><strong>5. \u2013 9. 8. DRSNEJ T\u00c1BOR<\/strong><\/p>\n\n\n\n<p class=\"has-text-align-center\"><strong>9.\u2013 17. 8. BEJBY T\u00c1BOR<\/strong><\/p>\n\n\n\n<p class=\"has-text-align-center\"><strong>17. \u2013 26. 8.&nbsp;LEGENDOVEJ T\u00c1BOR<\/strong><\/p>\n\n\n\n<p class=\"has-text-align-center\"><strong>26. \u2013 30. 8. BOURA\u010cKA<\/strong><\/p>\n\n\n\n<p><em><math xmlns=\"http:\/\/www.w3.org\/1998\/Math\/MathML\"><semantics><mo>*<\/mo><annotation encoding=\"text\/plain\">*<\/annotation><\/semantics><\/math>Term\u00edn t\u00e1b\u016frku bude up\u0159esn\u011bn po dolad\u011bn\u00ed garantstva a m\u00edsta, ale bude to zas na za\u010d\u00e1tku \u010dervence.<\/em><\/p>\n\n\n\n<iframe loading=\"lazy\" src=\"https:\/\/calendar.google.com\/calendar\/embed?height=600&#038;wkst=2&#038;ctz=Europe%2FPrague&#038;showPrint=0&#038;showTz=0&#038;title=Ramus%20-%20akce&#038;src=dXIxMmliNjQyMmJqOGR1ajV1OGlybWFqdDRAZ3JvdXAuY2FsZW5kYXIuZ29vZ2xlLmNvbQ&#038;color=%23E67C73\" style=\"border-width:0\" width=\"800\" height=\"600\" frameborder=\"0\" scrolling=\"no\"><\/iframe>\n","protected":false},"excerpt":{"rendered":"<p>Informace o na\u0161ich akc\u00edch pos\u00edl\u00e1me v\u017edy e-mailem &#8211; jedin\u011b tak se na n\u011b lze p\u0159ihl\u00e1sit.&nbsp;Nejste v na\u0161em adres\u00e1\u0159i? Zav\u00edtejte do sekce&nbsp;zapojit se. Upozorn\u011bn\u00ed: n\u011bkdy se stane, \u017ee se spole\u010dn\u00e1 aktivita domluv\u00ed na posledn\u00ed chv\u00edle a nest\u00edh\u00e1me j\u00ed rozeslat e-mailem: v tu chv\u00edli potenci\u00e1ln\u00ed z\u00e1jemce a z\u00e1jemkyn\u011b obvol\u00e1v\u00e1me. TERM\u00cdNY NEJBLI\u017d\u0160\u00cdCH AKC\u00cd 11. 4. HUMR NA KAFK\u00c1RN\u011a &hellip; <a href=\"https:\/\/www.ramus.je\/nejlepsi\/plan-akci\/\" class=\"more-link\">Continue reading<span class=\"screen-reader-text\"> &#8222;Pl\u00e1n akc\u00ed&#8220;<\/span><\/a><\/p>\n","protected":false},"author":1,"featured_media":0,"parent":0,"menu_order":0,"comment_status":"closed","ping_status":"closed","template":"","meta":{"ngg_post_thumbnail":0,"footnotes":""},"class_list":["post-1926","page","type-page","status-publish","hentry"],"_links":{"self":[{"href":"https:\/\/www.ramus.je\/nejlepsi\/wp-json\/wp\/v2\/pages\/1926","targetHints":{"allow":["GET"]}}],"collection":[{"href":"https:\/\/www.ramus.je\/nejlepsi\/wp-json\/wp\/v2\/pages"}],"about":[{"href":"https:\/\/www.ramus.je\/nejlepsi\/wp-json\/wp\/v2\/types\/page"}],"author":[{"embeddable":true,"href":"https:\/\/www.ramus.je\/nejlepsi\/wp-json\/wp\/v2\/users\/1"}],"replies":[{"embeddable":true,"href":"https:\/\/www.ramus.je\/nejlepsi\/wp-json\/wp\/v2\/comments?post=1926"}],"version-history":[{"count":109,"href":"https:\/\/www.ramus.je\/nejlepsi\/wp-json\/wp\/v2\/pages\/1926\/revisions"}],"predecessor-version":[{"id":27036,"href":"https:\/\/www.ramus.je\/nejlepsi\/wp-json\/wp\/v2\/pages\/1926\/revisions\/27036"}],"wp:attachment":[{"href":"https:\/\/www.ramus.je\/nejlepsi\/wp-json\/wp\/v2\/media?parent=1926"}],"curies":[{"name":"wp","href":"https:\/\/api.w.org\/{rel}","templated":true}]}}