{"id":1924,"date":"2022-05-13T15:53:30","date_gmt":"2022-05-13T14:53:30","guid":{"rendered":"https:\/\/www.ramus.je\/web\/?page_id=1924"},"modified":"2025-10-20T17:01:11","modified_gmt":"2025-10-20T16:01:11","slug":"aktivita","status":"publish","type":"page","link":"https:\/\/www.ramus.je\/nejlepsi\/aktivita\/","title":{"rendered":"Aktivita"},"content":{"rendered":"\n<p><strong>Na\u0161e aktivity se pr\u016fb\u011b\u017en\u011b m\u011bn\u00ed a vyv\u00edjej\u00ed dle pot\u0159eb, n\u00ed\u017ee \u010di v lev\u00e9m menu vid\u00edte jejich aktu\u00e1ln\u00ed v\u00fd\u010det.&nbsp;Pokud v\u00e1s na\u0161e aktivity zaujaly, nev\u00e1hejte a &#8211; &nbsp;<a href=\"https:\/\/www.ramus.je\/nejlepsi\/zapojit-se\/\" data-type=\"page\">zapojte se!<\/a><\/strong><\/p>\n\n\n\n<hr class=\"wp-block-separator has-css-opacity\"\/>\n\n\n\n<h2 class=\"wp-block-heading\">Aktu\u00e1ln\u011b d\u011bl\u00e1me<br><\/h2>\n\n\n\n<div class=\"wp-block-columns is-layout-flex wp-container-core-columns-is-layout-9d6595d7 wp-block-columns-is-layout-flex\">\n<div class=\"wp-block-column is-layout-flow wp-block-column-is-layout-flow\" style=\"flex-basis:66.66%\">\n<p><a href=\"https:\/\/www.ramus.je\/nejlepsi\/aktivita\/humr\/\" data-type=\"page\">HUMR<\/a>&nbsp;jsou pravideln\u00e9 pra\u017esk\u00e9 vych\u00e1zky za kulturou \u010di jin\u00fdmi zaj\u00edmavostmi v men\u0161\u00edm po\u010dtu lid\u00ed. Ide\u00e1ln\u00ed p\u0159\u00edle\u017eitost, jak poznat Ramus.<\/p>\n<\/div>\n\n\n\n<div class=\"wp-block-column is-layout-flow wp-block-column-is-layout-flow\" style=\"flex-basis:33.33%\">\n<figure class=\"wp-block-image size-large\"><img loading=\"lazy\" decoding=\"async\" width=\"1024\" height=\"683\" src=\"https:\/\/www.ramus.je\/nejlepsi\/wp-content\/uploads\/2022\/06\/DSCF9713-1024x683.jpg\" alt=\"\" class=\"wp-image-17565\" srcset=\"https:\/\/www.ramus.je\/nejlepsi\/wp-content\/uploads\/2022\/06\/DSCF9713-1024x683.jpg 1024w, https:\/\/www.ramus.je\/nejlepsi\/wp-content\/uploads\/2022\/06\/DSCF9713-300x200.jpg 300w, https:\/\/www.ramus.je\/nejlepsi\/wp-content\/uploads\/2022\/06\/DSCF9713-768x512.jpg 768w, https:\/\/www.ramus.je\/nejlepsi\/wp-content\/uploads\/2022\/06\/DSCF9713-1536x1024.jpg 1536w, https:\/\/www.ramus.je\/nejlepsi\/wp-content\/uploads\/2022\/06\/DSCF9713-1200x800.jpg 1200w, https:\/\/www.ramus.je\/nejlepsi\/wp-content\/uploads\/2022\/06\/DSCF9713-720x480.jpg 720w, https:\/\/www.ramus.je\/nejlepsi\/wp-content\/uploads\/2022\/06\/DSCF9713.jpg 1600w\" sizes=\"auto, (min-width: 960px) 75vw, 100vw\" \/><\/figure>\n<\/div>\n<\/div>\n\n\n\n<div class=\"wp-block-columns is-layout-flex wp-container-core-columns-is-layout-9d6595d7 wp-block-columns-is-layout-flex\">\n<div class=\"wp-block-column is-layout-flow wp-block-column-is-layout-flow\" style=\"flex-basis:66.66%\">\n<p><a href=\"https:\/\/www.ramus.je\/nejlepsi\/aktivita\/vikendovky\/\" data-type=\"page\">V\u00cdKENDOV<\/a><a href=\"https:\/\/www.ramus.je\/nejlepsi\/aktivita\/vikendovky\/\" data-type=\"page\">KY<\/a>&nbsp;po\u0159\u00e1d\u00e1me jednou do m\u011bs\u00edce. Jezd\u00edme do p\u0159\u00edrody i do m\u011bst, ve velk\u00fdch i men\u0161\u00edch skupin\u00e1ch.<\/p>\n<\/div>\n\n\n\n<div class=\"wp-block-column is-layout-flow wp-block-column-is-layout-flow\" style=\"flex-basis:33.33%\">\n<figure class=\"wp-block-image size-large\"><img loading=\"lazy\" decoding=\"async\" width=\"1024\" height=\"689\" src=\"https:\/\/www.ramus.je\/nejlepsi\/wp-content\/uploads\/2022\/06\/vikend-1024x689.jpg\" alt=\"\" class=\"wp-image-17567\" srcset=\"https:\/\/www.ramus.je\/nejlepsi\/wp-content\/uploads\/2022\/06\/vikend-1024x689.jpg 1024w, https:\/\/www.ramus.je\/nejlepsi\/wp-content\/uploads\/2022\/06\/vikend-300x202.jpg 300w, https:\/\/www.ramus.je\/nejlepsi\/wp-content\/uploads\/2022\/06\/vikend-768x516.jpg 768w, https:\/\/www.ramus.je\/nejlepsi\/wp-content\/uploads\/2022\/06\/vikend-1536x1033.jpg 1536w, https:\/\/www.ramus.je\/nejlepsi\/wp-content\/uploads\/2022\/06\/vikend-2048x1377.jpg 2048w\" sizes=\"auto, (min-width: 960px) 75vw, 100vw\" \/><\/figure>\n<\/div>\n<\/div>\n\n\n\n<div class=\"wp-block-columns is-layout-flex wp-container-core-columns-is-layout-9d6595d7 wp-block-columns-is-layout-flex\">\n<div class=\"wp-block-column is-layout-flow wp-block-column-is-layout-flow\" style=\"flex-basis:66.66%\">\n<p><a href=\"https:\/\/www.ramus.je\/nejlepsi\/aktivita\/letni-tabory\/\" data-type=\"page\">LETN\u00cd T\u00c1BORY<\/a>&nbsp;po\u0159\u00e1d\u00e1me dva: legend\u00e1rn\u00ed aka jemn\u00fd s propracovan\u00fdm p\u0159\u00edb\u011bhem, a t\u00e1bor drsn\u00fd, neform\u00e1ln\u00ed v\u00fdlet pro star\u0161\u00ed osazenstvo na\u0161ich akc\u00ed.<\/p>\n<\/div>\n\n\n\n<div class=\"wp-block-column is-layout-flow wp-block-column-is-layout-flow\" style=\"flex-basis:33.33%\">\n<figure class=\"wp-block-image size-full\"><img loading=\"lazy\" decoding=\"async\" width=\"1024\" height=\"682\" src=\"https:\/\/www.ramus.je\/nejlepsi\/wp-content\/uploads\/2022\/06\/letakkk.jpg\" alt=\"\" class=\"wp-image-17566\" srcset=\"https:\/\/www.ramus.je\/nejlepsi\/wp-content\/uploads\/2022\/06\/letakkk.jpg 1024w, https:\/\/www.ramus.je\/nejlepsi\/wp-content\/uploads\/2022\/06\/letakkk-300x200.jpg 300w, https:\/\/www.ramus.je\/nejlepsi\/wp-content\/uploads\/2022\/06\/letakkk-768x512.jpg 768w, https:\/\/www.ramus.je\/nejlepsi\/wp-content\/uploads\/2022\/06\/letakkk-720x480.jpg 720w\" sizes=\"auto, (min-width: 960px) 75vw, 100vw\" \/><\/figure>\n<\/div>\n<\/div>\n\n\n\n<div class=\"wp-block-columns is-layout-flex wp-container-core-columns-is-layout-9d6595d7 wp-block-columns-is-layout-flex\">\n<div class=\"wp-block-column is-layout-flow wp-block-column-is-layout-flow\" style=\"flex-basis:66.66%\">\n<p><a href=\"https:\/\/www.ramus.je\/nejlepsi\/aktivita\/roadtripy\/\" data-type=\"page\">ROADTRIPY<\/a>&nbsp;jsou pozn\u00e1vac\u00ed v\u00fdjezdy nejen dod\u00e1vkou po Evrop\u011b. Dev\u00edti\u010dlenn\u00e1 pos\u00e1dka pozn\u00e1v\u00e1 nepoznateln\u00e9.<\/p>\n<\/div>\n\n\n\n<div class=\"wp-block-column is-layout-flow wp-block-column-is-layout-flow\" style=\"flex-basis:33.33%\">\n<figure class=\"wp-block-image size-large\"><img loading=\"lazy\" decoding=\"async\" width=\"1024\" height=\"680\" src=\"https:\/\/www.ramus.je\/nejlepsi\/wp-content\/uploads\/2022\/06\/road-1024x680.jpg\" alt=\"\" class=\"wp-image-17568\" srcset=\"https:\/\/www.ramus.je\/nejlepsi\/wp-content\/uploads\/2022\/06\/road-1024x680.jpg 1024w, https:\/\/www.ramus.je\/nejlepsi\/wp-content\/uploads\/2022\/06\/road-300x199.jpg 300w, https:\/\/www.ramus.je\/nejlepsi\/wp-content\/uploads\/2022\/06\/road-768x510.jpg 768w, https:\/\/www.ramus.je\/nejlepsi\/wp-content\/uploads\/2022\/06\/road-1536x1020.jpg 1536w, https:\/\/www.ramus.je\/nejlepsi\/wp-content\/uploads\/2022\/06\/road.jpg 1800w\" sizes=\"auto, (min-width: 960px) 75vw, 100vw\" \/><\/figure>\n<\/div>\n<\/div>\n\n\n\n<div class=\"wp-block-columns is-layout-flex wp-container-core-columns-is-layout-9d6595d7 wp-block-columns-is-layout-flex\">\n<div class=\"wp-block-column is-layout-flow wp-block-column-is-layout-flow\" style=\"flex-basis:66.66%\">\n<p><a href=\"https:\/\/www.ramus.je\/nejlepsi\/galerie\/fotky\/2019\/vanocni-vecerka-prosinec-19\">V\u00c1NO\u010cN\u00cd VE\u010c\u00cdRKY<\/a> jsou legend\u00e1rn\u00ed mejdany, na kter\u00fdch se potk\u00e1vaj\u00ed asistenti, klienti i dal\u0161\u00ed p\u0159\u00e1tel\u00e9 Ramusu, aby oslavili uplynul\u00fd rok.<\/p>\n<\/div>\n\n\n\n<div class=\"wp-block-column is-layout-flow wp-block-column-is-layout-flow\" style=\"flex-basis:33.33%\">\n<figure class=\"wp-block-image size-large\"><img loading=\"lazy\" decoding=\"async\" width=\"1024\" height=\"683\" src=\"https:\/\/www.ramus.je\/nejlepsi\/wp-content\/uploads\/2023\/01\/MG_5466-1024x683.jpg\" alt=\"\" class=\"wp-image-19336\" srcset=\"https:\/\/www.ramus.je\/nejlepsi\/wp-content\/uploads\/2023\/01\/MG_5466-1024x683.jpg 1024w, https:\/\/www.ramus.je\/nejlepsi\/wp-content\/uploads\/2023\/01\/MG_5466-300x200.jpg 300w, https:\/\/www.ramus.je\/nejlepsi\/wp-content\/uploads\/2023\/01\/MG_5466-768x512.jpg 768w, https:\/\/www.ramus.je\/nejlepsi\/wp-content\/uploads\/2023\/01\/MG_5466-1536x1024.jpg 1536w, https:\/\/www.ramus.je\/nejlepsi\/wp-content\/uploads\/2023\/01\/MG_5466-2048x1365.jpg 2048w, https:\/\/www.ramus.je\/nejlepsi\/wp-content\/uploads\/2023\/01\/MG_5466-1200x800.jpg 1200w, https:\/\/www.ramus.je\/nejlepsi\/wp-content\/uploads\/2023\/01\/MG_5466-720x480.jpg 720w\" sizes=\"auto, (min-width: 960px) 75vw, 100vw\" \/><\/figure>\n<\/div>\n<\/div>\n\n\n\n<div class=\"wp-block-columns is-layout-flex wp-container-core-columns-is-layout-9d6595d7 wp-block-columns-is-layout-flex\">\n<div class=\"wp-block-column is-layout-flow wp-block-column-is-layout-flow\" style=\"flex-basis:66.66%\">\n<p><a href=\"https:\/\/www.ramus.je\/nejlepsi\/ticha19\/\" data-type=\"post\" data-id=\"3558\">AUKCE  UM\u011aN\u00cd <\/a>je u\u017e tradi\u010dn\u00ed prosincov\u00e1 benefi\u010dn\u00ed dra\u017eba um\u011bleck\u00fdch d\u011bl, kter\u00e1 prob\u00edh\u00e1 online i offline. D\u0159\u00edve zn\u00e1m\u00e1 jako <a href=\"https:\/\/www.ramus.je\/nejlepsi\/aukcefotek\/\" data-type=\"post\" data-id=\"3499\">AUKCE FOTEK<\/a>.<\/p>\n<\/div>\n\n\n\n<div class=\"wp-block-column is-layout-flow wp-block-column-is-layout-flow\" style=\"flex-basis:33.33%\">\n<figure class=\"wp-block-image size-large\"><img loading=\"lazy\" decoding=\"async\" width=\"1024\" height=\"683\" src=\"https:\/\/www.ramus.je\/nejlepsi\/wp-content\/uploads\/2023\/01\/FOTO-z-aukce-1024x683.jpg\" alt=\"\" class=\"wp-image-19337\" srcset=\"https:\/\/www.ramus.je\/nejlepsi\/wp-content\/uploads\/2023\/01\/FOTO-z-aukce-1024x683.jpg 1024w, https:\/\/www.ramus.je\/nejlepsi\/wp-content\/uploads\/2023\/01\/FOTO-z-aukce-300x200.jpg 300w, https:\/\/www.ramus.je\/nejlepsi\/wp-content\/uploads\/2023\/01\/FOTO-z-aukce-768x512.jpg 768w, https:\/\/www.ramus.je\/nejlepsi\/wp-content\/uploads\/2023\/01\/FOTO-z-aukce-1200x800.jpg 1200w, https:\/\/www.ramus.je\/nejlepsi\/wp-content\/uploads\/2023\/01\/FOTO-z-aukce-720x480.jpg 720w, https:\/\/www.ramus.je\/nejlepsi\/wp-content\/uploads\/2023\/01\/FOTO-z-aukce.jpg 1459w\" sizes=\"auto, (min-width: 960px) 75vw, 100vw\" \/><\/figure>\n<\/div>\n<\/div>\n\n\n\n<div class=\"wp-block-columns is-layout-flex wp-container-core-columns-is-layout-9d6595d7 wp-block-columns-is-layout-flex\">\n<div class=\"wp-block-column is-layout-flow wp-block-column-is-layout-flow\" style=\"flex-basis:66.66%\">\n<p><a href=\"https:\/\/www.ramus.je\/nejlepsi\/ostatni\/\" data-type=\"page\">OSTATN\u00cd<\/a>&nbsp;aktivity zahrnuj\u00ed r\u016fzn\u00e9 benefi\u010dn\u00ed a osv\u011btov\u00e9 akce.<\/p>\n<\/div>\n\n\n\n<div class=\"wp-block-column is-layout-flow wp-block-column-is-layout-flow\" style=\"flex-basis:33.33%\">\n<figure class=\"wp-block-image size-large\"><img loading=\"lazy\" decoding=\"async\" width=\"1024\" height=\"683\" src=\"https:\/\/www.ramus.je\/nejlepsi\/wp-content\/uploads\/2022\/06\/ostatni-1024x683.jpg\" alt=\"\" class=\"wp-image-17569\" srcset=\"https:\/\/www.ramus.je\/nejlepsi\/wp-content\/uploads\/2022\/06\/ostatni-1024x683.jpg 1024w, https:\/\/www.ramus.je\/nejlepsi\/wp-content\/uploads\/2022\/06\/ostatni-300x200.jpg 300w, https:\/\/www.ramus.je\/nejlepsi\/wp-content\/uploads\/2022\/06\/ostatni-768x512.jpg 768w, https:\/\/www.ramus.je\/nejlepsi\/wp-content\/uploads\/2022\/06\/ostatni-1536x1024.jpg 1536w, https:\/\/www.ramus.je\/nejlepsi\/wp-content\/uploads\/2022\/06\/ostatni-2048x1365.jpg 2048w, https:\/\/www.ramus.je\/nejlepsi\/wp-content\/uploads\/2022\/06\/ostatni-1200x800.jpg 1200w, https:\/\/www.ramus.je\/nejlepsi\/wp-content\/uploads\/2022\/06\/ostatni-720x480.jpg 720w\" sizes=\"auto, (min-width: 960px) 75vw, 100vw\" \/><\/figure>\n<\/div>\n<\/div>\n\n\n\n<hr class=\"wp-block-separator has-alpha-channel-opacity\"\/>\n\n\n\n<h2 class=\"wp-block-heading\" id=\"Aktu\u00e1ln\u011b_ned\u011bl\u00e1me\">Aktu\u00e1ln\u011b ned\u011bl\u00e1me<\/h2>\n\n\n\n<p><\/p>\n\n\n\n<div class=\"wp-block-columns is-layout-flex wp-container-core-columns-is-layout-9d6595d7 wp-block-columns-is-layout-flex\">\n<div class=\"wp-block-column is-layout-flow wp-block-column-is-layout-flow\" style=\"flex-basis:66.66%\">\n<p><a href=\"https:\/\/www.ramus.je\/nejlepsi\/ramaton\/\" data-type=\"post\">RAMATON<\/a>&nbsp;byl benefi\u010dn\u00ed b\u011bh pro Ramus. M\u00e1me za sebou sedm ro\u010dn\u00edk\u016f a douf\u00e1me, \u017ee je\u0161t\u011b n\u011bkdy pob\u011b\u017e\u00edme!<\/p>\n<\/div>\n\n\n\n<div class=\"wp-block-column is-layout-flow wp-block-column-is-layout-flow\" style=\"flex-basis:33.33%\">\n<figure class=\"wp-block-image size-large\"><img loading=\"lazy\" decoding=\"async\" width=\"1024\" height=\"683\" src=\"https:\/\/www.ramus.je\/nejlepsi\/wp-content\/uploads\/2022\/06\/ramaton-1024x683.jpg\" alt=\"\" class=\"wp-image-17570\" srcset=\"https:\/\/www.ramus.je\/nejlepsi\/wp-content\/uploads\/2022\/06\/ramaton-1024x683.jpg 1024w, https:\/\/www.ramus.je\/nejlepsi\/wp-content\/uploads\/2022\/06\/ramaton-300x200.jpg 300w, https:\/\/www.ramus.je\/nejlepsi\/wp-content\/uploads\/2022\/06\/ramaton-768x512.jpg 768w, https:\/\/www.ramus.je\/nejlepsi\/wp-content\/uploads\/2022\/06\/ramaton-1536x1024.jpg 1536w, https:\/\/www.ramus.je\/nejlepsi\/wp-content\/uploads\/2022\/06\/ramaton-2048x1365.jpg 2048w, https:\/\/www.ramus.je\/nejlepsi\/wp-content\/uploads\/2022\/06\/ramaton-1200x800.jpg 1200w, https:\/\/www.ramus.je\/nejlepsi\/wp-content\/uploads\/2022\/06\/ramaton-720x480.jpg 720w\" sizes=\"auto, (min-width: 960px) 75vw, 100vw\" \/><\/figure>\n<\/div>\n<\/div>\n\n\n\n<div class=\"wp-block-columns is-layout-flex wp-container-core-columns-is-layout-9d6595d7 wp-block-columns-is-layout-flex\">\n<div class=\"wp-block-column is-layout-flow wp-block-column-is-layout-flow\" style=\"flex-basis:66.66%\">\n<p><a href=\"https:\/\/www.ramus.je\/nejlepsi\/aktivita\/gigabyt\/\" data-type=\"page\">GIGABYT<\/a>&nbsp;byl gigantick\u00fd byt v centru Prahy, ve kter\u00e9m spolu od listopadu 2016 \u017eila n\u011bkolik let parta lid\u00ed s posti\u017een\u00edm a bez n\u011bj.<\/p>\n<\/div>\n\n\n\n<div class=\"wp-block-column is-layout-flow wp-block-column-is-layout-flow\" style=\"flex-basis:33.33%\">\n<figure class=\"wp-block-image\"><img decoding=\"async\" src=\"https:\/\/www.ramus.je\/img\/gigabyt_17.jpg\" alt=\"alt\"\/><\/figure>\n<\/div>\n<\/div>\n\n\n\n<div class=\"wp-block-columns is-layout-flex wp-container-core-columns-is-layout-9d6595d7 wp-block-columns-is-layout-flex\">\n<div class=\"wp-block-column is-layout-flow wp-block-column-is-layout-flow\" style=\"flex-basis:66.66%\">\n<p><a href=\"https:\/\/www.ramus.je\/nejlepsi\/galerie\/fotky\/2018\/rambar-bazarek-listopad-18\" data-type=\"page\">RAMBAR<\/a>&nbsp;byl poj\u00edzdn\u00fd bar, ve kter\u00e9m obsluhovali mlad\u00ed lid\u00e9 s posti\u017een\u00edm i bez n\u011bj.<\/p>\n<\/div>\n\n\n\n<div class=\"wp-block-column is-layout-flow wp-block-column-is-layout-flow\" style=\"flex-basis:33.33%\">\n<figure class=\"wp-block-image size-large\"><img loading=\"lazy\" decoding=\"async\" width=\"1024\" height=\"810\" src=\"https:\/\/www.ramus.je\/nejlepsi\/wp-content\/uploads\/2022\/06\/rambar-1024x810.jpg\" alt=\"\" class=\"wp-image-17571\" srcset=\"https:\/\/www.ramus.je\/nejlepsi\/wp-content\/uploads\/2022\/06\/rambar-1024x810.jpg 1024w, https:\/\/www.ramus.je\/nejlepsi\/wp-content\/uploads\/2022\/06\/rambar-300x237.jpg 300w, https:\/\/www.ramus.je\/nejlepsi\/wp-content\/uploads\/2022\/06\/rambar-768x607.jpg 768w, https:\/\/www.ramus.je\/nejlepsi\/wp-content\/uploads\/2022\/06\/rambar-1536x1214.jpg 1536w, https:\/\/www.ramus.je\/nejlepsi\/wp-content\/uploads\/2022\/06\/rambar-2048x1619.jpg 2048w\" sizes=\"auto, (min-width: 960px) 75vw, 100vw\" \/><\/figure>\n<\/div>\n<\/div>\n\n\n\n<div class=\"wp-block-columns is-layout-flex wp-container-core-columns-is-layout-9d6595d7 wp-block-columns-is-layout-flex\">\n<div class=\"wp-block-column is-layout-flow wp-block-column-is-layout-flow\" style=\"flex-basis:66.66%\">\n<p><a href=\"https:\/\/www.ramus.je\/nejlepsi\/galerie\/fotky\/2018\/stripky-z-dilny\">D\u00cdLNA<\/a> bylo m\u00edsto, kde asistenti a klienti spole\u010dn\u011b vytv\u00e1\u0159eli v\u0161elijak\u00e9 d\u0159ev\u011bn\u00e9 v\u00fdrobky.<\/p>\n<\/div>\n\n\n\n<div class=\"wp-block-column is-layout-flow wp-block-column-is-layout-flow\" style=\"flex-basis:33.33%\">\n<figure class=\"wp-block-image size-large is-resized\"><img loading=\"lazy\" decoding=\"async\" width=\"1921\" height=\"1437\" src=\"https:\/\/www.ramus.je\/nejlepsi\/wp-content\/uploads\/2022\/06\/20171006_115747-1-edited-2.jpg\" alt=\"\" class=\"wp-image-17670\" style=\"width:320px\" srcset=\"https:\/\/www.ramus.je\/nejlepsi\/wp-content\/uploads\/2022\/06\/20171006_115747-1-edited-2.jpg 1921w, https:\/\/www.ramus.je\/nejlepsi\/wp-content\/uploads\/2022\/06\/20171006_115747-1-edited-2-300x224.jpg 300w, https:\/\/www.ramus.je\/nejlepsi\/wp-content\/uploads\/2022\/06\/20171006_115747-1-edited-2-1024x766.jpg 1024w, https:\/\/www.ramus.je\/nejlepsi\/wp-content\/uploads\/2022\/06\/20171006_115747-1-edited-2-768x575.jpg 768w, https:\/\/www.ramus.je\/nejlepsi\/wp-content\/uploads\/2022\/06\/20171006_115747-1-edited-2-1536x1149.jpg 1536w\" sizes=\"auto, (min-width: 960px) 75vw, 100vw\" \/><\/figure>\n<\/div>\n<\/div>\n\n\n\n<p><\/p>\n","protected":false},"excerpt":{"rendered":"<p>Na\u0161e aktivity se pr\u016fb\u011b\u017en\u011b m\u011bn\u00ed a vyv\u00edjej\u00ed dle pot\u0159eb, n\u00ed\u017ee \u010di v lev\u00e9m menu vid\u00edte jejich aktu\u00e1ln\u00ed v\u00fd\u010det.&nbsp;Pokud v\u00e1s na\u0161e aktivity zaujaly, nev\u00e1hejte a &#8211; &nbsp;zapojte se! HUMR&nbsp;jsou pravideln\u00e9 pra\u017esk\u00e9 vych\u00e1zky za kulturou \u010di jin\u00fdmi zaj\u00edmavostmi v men\u0161\u00edm po\u010dtu lid\u00ed. Ide\u00e1ln\u00ed p\u0159\u00edle\u017eitost, jak poznat Ramus. V\u00cdKENDOVKY&nbsp;po\u0159\u00e1d\u00e1me jednou do m\u011bs\u00edce. Jezd\u00edme do p\u0159\u00edrody i do m\u011bst, &hellip; <a href=\"https:\/\/www.ramus.je\/nejlepsi\/aktivita\/\" class=\"more-link\">Continue reading<span class=\"screen-reader-text\"> &#8222;Aktivita&#8220;<\/span><\/a><\/p>\n","protected":false},"author":1,"featured_media":0,"parent":0,"menu_order":0,"comment_status":"closed","ping_status":"closed","template":"","meta":{"ngg_post_thumbnail":0,"footnotes":""},"class_list":["post-1924","page","type-page","status-publish","hentry"],"_links":{"self":[{"href":"https:\/\/www.ramus.je\/nejlepsi\/wp-json\/wp\/v2\/pages\/1924","targetHints":{"allow":["GET"]}}],"collection":[{"href":"https:\/\/www.ramus.je\/nejlepsi\/wp-json\/wp\/v2\/pages"}],"about":[{"href":"https:\/\/www.ramus.je\/nejlepsi\/wp-json\/wp\/v2\/types\/page"}],"author":[{"embeddable":true,"href":"https:\/\/www.ramus.je\/nejlepsi\/wp-json\/wp\/v2\/users\/1"}],"replies":[{"embeddable":true,"href":"https:\/\/www.ramus.je\/nejlepsi\/wp-json\/wp\/v2\/comments?post=1924"}],"version-history":[{"count":17,"href":"https:\/\/www.ramus.je\/nejlepsi\/wp-json\/wp\/v2\/pages\/1924\/revisions"}],"predecessor-version":[{"id":26366,"href":"https:\/\/www.ramus.je\/nejlepsi\/wp-json\/wp\/v2\/pages\/1924\/revisions\/26366"}],"wp:attachment":[{"href":"https:\/\/www.ramus.je\/nejlepsi\/wp-json\/wp\/v2\/media?parent=1924"}],"curies":[{"name":"wp","href":"https:\/\/api.w.org\/{rel}","templated":true}]}}