{"id":1862,"date":"2022-05-13T15:27:23","date_gmt":"2022-05-13T14:27:23","guid":{"rendered":"https:\/\/www.ramus.je\/web\/?page_id=1862"},"modified":"2025-11-15T07:48:47","modified_gmt":"2025-11-15T06:48:47","slug":"myslenka","status":"publish","type":"page","link":"https:\/\/www.ramus.je\/nejlepsi\/myslenka\/","title":{"rendered":"My\u0161lenka"},"content":{"rendered":"\n<p><strong>\u25ba\u00a0Ramus je platforma pro spole\u010dn\u00e9 setk\u00e1v\u00e1n\u00ed a aktivn\u00ed vyu\u017e\u00edv\u00e1n\u00ed voln\u00e9ho \u010dasu lid\u00ed s posti\u017een\u00edm i bez n\u011bj.<\/strong><\/p>\n\n\n\n<p><strong>\u25ba&nbsp;Ramus je snaha b\u00fdt co nejm\u00e9n\u011b z\u00e1visl\u00fd na grantov\u00fdch a dota\u010dn\u00edch syst\u00e9mech.<\/strong><\/p>\n\n\n\n<p><strong>\u25ba&nbsp;Ramus je cesta, jak bo\u0159it za\u017eit\u00e9 p\u0159edsudky a inspirovat jednotlivce i organizace kolem sebe.<\/strong><\/p>\n\n\n\n<p><em>Jak v\u00fd\u0161e uveden\u00e9 body napl\u0148ujeme?<br>Viz sekce&nbsp;<a href=\"https:\/\/www.ramus.je\/nejlepsi\/aktivita\/\" data-type=\"page\" data-id=\"1924\">aktivita<\/a>, \u010di&nbsp;\u010dl\u00e1nky a rozhovory n\u00ed\u017ee.<\/em><\/p>\n\n\n\n<hr class=\"wp-block-separator has-css-opacity\"\/>\n\n\n\n<h2 class=\"wp-block-heading\">Jak Ramus funguje?<\/h2>\n\n\n\n<p>Ve\u0161ker\u00e1 \u010dinnost&nbsp;Ramusu stoj\u00ed na&nbsp;\u0161irok\u00e9&nbsp;z\u00e1kladn\u011b&nbsp;<strong>dobrovolnictva<\/strong>, mlad\u00fdch asistentek a asistent\u016f, bez kter\u00fdch by se \u017e\u00e1dn\u00e1 z na\u0161ich aktivit nemohla uskute\u010dnit.<\/p>\n\n\n\n<p>O z\u00e1kladn\u00ed chod Ramusu se star\u00e1&nbsp;<strong>provozn\u00ed skupina<\/strong>, n\u011bkolik lid\u00ed, kte\u0159\u00ed jsou za pr\u00e1ci vykon\u00e1vanou v r\u00e1mci sv\u00e9 pozice finan\u010dn\u011b ohodnoceni. V\u00edce o t\u011bchto lidech se dozv\u00edte v sekci&nbsp;<a href=\"https:\/\/www.ramus.je\/nejlepsi\/kontakt\/\" data-type=\"page\">kontakt<\/a>.<\/p>\n\n\n\n<p>Provozn\u00ed skupina se pravideln\u011b sch\u00e1z\u00ed na porad\u00e1ch, kter\u00e9 je mo\u017en\u00e9 po p\u0159edchoz\u00ed domluv\u011b nav\u0161t\u00edvit. <\/p>\n\n\n\n<p>Na na\u0161ich akc\u00edch se sna\u017e\u00edme \u0159\u00eddit&nbsp;<a href=\"https:\/\/issuu.com\/osramus\/docs\/ramus_kodex_191019\">Ramus\u00edm kodexem<\/a>.<\/p>\n\n\n\n<h2 class=\"wp-block-heading\">Jak Ramus vznikl?<\/h2>\n\n\n\n<p>Ob\u010dansk\u00e9 sdru\u017een\u00ed Ramus bylo zalo\u017eeno v listopadu 2009 partou&nbsp;mlad\u00fdch lid\u00ed s hlavn\u00edm c\u00edlem pokra\u010dovat v mnohalet\u00e9 tradici letn\u00edch t\u00e1bor\u016f pro mlad\u00e9 lidi s posti\u017een\u00edm v Novohradsk\u00fdch hor\u00e1ch. Ramus je latinsk\u00fd v\u00fdraz pro v\u011btev, j\u00edm\u017e&nbsp;jsme&nbsp;cht\u011bli&nbsp;v&nbsp;dob\u011b&nbsp;zalo\u017een\u00ed&nbsp;vyj\u00e1d\u0159it&nbsp;n\u00e1vaznost na dnes ji\u017e nefunguj\u00edc\u00ed organizaci&nbsp;<strong>Proutek<\/strong>, pod jej\u00ed\u017e hlavi\u010dkou jsme t\u00e1bory po\u0159\u00e1dali do t\u00e9 doby.<\/p>\n\n\n\n<p>V aktu\u00e1ln\u00ed podob\u011b funguje Ramus od listopadu 2013, pot\u00e9, co prob\u011bhla reorganizace sdru\u017een\u00ed shrnut\u00e1 v textu&nbsp;<a href=\"https:\/\/www.ramus.je\/dok\/JFR_111113.pdf\">Jemn\u011b fialov\u00e1 revoluce v ob\u010dansk\u00e9m sdru\u017een\u00ed Ramus<\/a>.<\/p>\n\n\n\n<hr class=\"wp-block-separator has-css-opacity\"\/>\n\n\n\n<h2 class=\"wp-block-heading\">Ramus v m\u00e9di\u00edch<\/h2>\n\n\n\n<p>-&gt; &nbsp;<a href=\"https:\/\/drds.rozhlas.cz\/socialni-pracovnice-olga-bierhanzlova-jako-dite-jsem-byla-hodne-stydliva-ale-9415214?fbclid=IwY2xjawNjNW5leHRuA2FlbQIxMABicmlkETFSZGF5NlplVEhtdnBNc01zAR7nbk50hcRzulHW0VDzT-uHqd281B7PXjpalhcoizPnYOL9Zl4ebqx9oi8O5g_aem_PTg9hke2EcRuT5kR2uGgTg\">Rozhovor s na\u0161\u00ed \u0159editelkou Olgou a Honzou Kudl\u00e1\u010dkem<\/a><br><em>\/ DRDS, \u00fanor <\/em>2024<\/p>\n\n\n\n<p>-&gt; &nbsp;<a href=\"http:\/\/www.rozhlas.cz\/radiowave\/prescaru\/_zprava\/pres-caru-detska-mozkova-obrna-spis-denne-mimo-obraz--1623459\">D\u011btsk\u00e1 mozkov\u00e1 obrna? Sp\u00ed\u0161 denn\u011b mimo obraz!<\/a><br><em>\/ Radio Wave, \u010derven 2016<\/em><\/p>\n\n\n\n<p>-&gt;&nbsp;<a href=\"https:\/\/www.ramus.je\/dok\/dotaznik_ramus_leden15.pdf\">Dotazn\u00edk o financov\u00e1n\u00ed<\/a><br>\/&nbsp;<em>\u0161koln\u00ed pr\u00e1ce v r\u00e1mci studia \u010cZU, leden 2015<br><\/em><br>-&gt;&nbsp;<a href=\"https:\/\/www.ramus.je\/dok\/ramus_moment_rozhovor_listopad_14.pdf\">Naj\u00edt si vlastn\u00ed cestu fungov\u00e1n\u00ed<\/a><br>\/&nbsp;<em>zpravodaj Moment, listopad 2014<\/em><\/p>\n\n\n\n<p>-&gt;<a href=\"https:\/\/www.ramus.je\/dok\/ramus_plus21.pdf\">&nbsp;Ramus je! V\u011btev, co se h\u00fdbe bez grant\u016f<\/a><br>\/&nbsp;<em>\u010dasopis Plus 21, \u010dervenec 2014<\/em><\/p>\n\n\n\n<p>-&gt;&nbsp;<a href=\"http:\/\/www.protisedi.cz\/video\/ramus-grantsurfingu-se-snazime-vyhybat\">Ramus: Grantsurfingu se sna\u017e\u00edme vyh\u00fdbat<\/a><br>\/&nbsp;<em>protisedi.cz, leden 2014<\/em><\/p>\n","protected":false},"excerpt":{"rendered":"<p>\u25ba\u00a0Ramus je platforma pro spole\u010dn\u00e9 setk\u00e1v\u00e1n\u00ed a aktivn\u00ed vyu\u017e\u00edv\u00e1n\u00ed voln\u00e9ho \u010dasu lid\u00ed s posti\u017een\u00edm i bez n\u011bj. \u25ba&nbsp;Ramus je snaha b\u00fdt co nejm\u00e9n\u011b z\u00e1visl\u00fd na grantov\u00fdch a dota\u010dn\u00edch syst\u00e9mech. \u25ba&nbsp;Ramus je cesta, jak bo\u0159it za\u017eit\u00e9 p\u0159edsudky a inspirovat jednotlivce i organizace kolem sebe. Jak v\u00fd\u0161e uveden\u00e9 body napl\u0148ujeme?Viz sekce&nbsp;aktivita, \u010di&nbsp;\u010dl\u00e1nky a rozhovory n\u00ed\u017ee. Jak Ramus &hellip; <a href=\"https:\/\/www.ramus.je\/nejlepsi\/myslenka\/\" class=\"more-link\">Continue reading<span class=\"screen-reader-text\"> &#8222;My\u0161lenka&#8220;<\/span><\/a><\/p>\n","protected":false},"author":1,"featured_media":0,"parent":0,"menu_order":0,"comment_status":"closed","ping_status":"closed","template":"","meta":{"ngg_post_thumbnail":0,"footnotes":""},"class_list":["post-1862","page","type-page","status-publish","hentry"],"_links":{"self":[{"href":"https:\/\/www.ramus.je\/nejlepsi\/wp-json\/wp\/v2\/pages\/1862","targetHints":{"allow":["GET"]}}],"collection":[{"href":"https:\/\/www.ramus.je\/nejlepsi\/wp-json\/wp\/v2\/pages"}],"about":[{"href":"https:\/\/www.ramus.je\/nejlepsi\/wp-json\/wp\/v2\/types\/page"}],"author":[{"embeddable":true,"href":"https:\/\/www.ramus.je\/nejlepsi\/wp-json\/wp\/v2\/users\/1"}],"replies":[{"embeddable":true,"href":"https:\/\/www.ramus.je\/nejlepsi\/wp-json\/wp\/v2\/comments?post=1862"}],"version-history":[{"count":11,"href":"https:\/\/www.ramus.je\/nejlepsi\/wp-json\/wp\/v2\/pages\/1862\/revisions"}],"predecessor-version":[{"id":26520,"href":"https:\/\/www.ramus.je\/nejlepsi\/wp-json\/wp\/v2\/pages\/1862\/revisions\/26520"}],"wp:attachment":[{"href":"https:\/\/www.ramus.je\/nejlepsi\/wp-json\/wp\/v2\/media?parent=1862"}],"curies":[{"name":"wp","href":"https:\/\/api.w.org\/{rel}","templated":true}]}}