{"id":16052,"date":"2022-06-07T08:38:57","date_gmt":"2022-06-07T07:38:57","guid":{"rendered":"https:\/\/www.ramus.je\/web\/?page_id=16052"},"modified":"2022-06-07T08:38:57","modified_gmt":"2022-06-07T07:38:57","slug":"zapisnik","status":"publish","type":"page","link":"https:\/\/www.ramus.je\/nejlepsi\/zapisnik\/","title":{"rendered":"Z\u00e1pisn\u00edk"},"content":{"rendered":"<div  class=\"ultp-post-grid-block wp-block-ultimate-post-post-grid-1 ultp-block-bd107e\"><div class=\"ultp-block-wrapper\"><div class=\"ultp-loading\"><div class=\"ultp-loading-blocks\" style=\"width:100%;height:100%;\"><div style=\"left: 0;top: 0;animation-delay:0s;\"><\/div><div style=\"left: 21px;top: 0;animation-delay:0.125s;\"><\/div><div style=\"left: 42px;top: 0;animation-delay:0.25s;\"><\/div><div style=\"left: 0;top: 21px;animation-delay:0.875s;\"><\/div><div style=\"left: 42px;top: 21px;animation-delay:0.375s;\"><\/div><div style=\"left: 0;top: 42px;animation-delay:0.75s;\"><\/div><div style=\"left: 42px;top: 42px;animation-delay:0.625s;\"><\/div><div style=\"left: 21px;top: 42px;animation-delay:0.5s;\"><\/div><\/div><\/div><div class=\"ultp-heading-filter\"><div class=\"ultp-heading-filter-in\"><div class=\"ultp-filter-navigation\"><\/div><\/div><\/div><div class=\"ultp-block-items-wrap ultp-block-row ultp-pg1a-style1 ultp-grid1-responsive ultp-block-column-1 1 1 ultp-layout1\"><div class=\"ultp-block-item post-id-3582\"><div class=\"ultp-block-content-wrap\"><div class=\"ultp-block-content\"><h3 class=\"ultp-block-title \"><a href=\"https:\/\/www.ramus.je\/nejlepsi\/mikbezu\/\" >\/ 2020 \/ prosinec \/ Mikul\u00e1\u0161sk\u00e1 bez uhl\u00ed<\/a><\/h3><\/div><\/div><\/div><div class=\"ultp-block-item post-id-3342\"><div class=\"ultp-block-content-wrap\"><div class=\"ultp-block-content\"><h3 class=\"ultp-block-title \"><a href=\"https:\/\/www.ramus.je\/nejlepsi\/vdraznimdomku\/\" >\/ 2018 \/ prosinec \/ V dr\u00e1\u017en\u00edm domku<\/a><\/h3><\/div><\/div><\/div><div class=\"ultp-block-item post-id-3301\"><div class=\"ultp-block-content-wrap\"><div class=\"ultp-block-content\"><h3 class=\"ultp-block-title \"><a href=\"https:\/\/www.ramus.je\/nejlepsi\/kutnahora\/\" >\/ 2018 \/ listopad \/ Afriskuj<\/a><\/h3><\/div><\/div><\/div><div class=\"ultp-block-item post-id-3040\"><div class=\"ultp-block-content-wrap\"><div class=\"ultp-block-content\"><h3 class=\"ultp-block-title \"><a href=\"https:\/\/www.ramus.je\/nejlepsi\/italskyroadtrip\/\" >\/ 2017 \/ kv\u011bten \/ Italsk\u00fd roadtrip<\/a><\/h3><\/div><\/div><\/div><div class=\"ultp-block-item post-id-2911\"><div class=\"ultp-block-content-wrap\"><div class=\"ultp-block-content\"><h3 class=\"ultp-block-title \"><a href=\"https:\/\/www.ramus.je\/nejlepsi\/roadtripseverni\/\" >\/ 2016 \/ kv\u011bten \/ Roadtrip severn\u00ed<\/a><\/h3><\/div><\/div><\/div><div class=\"ultp-block-item post-id-2897\"><div class=\"ultp-block-content-wrap\"><div class=\"ultp-block-content\"><h3 class=\"ultp-block-title \"><a href=\"https:\/\/www.ramus.je\/nejlepsi\/2016-kveten-udomku\/\" >\/ 2016 \/ kv\u011bten \/ U domku<\/a><\/h3><\/div><\/div><\/div><div class=\"ultp-block-item post-id-2886\"><div class=\"ultp-block-content-wrap\"><div class=\"ultp-block-content\"><h3 class=\"ultp-block-title \"><a href=\"https:\/\/www.ramus.je\/nejlepsi\/2016-duben-sverak-citron\/\" >\/ 2016 \/ duben \/ Sv\u011br\u00e1k s citr\u00f3nem<\/a><\/h3><\/div><\/div><\/div><div class=\"ultp-block-item post-id-2751\"><div class=\"ultp-block-content-wrap\"><div class=\"ultp-block-content\"><h3 class=\"ultp-block-title \"><a href=\"https:\/\/www.ramus.je\/nejlepsi\/2015-listopad-svanda-dudak\/\" >\/ 2015 \/ listopad \/ \u0160vanda Dud\u00e1k<\/a><\/h3><\/div><\/div><\/div><div class=\"ultp-block-item post-id-2676\"><div class=\"ultp-block-content-wrap\"><div class=\"ultp-block-content\"><h3 class=\"ultp-block-title \"><a href=\"https:\/\/www.ramus.je\/nejlepsi\/2015-duben-drsnej-privoz\/\" >\/ 2015 \/ duben \/ Drsnej p\u0159\u00edvoz<\/a><\/h3><\/div><\/div><\/div><div class=\"ultp-block-item post-id-2661\"><div class=\"ultp-block-content-wrap\"><div class=\"ultp-block-content\"><h3 class=\"ultp-block-title \"><a href=\"https:\/\/www.ramus.je\/nejlepsi\/15-otvirani-studanek\/\" >\/ 2015 \/ b\u0159ezen \/ Otv\u00edr\u00e1n\u00ed stud\u00e1nek<\/a><\/h3><\/div><\/div><\/div><div class=\"ultp-block-item post-id-2664\"><div class=\"ultp-block-content-wrap\"><div class=\"ultp-block-content\"><h3 class=\"ultp-block-title \"><a href=\"https:\/\/www.ramus.je\/nejlepsi\/2015-brezen-conaplat\/\" >\/ 2015 \/ b\u0159ezen \/ Co naplat<\/a><\/h3><\/div><\/div><\/div><div class=\"ultp-block-item post-id-2611\"><div class=\"ultp-block-content-wrap\"><div class=\"ultp-block-content\"><h3 class=\"ultp-block-title \"><a href=\"https:\/\/www.ramus.je\/nejlepsi\/14-srbska-vakandavka\/\" >\/ 2014 \/ listopad \/ Srbsk\u00e1 v\u00e1kandavka<\/a><\/h3><\/div><\/div><\/div><div class=\"ultp-block-item post-id-2588\"><div class=\"ultp-block-content-wrap\"><div class=\"ultp-block-content\"><h3 class=\"ultp-block-title \"><a href=\"https:\/\/www.ramus.je\/nejlepsi\/2014-koser-vikend\/\" >\/ 2014 \/ \u0159\u00edjen \/ Ko\u0161er v\u00edkend<\/a><\/h3><\/div><\/div><\/div><div class=\"ultp-block-item post-id-2586\"><div class=\"ultp-block-content-wrap\"><div class=\"ultp-block-content\"><h3 class=\"ultp-block-title \"><a href=\"https:\/\/www.ramus.je\/nejlepsi\/2014-drsna-trampolina\/\" >\/ 2014 \/ \u0159\u00edjen \/ Drsn\u00e1 trampol\u00edna<\/a><\/h3><\/div><\/div><\/div><div class=\"ultp-block-item post-id-2546\"><div class=\"ultp-block-content-wrap\"><div class=\"ultp-block-content\"><h3 class=\"ultp-block-title \"><a href=\"https:\/\/www.ramus.je\/nejlepsi\/nadvlada-stroju\/\" >\/ 2014 \/ srpen \/ Nadvl\u00e1da stroj\u016f<\/a><\/h3><\/div><\/div><\/div><div class=\"ultp-block-item post-id-2552\"><div class=\"ultp-block-content-wrap\"><div class=\"ultp-block-content\"><h3 class=\"ultp-block-title \"><a href=\"https:\/\/www.ramus.je\/nejlepsi\/denik-drsny-tabor\/\" >\/ 2014 \/ srpen \/ Odi et odi (den\u00edk)<\/a><\/h3><\/div><\/div><\/div><div class=\"ultp-block-item post-id-2513\"><div class=\"ultp-block-content-wrap\"><div class=\"ultp-block-content\"><h3 class=\"ultp-block-title \"><a href=\"https:\/\/www.ramus.je\/nejlepsi\/vilavalila\/\" >\/ 2014 \/ \u010dervenec \/ N\u00e1vally ve ville Vallile<\/a><\/h3><\/div><\/div><\/div><div class=\"ultp-block-item post-id-2512\"><div class=\"ultp-block-content-wrap\"><div class=\"ultp-block-content\"><h3 class=\"ultp-block-title \"><a href=\"https:\/\/www.ramus.je\/nejlepsi\/statenice\/\" >\/ 2014 \/ \u010derven \/ Statenick\u00e1 drsnoj\u00edzda<\/a><\/h3><\/div><\/div><\/div><div class=\"ultp-block-item post-id-2481\"><div class=\"ultp-block-content-wrap\"><div class=\"ultp-block-content\"><h3 class=\"ultp-block-title \"><a href=\"https:\/\/www.ramus.je\/nejlepsi\/vymazanapamet14\/\" >\/ 2014 \/ kv\u011bten \/ Vymazan\u00e1 pam\u011b\u0165<\/a><\/h3><\/div><\/div><\/div><div class=\"ultp-block-item post-id-2479\"><div class=\"ultp-block-content-wrap\"><div class=\"ultp-block-content\"><h3 class=\"ultp-block-title \"><a href=\"https:\/\/www.ramus.je\/nejlepsi\/rambarbazar14\/\" >\/ 2014 \/ kv\u011bten \/ Rambar limo bazar<\/a><\/h3><\/div><\/div><\/div><div class=\"ultp-block-item post-id-2480\"><div class=\"ultp-block-content-wrap\"><div class=\"ultp-block-content\"><h3 class=\"ultp-block-title \"><a href=\"https:\/\/www.ramus.je\/nejlepsi\/dvametryramusu\/\" >\/ 2014 \/ duben \/ 2&#215;2 metry Ramusu<\/a><\/h3><\/div><\/div><\/div><div class=\"ultp-block-item post-id-2482\"><div class=\"ultp-block-content-wrap\"><div class=\"ultp-block-content\"><h3 class=\"ultp-block-title \"><a href=\"https:\/\/www.ramus.je\/nejlepsi\/indiani-14\/\" >\/ 2014 \/ duben \/ Indi\u00e1ni ve mn\u011b ste<\/a><\/h3><\/div><\/div><\/div><div class=\"ultp-block-item post-id-2483\"><div class=\"ultp-block-content-wrap\"><div class=\"ultp-block-content\"><h3 class=\"ultp-block-title \"><a href=\"https:\/\/www.ramus.je\/nejlepsi\/dvursproutkem-14\/\" >\/ 2014 \/ duben \/ Otev\u0159en\u00fd dv\u016fr s Proutkem<\/a><\/h3><\/div><\/div><\/div><div class=\"ultp-block-item post-id-2379\"><div class=\"ultp-block-content-wrap\"><div class=\"ultp-block-content\"><h3 class=\"ultp-block-title \"><a href=\"https:\/\/www.ramus.je\/nejlepsi\/prvnijarnivila14\/\" >\/ 2014 \/ b\u0159ezen \/ Prvn\u00ed jarn\u00ed v\u00edla<\/a><\/h3><\/div><\/div><\/div><div class=\"ultp-block-item post-id-2484\"><div class=\"ultp-block-content-wrap\"><div class=\"ultp-block-content\"><h3 class=\"ultp-block-title \"><a href=\"https:\/\/www.ramus.je\/nejlepsi\/asistovaciparty14\/\" >\/ 2014 \/ b\u0159ezen \/ Asistovac\u00ed p\u00e1rty<\/a><\/h3><\/div><\/div><\/div><div class=\"ultp-block-item post-id-2485\"><div class=\"ultp-block-content-wrap\"><div class=\"ultp-block-content\"><h3 class=\"ultp-block-title \"><a href=\"https:\/\/www.ramus.je\/nejlepsi\/masopust14\/\" >\/ 2014 \/ \u00fanor \/ Mokrops\u00ed masopust<\/a><\/h3><\/div><\/div><\/div><div class=\"ultp-block-item post-id-2338\"><div class=\"ultp-block-content-wrap\"><div class=\"ultp-block-content\"><h3 class=\"ultp-block-title \"><a href=\"https:\/\/www.ramus.je\/nejlepsi\/rambal-2\/\" >\/ 2013 \/ prosinec \/ Ramb\u00e1l<\/a><\/h3><\/div><\/div><\/div><div class=\"ultp-block-item post-id-2331\"><div class=\"ultp-block-content-wrap\"><div class=\"ultp-block-content\"><h3 class=\"ultp-block-title \"><a href=\"https:\/\/www.ramus.je\/nejlepsi\/drsnovikend13\/\" >\/ 2013 \/ listopad \/ Van Damme drsnov\u00edkend<\/a><\/h3><\/div><\/div><\/div><div class=\"ultp-block-item post-id-2300\"><div class=\"ultp-block-content-wrap\"><div class=\"ultp-block-content\"><h3 class=\"ultp-block-title \"><a href=\"https:\/\/www.ramus.je\/nejlepsi\/brandejsnadlabem\/\" >\/ 2013 \/ \u0159\u00edjen \/ Brandejs nad Labem<\/a><\/h3><\/div><\/div><\/div><div class=\"ultp-block-item post-id-2289\"><div class=\"ultp-block-content-wrap\"><div class=\"ultp-block-content\"><h3 class=\"ultp-block-title \"><a href=\"https:\/\/www.ramus.je\/nejlepsi\/zapisniktabornika\/\" >\/ 2013 \/ srpen \/ Z\u00e1pisn\u00edk t\u00e1born\u00edka<\/a><\/h3><\/div><\/div><\/div><div class=\"ultp-block-item post-id-2285\"><div class=\"ultp-block-content-wrap\"><div class=\"ultp-block-content\"><h3 class=\"ultp-block-title \"><a href=\"https:\/\/www.ramus.je\/nejlepsi\/prvniroadtrip-2\/\" >\/ 2013 \/ \u010dervenec \/ Prvn\u00ed roadtrip<\/a><\/h3><\/div><\/div><\/div><div class=\"ultp-block-item post-id-2276\"><div class=\"ultp-block-content-wrap\"><div class=\"ultp-block-content\"><h3 class=\"ultp-block-title \"><a href=\"https:\/\/www.ramus.je\/nejlepsi\/stvolinky\/\" >\/ 2013 \/ kv\u011bten \/ Stvol\u00ednky, cirkusov\u00e1n\u00ed<\/a><\/h3><\/div><\/div><\/div><div class=\"ultp-block-item post-id-2283\"><div class=\"ultp-block-content-wrap\"><div class=\"ultp-block-content\"><h3 class=\"ultp-block-title \"><a href=\"https:\/\/www.ramus.je\/nejlepsi\/ramaton\/\" >\/ 2013 \/ duben \/ Ramaton<\/a><\/h3><\/div><\/div><\/div><div class=\"ultp-block-item post-id-2263\"><div class=\"ultp-block-content-wrap\"><div class=\"ultp-block-content\"><h3 class=\"ultp-block-title \"><a href=\"https:\/\/www.ramus.je\/nejlepsi\/startupkavarny\/\" >\/ 2013 \/ \u00fanor \/ Start up ramus\u00ed kav\u00e1rny<\/a><\/h3><\/div><\/div><\/div><div class=\"ultp-block-item post-id-2445\"><div class=\"ultp-block-content-wrap\"><div class=\"ultp-block-content\"><h3 class=\"ultp-block-title \"><a href=\"https:\/\/www.ramus.je\/nejlepsi\/kaprivikend12\/\" >\/ 2012 \/ prosinec \/ Kap\u0159\u00ed v\u00edkend<\/a><\/h3><\/div><\/div><\/div><div class=\"ultp-block-item post-id-2234\"><div class=\"ultp-block-content-wrap\"><div class=\"ultp-block-content\"><h3 class=\"ultp-block-title \"><a href=\"https:\/\/www.ramus.je\/nejlepsi\/rajcatova\/\" >\/ 2012 \/ prosinec \/ Raj\u010datov\u00e1<\/a><\/h3><\/div><\/div><\/div><div class=\"ultp-block-item post-id-2233\"><div class=\"ultp-block-content-wrap\"><div class=\"ultp-block-content\"><h3 class=\"ultp-block-title \"><a href=\"https:\/\/www.ramus.je\/nejlepsi\/ramusfotoday\/\" >\/ 2012 \/ listopad \/ Ramus foto day<\/a><\/h3><\/div><\/div><\/div><div class=\"ultp-block-item post-id-2228\"><div class=\"ultp-block-content-wrap\"><div class=\"ultp-block-content\"><h3 class=\"ultp-block-title \"><a href=\"https:\/\/www.ramus.je\/nejlepsi\/charitativnibazar\/\" >\/ 2012 \/ listopad \/ Charitativn\u00ed bazar<\/a><\/h3><\/div><\/div><\/div><div class=\"ultp-block-item post-id-2444\"><div class=\"ultp-block-content-wrap\"><div class=\"ultp-block-content\"><h3 class=\"ultp-block-title \"><a href=\"https:\/\/www.ramus.je\/nejlepsi\/alenkavrisidivu\/\" >\/ 2012 \/ \u0159\u00edjen \/ Alenka v \u0159\u00ed\u0161i div\u016f<\/a><\/h3><\/div><\/div><\/div><div class=\"ultp-block-item post-id-2443\"><div class=\"ultp-block-content-wrap\"><div class=\"ultp-block-content\"><h3 class=\"ultp-block-title \"><a href=\"https:\/\/www.ramus.je\/nejlepsi\/ramustrach12\/\" >\/ 2012 \/ z\u00e1\u0159\u00ed \/ Ramustrach<\/a><\/h3><\/div><\/div><\/div><div class=\"ultp-block-item post-id-2442\"><div class=\"ultp-block-content-wrap\"><div class=\"ultp-block-content\"><h3 class=\"ultp-block-title \"><a href=\"https:\/\/www.ramus.je\/nejlepsi\/lostoun12\/\" >\/ 2012 \/ srpen \/ Legend\u00e1rn\u00ed t\u00e1bor: Lostoun<\/a><\/h3><\/div><\/div><\/div><div class=\"ultp-block-item post-id-2441\"><div class=\"ultp-block-content-wrap\"><div class=\"ultp-block-content\"><h3 class=\"ultp-block-title \"><a href=\"https:\/\/www.ramus.je\/nejlepsi\/prostarsitabor12\/\" >\/ 2012 \/ srpen \/ Prostar\u0161\u00ed t\u00e1bor<\/a><\/h3><\/div><\/div><\/div><div class=\"ultp-block-item post-id-2440\"><div class=\"ultp-block-content-wrap\"><div class=\"ultp-block-content\"><h3 class=\"ultp-block-title \"><a href=\"https:\/\/www.ramus.je\/nejlepsi\/2012-kveten-rychly-sipy-z-lipy\/\" >\/ 2012 \/ kv\u011bten \/ Rychl\u00fd \u0161\u00edpy z L\u00edpy<\/a><\/h3><\/div><\/div><\/div><div class=\"ultp-block-item post-id-2439\"><div class=\"ultp-block-content-wrap\"><div class=\"ultp-block-content\"><h3 class=\"ultp-block-title \"><a href=\"https:\/\/www.ramus.je\/nejlepsi\/tymbilding\/\" >\/ 2012 \/ duben \/ T\u00fdmbilding<\/a><\/h3><\/div><\/div><\/div><div class=\"ultp-block-item post-id-2438\"><div class=\"ultp-block-content-wrap\"><div class=\"ultp-block-content\"><h3 class=\"ultp-block-title \"><a href=\"https:\/\/www.ramus.je\/nejlepsi\/cestakolemsveta\/\" >\/ 2012 \/ duben \/ Cesta kolem sv\u011bta<\/a><\/h3><\/div><\/div><\/div><div class=\"ultp-block-item post-id-2252\"><div class=\"ultp-block-content-wrap\"><div class=\"ultp-block-content\"><h3 class=\"ultp-block-title \"><a href=\"https:\/\/www.ramus.je\/nejlepsi\/report-na-dodavku\/\" >\/ 2012 \/ b\u0159ezen \/ Benefit na dod\u00e1vku<\/a><\/h3><\/div><\/div><\/div><div class=\"ultp-block-item post-id-2437\"><div class=\"ultp-block-content-wrap\"><div class=\"ultp-block-content\"><h3 class=\"ultp-block-title \"><a href=\"https:\/\/www.ramus.je\/nejlepsi\/letnajenase\/\" >\/ 2012 \/ b\u0159ezen \/ Letn\u00e1 je na\u0161e<\/a><\/h3><\/div><\/div><\/div><div class=\"ultp-block-item post-id-2436\"><div class=\"ultp-block-content-wrap\"><div class=\"ultp-block-content\"><h3 class=\"ultp-block-title \"><a href=\"https:\/\/www.ramus.je\/nejlepsi\/tovarnanatricka\/\" >\/ 2012 \/ \u00fanor \/ Tov\u00e1rna na tri\u010dka<\/a><\/h3><\/div><\/div><\/div><div class=\"ultp-block-item post-id-2459\"><div class=\"ultp-block-content-wrap\"><div class=\"ultp-block-content\"><h3 class=\"ultp-block-title \"><a href=\"https:\/\/www.ramus.je\/nejlepsi\/usteckevanoce11\/\" >\/ 2011 \/ prosinec \/ V\u00e1noce v \u00dast\u00ed<\/a><\/h3><\/div><\/div><\/div><div class=\"ultp-block-item post-id-2457\"><div class=\"ultp-block-content-wrap\"><div class=\"ultp-block-content\"><h3 class=\"ultp-block-title \"><a href=\"https:\/\/www.ramus.je\/nejlepsi\/venceni11\/\" >\/ 2011 \/ listopad \/ Ven\u010den\u00ed<\/a><\/h3><\/div><\/div><\/div><div class=\"ultp-block-item post-id-2456\"><div class=\"ultp-block-content-wrap\"><div class=\"ultp-block-content\"><h3 class=\"ultp-block-title \"><a href=\"https:\/\/www.ramus.je\/nejlepsi\/zivemesto11\/\" >\/ 2011 \/ \u0159\u00edjen \/ Workshop, \u017div\u00e9 m\u011bsto<\/a><\/h3><\/div><\/div><\/div><div class=\"ultp-block-item post-id-2455\"><div class=\"ultp-block-content-wrap\"><div class=\"ultp-block-content\"><h3 class=\"ultp-block-title \"><a href=\"https:\/\/www.ramus.je\/nejlepsi\/dodecina11\/\" >\/ 2011 \/ \u0159\u00edjen \/ Do D\u011b\u010d\u00edna!<\/a><\/h3><\/div><\/div><\/div><div class=\"ultp-block-item post-id-2454\"><div class=\"ultp-block-content-wrap\"><div class=\"ultp-block-content\"><h3 class=\"ultp-block-title \"><a href=\"https:\/\/www.ramus.je\/nejlepsi\/planetaramus11\/\" >\/ 2011 \/ z\u00e1\u0159\u00ed \/ Planeta Ramus<\/a><\/h3><\/div><\/div><\/div><div class=\"ultp-block-item post-id-2453\"><div class=\"ultp-block-content-wrap\"><div class=\"ultp-block-content\"><h3 class=\"ultp-block-title \"><a href=\"https:\/\/www.ramus.je\/nejlepsi\/fbi11\/\" >\/ 2011 \/ srpen \/ Odd\u011blen\u00ed paranorm\u00e1ln\u00edch jev\u016f<\/a><\/h3><\/div><\/div><\/div><div class=\"ultp-block-item post-id-2452\"><div class=\"ultp-block-content-wrap\"><div class=\"ultp-block-content\"><h3 class=\"ultp-block-title \"><a href=\"https:\/\/www.ramus.je\/nejlepsi\/stopemnatabor11\/\" >\/ 2011 \/ srpen \/ Na t\u00e1bor stopem<\/a><\/h3><\/div><\/div><\/div><div class=\"ultp-block-item post-id-2451\"><div class=\"ultp-block-content-wrap\"><div class=\"ultp-block-content\"><h3 class=\"ultp-block-title \"><a href=\"https:\/\/www.ramus.je\/nejlepsi\/drsnebrdy11\/\" >\/ 2011 \/ kv\u011bten \/ Drsnej vejkend v Brdech<\/a><\/h3><\/div><\/div><\/div><div class=\"ultp-block-item post-id-2450\"><div class=\"ultp-block-content-wrap\"><div class=\"ultp-block-content\"><h3 class=\"ultp-block-title \"><a href=\"https:\/\/www.ramus.je\/nejlepsi\/carymary11\/\" >\/ 2011 \/ duben \/ \u010c\u00e1ry m\u00e1ry<\/a><\/h3><\/div><\/div><\/div><div class=\"ultp-block-item post-id-2449\"><div class=\"ultp-block-content-wrap\"><div class=\"ultp-block-content\"><h3 class=\"ultp-block-title \"><a href=\"https:\/\/www.ramus.je\/nejlepsi\/kaubojvikend11\/\" >\/ 2011 \/ b\u0159ezen \/ Kaubojsk\u00fd v\u00edkend<\/a><\/h3><\/div><\/div><\/div><div class=\"ultp-block-item post-id-2448\"><div class=\"ultp-block-content-wrap\"><div class=\"ultp-block-content\"><h3 class=\"ultp-block-title \"><a href=\"https:\/\/www.ramus.je\/nejlepsi\/kdojevrah11\/\" >\/ 2011 \/ \u00fanor \/ Kdo je tady vrah?<\/a><\/h3><\/div><\/div><\/div><div class=\"ultp-block-item post-id-2447\"><div class=\"ultp-block-content-wrap\"><div class=\"ultp-block-content\"><h3 class=\"ultp-block-title \"><a href=\"https:\/\/www.ramus.je\/nejlepsi\/vyrobatricek11\/\" >\/ 2011 \/ leden \/ V\u00fdroba tri\u010dek<\/a><\/h3><\/div><\/div><\/div><div class=\"ultp-block-item post-id-2446\"><div class=\"ultp-block-content-wrap\"><div class=\"ultp-block-content\"><h3 class=\"ultp-block-title \"><a href=\"https:\/\/www.ramus.je\/nejlepsi\/posametu11\/\" >\/ 2011 \/ leden \/ Po Sametu<\/a><\/h3><\/div><\/div><\/div><div class=\"ultp-block-item post-id-2468\"><div class=\"ultp-block-content-wrap\"><div class=\"ultp-block-content\"><h3 class=\"ultp-block-title \"><a href=\"https:\/\/www.ramus.je\/nejlepsi\/vanocnivikend10\/\" >\/ 2010 \/ prosinec \/ V\u00e1no\u010dn\u00ed v\u00edkend<\/a><\/h3><\/div><\/div><\/div><div class=\"ultp-block-item post-id-2467\"><div class=\"ultp-block-content-wrap\"><div class=\"ultp-block-content\"><h3 class=\"ultp-block-title \"><a href=\"https:\/\/www.ramus.je\/nejlepsi\/poustenidraku10\/\" >\/ 2010 \/ listopad \/ Pou\u0161t\u011bn\u00ed drak\u016f<\/a><\/h3><\/div><\/div><\/div><div class=\"ultp-block-item post-id-2466\"><div class=\"ultp-block-content-wrap\"><div class=\"ultp-block-content\"><h3 class=\"ultp-block-title \"><a href=\"https:\/\/www.ramus.je\/nejlepsi\/pruzkumelnika10\/\" >\/ 2010 \/ \u0159\u00edjen \/ Pr\u016fzkum M\u011bln\u00edka<\/a><\/h3><\/div><\/div><\/div><div class=\"ultp-block-item post-id-2465\"><div class=\"ultp-block-content-wrap\"><div class=\"ultp-block-content\"><h3 class=\"ultp-block-title \"><a href=\"https:\/\/www.ramus.je\/nejlepsi\/taborakvemeste10\/\" >\/ 2010 \/ z\u00e1\u0159\u00ed \/ T\u00e1bor\u00e1k ve m\u011bst\u011b<\/a><\/h3><\/div><\/div><\/div><div class=\"ultp-block-item post-id-2464\"><div class=\"ultp-block-content-wrap\"><div class=\"ultp-block-content\"><h3 class=\"ultp-block-title \"><a href=\"https:\/\/www.ramus.je\/nejlepsi\/italskytabor10\/\" >\/ 2010 \/ srpen \/ Italsk\u00fd t\u00e1bor<\/a><\/h3><\/div><\/div><\/div><div class=\"ultp-block-item post-id-2463\"><div class=\"ultp-block-content-wrap\"><div class=\"ultp-block-content\"><h3 class=\"ultp-block-title \"><a href=\"https:\/\/www.ramus.je\/nejlepsi\/benefit10\/\" >\/ 2010 \/ kv\u011bten \/ Benefi\u010dn\u00ed koncert<\/a><\/h3><\/div><\/div><\/div><div class=\"ultp-block-item post-id-2462\"><div class=\"ultp-block-content-wrap\"><div class=\"ultp-block-content\"><h3 class=\"ultp-block-title \"><a href=\"https:\/\/www.ramus.je\/nejlepsi\/survival10\/\" >\/ 2010 \/ kv\u011bten \/ Survival Disability Show<\/a><\/h3><\/div><\/div><\/div><div class=\"ultp-block-item post-id-2461\"><div class=\"ultp-block-content-wrap\"><div class=\"ultp-block-content\"><h3 class=\"ultp-block-title \"><a href=\"https:\/\/www.ramus.je\/nejlepsi\/vitanijara10\/\" >\/ 2010 \/ b\u0159ezen \/ V\u00edt\u00e1n\u00ed jara<\/a><\/h3><\/div><\/div><\/div><div class=\"ultp-block-item post-id-2460\"><div class=\"ultp-block-content-wrap\"><div class=\"ultp-block-content\"><h3 class=\"ultp-block-title \"><a href=\"https:\/\/www.ramus.je\/nejlepsi\/hrapopraze10\/\" >\/ 2010 \/ \u00fanor \/ Hra po Praze<\/a><\/h3><\/div><\/div><\/div><\/div><div class=\"ultp-pagination-wrap ultp-pagination-ajax-action\" data-paged=\"1\" data-expost=\"\"  data-blockid=\"bd107e\" data-postid=\"16052\" data-pages=\"1\" data-blockname=\"ultimate-post_post-grid-1\" data-selfpostid=\"no\"><\/div><\/div><div class=\"pagination-block-html\" aria-hidden=\"true\" style=\"display: none;\"><\/div><\/div>","protected":false},"excerpt":{"rendered":"","protected":false},"author":1,"featured_media":0,"parent":0,"menu_order":0,"comment_status":"closed","ping_status":"closed","template":"","meta":{"ngg_post_thumbnail":0,"footnotes":""},"class_list":["post-16052","page","type-page","status-publish","hentry"],"_links":{"self":[{"href":"https:\/\/www.ramus.je\/nejlepsi\/wp-json\/wp\/v2\/pages\/16052","targetHints":{"allow":["GET"]}}],"collection":[{"href":"https:\/\/www.ramus.je\/nejlepsi\/wp-json\/wp\/v2\/pages"}],"about":[{"href":"https:\/\/www.ramus.je\/nejlepsi\/wp-json\/wp\/v2\/types\/page"}],"author":[{"embeddable":true,"href":"https:\/\/www.ramus.je\/nejlepsi\/wp-json\/wp\/v2\/users\/1"}],"replies":[{"embeddable":true,"href":"https:\/\/www.ramus.je\/nejlepsi\/wp-json\/wp\/v2\/comments?post=16052"}],"version-history":[{"count":1,"href":"https:\/\/www.ramus.je\/nejlepsi\/wp-json\/wp\/v2\/pages\/16052\/revisions"}],"predecessor-version":[{"id":16055,"href":"https:\/\/www.ramus.je\/nejlepsi\/wp-json\/wp\/v2\/pages\/16052\/revisions\/16055"}],"wp:attachment":[{"href":"https:\/\/www.ramus.je\/nejlepsi\/wp-json\/wp\/v2\/media?parent=16052"}],"curies":[{"name":"wp","href":"https:\/\/api.w.org\/{rel}","templated":true}]}}