{"id":15378,"date":"2022-05-27T11:59:44","date_gmt":"2022-05-27T10:59:44","guid":{"rendered":"https:\/\/www.ramus.je\/web\/?page_id=15378"},"modified":"2022-06-24T16:40:22","modified_gmt":"2022-06-24T15:40:22","slug":"televize","status":"publish","type":"page","link":"https:\/\/www.ramus.je\/nejlepsi\/archiv\/televize\/","title":{"rendered":"Televize"},"content":{"rendered":"\n<p><strong>V\u011bt\u0161inu film\u016f lze st\u00e1hnout z Vimea, na kter\u00e9m jsou um\u00edst\u011bny. Proto\u017ee filmov\u00fd pr\u016fmysl je \u017eiven\u00fd reklamou, je v lev\u00e9m menu i sekce\u00a0<a href=\"http:\/\/www.ramus.je\/nejlepsi\/index.php\/archiv\/reklama\">reklama<\/a>, ve kter\u00e9 m\u016f\u017eete vid\u011bt v\u0161echny na\u0161e propagandistick\u00e1 videa.<\/strong><\/p>\n\n\n\n<hr class=\"wp-block-separator has-alpha-channel-opacity\"\/>\n\n\n\n<h2 class=\"wp-block-heading\">Ramaton<\/h2>\n\n\n\n<figure class=\"wp-block-embed is-type-video is-provider-vimeo wp-block-embed-vimeo wp-embed-aspect-16-9 wp-has-aspect-ratio\"><div class=\"wp-block-embed__wrapper\">\n<iframe loading=\"lazy\" title=\"RAMATON 2019\" src=\"https:\/\/player.vimeo.com\/video\/334536778?dnt=1&amp;app_id=122963\" width=\"720\" height=\"405\" frameborder=\"0\" allow=\"autoplay; fullscreen; picture-in-picture; clipboard-write\"><\/iframe>\n<\/div><\/figure>\n\n\n\n<figure class=\"wp-block-embed is-type-video is-provider-vimeo wp-block-embed-vimeo wp-embed-aspect-16-9 wp-has-aspect-ratio\"><div class=\"wp-block-embed__wrapper\">\n<iframe loading=\"lazy\" title=\"Ramaton 2015 \u25ba benefi\u010dn\u00ed b\u011bh pro Ramus\" src=\"https:\/\/player.vimeo.com\/video\/139584145?dnt=1&amp;app_id=122963\" width=\"720\" height=\"400\" frameborder=\"0\" allow=\"autoplay; fullscreen; picture-in-picture; clipboard-write\"><\/iframe>\n<\/div><\/figure>\n\n\n\n<hr class=\"wp-block-separator has-alpha-channel-opacity\"\/>\n\n\n\n<h2 class=\"wp-block-heading\">Gigabyt<\/h2>\n\n\n\n<p><strong>\u010cerven 2017 \/&nbsp;<\/strong>Kr\u00e1tk\u00fd dokument shrnuj\u00edc\u00ed na\u0161e p\u016flro\u010dn\u00ed byt\u00ed v Gigabyt\u011b.<\/p>\n\n\n\n<figure class=\"wp-block-embed is-type-video is-provider-vimeo wp-block-embed-vimeo wp-embed-aspect-16-9 wp-has-aspect-ratio\"><div class=\"wp-block-embed__wrapper\">\n<iframe loading=\"lazy\" title=\"GIGABYT \u2014 prvn\u00ed \u010dty\u0159i m\u011bs\u00edce\" src=\"https:\/\/player.vimeo.com\/video\/222545972?dnt=1&amp;app_id=122963\" width=\"720\" height=\"405\" frameborder=\"0\" allow=\"autoplay; fullscreen; picture-in-picture; clipboard-write\"><\/iframe>\n<\/div><\/figure>\n\n\n\n<hr class=\"wp-block-separator has-alpha-channel-opacity\"\/>\n\n\n\n<h2 class=\"wp-block-heading\">Reakce na kampa\u0148 Vodafone<\/h2>\n\n\n\n<p>Na\u0161e reakce na v\u00e1no\u010dn\u00ed kampa\u0148 Vodafone.<\/p>\n\n\n\n<figure class=\"wp-block-embed is-type-video is-provider-vimeo wp-block-embed-vimeo wp-embed-aspect-16-9 wp-has-aspect-ratio\"><div class=\"wp-block-embed__wrapper\">\n<iframe loading=\"lazy\" title=\"Ned\u011blejte z lid\u00ed na voz\u00edku fale\u0161n\u00fd soby\" src=\"https:\/\/player.vimeo.com\/video\/195094375?dnt=1&amp;app_id=122963\" width=\"720\" height=\"405\" frameborder=\"0\" allow=\"autoplay; fullscreen; picture-in-picture; clipboard-write\"><\/iframe>\n<\/div><\/figure>\n\n\n\n<hr class=\"wp-block-separator has-alpha-channel-opacity\"\/>\n\n\n\n<h2 class=\"wp-block-heading\">Turn\u00e9 bez koncert\u016f<\/h2>\n\n\n\n<p><strong>\u0158\u00edjen 2016 \/<\/strong>&nbsp;Dokument o ramus\u00edm roadtripu, kter\u00fd se uskute\u010dnil ve dnech 28. 9. \u2014 2. 10. 2016.<\/p>\n\n\n\n<figure class=\"wp-block-embed is-type-video is-provider-vimeo wp-block-embed-vimeo wp-embed-aspect-16-9 wp-has-aspect-ratio\"><div class=\"wp-block-embed__wrapper\">\n<iframe loading=\"lazy\" title=\"Ovl\u00e1d\u00e1 n\u00e1s technika\" src=\"https:\/\/player.vimeo.com\/video\/121821224?dnt=1&amp;app_id=122963\" width=\"720\" height=\"405\" frameborder=\"0\" allow=\"autoplay; fullscreen; picture-in-picture; clipboard-write\"><\/iframe>\n<\/div><\/figure>\n\n\n\n<hr class=\"wp-block-separator has-alpha-channel-opacity\"\/>\n\n\n\n<h2 class=\"wp-block-heading\">Debata o fundraisingu<\/h2>\n\n\n\n<p>V b\u0159eznu 2015 jsme uspo\u0159\u00e1dali jedine\u010dnou besedu o (etice) fundraisingu neziskov\u00fdch organizac\u00ed. Cel\u00fd z\u00e1znam viz video.<\/p>\n\n\n\n<figure class=\"wp-block-embed is-type-video is-provider-vimeo wp-block-embed-vimeo\"><div class=\"wp-block-embed__wrapper\">\n<iframe loading=\"lazy\" title=\"CO NAPLAT | z\u00e1znam z panelov\u00e9 diskuze o financov\u00e1ni neziskovek (4. 3. 2015, Divadlo Archa)\" src=\"https:\/\/player.vimeo.com\/video\/122660177?dnt=1&amp;app_id=122963\" width=\"720\" height=\"576\" frameborder=\"0\" allow=\"autoplay; fullscreen; picture-in-picture; clipboard-write\"><\/iframe>\n<\/div><\/figure>\n\n\n\n<hr class=\"wp-block-separator has-alpha-channel-opacity\"\/>\n\n\n\n<h2 class=\"wp-block-heading\">Milij\u00f3n vizitek<\/h2>\n\n\n\n<p><strong>Prosinec 2014 \/ &nbsp;<\/strong>V sobotu 13. 12. 2014 v 17.55 to bylo p\u0159esn\u011b&nbsp;5 let, 5 t\u00fddn\u016f a 5 dn\u016f od chv\u00edle, kdy jsme&nbsp;zalo\u017eili Ramus.&nbsp;A proto\u017ee u\u017e jsme takhle dosp\u011bl\u00fd,&nbsp;ud\u011blali jsme si vizitky. V\u0161ichni.<\/p>\n\n\n\n<figure class=\"wp-block-embed is-type-video is-provider-vimeo wp-block-embed-vimeo wp-embed-aspect-16-9 wp-has-aspect-ratio\"><div class=\"wp-block-embed__wrapper\">\n<iframe loading=\"lazy\" title=\"Milij\u00f3n vizitek | dle Jana C\u00e9zara zp\u00edv\u00e1 Ramus\" src=\"https:\/\/player.vimeo.com\/video\/118699627?dnt=1&amp;app_id=122963\" width=\"720\" height=\"405\" frameborder=\"0\" allow=\"autoplay; fullscreen; picture-in-picture; clipboard-write\"><\/iframe>\n<\/div><\/figure>\n\n\n\n<hr class=\"wp-block-separator has-alpha-channel-opacity\"\/>\n\n\n\n<h2 class=\"wp-block-heading\">O Albrechtu z Vald\u0161tejna<\/h2>\n\n\n\n<p><strong>Prosinec 2014 \/&nbsp;<\/strong>Kr\u00e1tk\u00fd n\u011bm\u00fd film o Albrechtu z Vald\u0161tejna, kter\u00fd jsme nato\u010dili v Ji\u010d\u00edn\u011b na Vald\u0161tejnsk\u00e9 lod\u017eii.<\/p>\n\n\n\n<figure class=\"wp-block-embed is-type-video is-provider-vimeo wp-block-embed-vimeo wp-embed-aspect-4-3 wp-has-aspect-ratio\"><div class=\"wp-block-embed__wrapper\">\n<iframe loading=\"lazy\" title=\"O Albrechtu z Vald\u0161tejna\" src=\"https:\/\/player.vimeo.com\/video\/115717389?dnt=1&amp;app_id=122963\" width=\"720\" height=\"540\" frameborder=\"0\" allow=\"autoplay; fullscreen; picture-in-picture; clipboard-write\"><\/iframe>\n<\/div><\/figure>\n\n\n\n<hr class=\"wp-block-separator has-alpha-channel-opacity\"\/>\n\n\n\n<h2 class=\"wp-block-heading\">Ramusong<\/h2>\n\n\n\n<p><strong>Srpen 2014 \/&nbsp;<\/strong>Videoklip k p\u00edsni Ramusong, kterou slo\u017eil \u00fa\u010dastn\u00edk drsn\u00e9ho t\u00e1bora Dominik Prouza.<\/p>\n\n\n\n<figure class=\"wp-block-embed is-type-video is-provider-vimeo wp-block-embed-vimeo wp-embed-aspect-16-9 wp-has-aspect-ratio\"><div class=\"wp-block-embed__wrapper\">\n<iframe loading=\"lazy\" title=\"Ramusong (Dominik Prouza feat. Ramus)\" src=\"https:\/\/player.vimeo.com\/video\/106122555?dnt=1&amp;app_id=122963\" width=\"720\" height=\"405\" frameborder=\"0\" allow=\"autoplay; fullscreen; picture-in-picture; clipboard-write\"><\/iframe>\n<\/div><\/figure>\n\n\n\n<hr class=\"wp-block-separator has-alpha-channel-opacity\"\/>\n\n\n\n<h2 class=\"wp-block-heading\">Proto\u017ee byl slepej<\/h2>\n\n\n\n<p><strong>\u0158\u00edjen 2013 \/<\/strong>&nbsp;Pozn\u00e1v\u00e1n\u00ed Brand\u00fdsa nad Labem.<\/p>\n\n\n\n<figure class=\"wp-block-embed is-type-video is-provider-vimeo wp-block-embed-vimeo wp-embed-aspect-16-9 wp-has-aspect-ratio\"><div class=\"wp-block-embed__wrapper\">\n<iframe loading=\"lazy\" title=\"Proto\u017ee byl slepej\" src=\"https:\/\/player.vimeo.com\/video\/92538480?dnt=1&amp;app_id=122963\" width=\"720\" height=\"405\" frameborder=\"0\" allow=\"autoplay; fullscreen; picture-in-picture; clipboard-write\"><\/iframe>\n<\/div><\/figure>\n\n\n\n<hr class=\"wp-block-separator has-alpha-channel-opacity\"\/>\n\n\n\n<h2 class=\"wp-block-heading\">2014? R\u00ed\u0161o, ty bude\u0161 \u017e\u00edt&#8230;<\/h2>\n\n\n\n<p><strong>Prosinec 2013 \/&nbsp;<\/strong>Sdru\u017een\u00ed Ramus si p\u0159eje v\u0161e nej do dal\u0161\u00edho roku a n\u00e1sledn\u011b zp\u00edv\u00e1 svoji nejobl\u00edben\u011bj\u0161\u00ed pecku &#8211; p\u00edsni\u010dku od nezn\u00e1m\u00e9ho autora, kter\u00e1 u\u010darovala ji\u017e des\u00edtk\u00e1m lid\u00ed&#8230; Pro\u010d? Posu\u010fte sami.<\/p>\n\n\n\n<figure class=\"wp-block-embed is-type-rich is-provider-obsluzna-rutina-kodu-pro-vlozeni wp-block-embed-obsluzna-rutina-kodu-pro-vlozeni wp-embed-aspect-16-9 wp-has-aspect-ratio\"><div class=\"wp-block-embed__wrapper\">\n<iframe loading=\"lazy\" title=\"2014? R\u00ed\u0161o, ty bude\u0161 \u017e\u00edt...\" width=\"720\" height=\"405\" src=\"https:\/\/www.youtube.com\/embed\/YBXWdDDqnEY?feature=oembed\" frameborder=\"0\" allow=\"accelerometer; autoplay; clipboard-write; encrypted-media; gyroscope; picture-in-picture; web-share\" referrerpolicy=\"strict-origin-when-cross-origin\" allowfullscreen><\/iframe>\n<\/div><\/figure>\n\n\n\n<hr class=\"wp-block-separator has-alpha-channel-opacity\"\/>\n\n\n\n<h2 class=\"wp-block-heading\">Nazdar, bazar!<\/h2>\n\n\n\n<p><strong>Listopad&nbsp;2013 \/&nbsp;<\/strong>Report\u00e1\u017e&nbsp;z&nbsp;dobro\u010dinn\u00e9ho&nbsp;bazaru,&nbsp;jeho\u017e&nbsp;v\u00fdt\u011b\u017eek&nbsp;putuje&nbsp;na&nbsp;aktivity o. s.&nbsp;Ramus.<\/p>\n\n\n\n<figure class=\"wp-block-embed is-type-rich is-provider-obsluzna-rutina-kodu-pro-vlozeni wp-block-embed-obsluzna-rutina-kodu-pro-vlozeni wp-embed-aspect-16-9 wp-has-aspect-ratio\"><div class=\"wp-block-embed__wrapper\">\n<iframe loading=\"lazy\" title=\"Ramus: nazdar, bazar!\" width=\"720\" height=\"405\" src=\"https:\/\/www.youtube.com\/embed\/GirjKnZWx5c?feature=oembed\" frameborder=\"0\" allow=\"accelerometer; autoplay; clipboard-write; encrypted-media; gyroscope; picture-in-picture; web-share\" referrerpolicy=\"strict-origin-when-cross-origin\" allowfullscreen><\/iframe>\n<\/div><\/figure>\n\n\n\n<hr class=\"wp-block-separator has-alpha-channel-opacity\"\/>\n\n\n\n<h2 class=\"wp-block-heading\">Ramusport feat. Rocky<\/h2>\n\n\n\n<p><strong>\u00danor&nbsp;2013 \/&nbsp;<\/strong>Sportovn\u00ed&nbsp;den&nbsp;za&nbsp;z\u00e1chranu&nbsp;delf\u00edn\u016f!<\/p>\n\n\n\n<figure class=\"wp-block-embed is-type-video is-provider-vimeo wp-block-embed-vimeo wp-embed-aspect-16-9 wp-has-aspect-ratio\"><div class=\"wp-block-embed__wrapper\">\n<iframe loading=\"lazy\" title=\"Ramusport\" src=\"https:\/\/player.vimeo.com\/video\/61670896?dnt=1&amp;app_id=122963\" width=\"720\" height=\"405\" frameborder=\"0\" allow=\"autoplay; fullscreen; picture-in-picture; clipboard-write\"><\/iframe>\n<\/div><\/figure>\n\n\n\n<hr class=\"wp-block-separator has-alpha-channel-opacity\"\/>\n\n\n\n<h2 class=\"wp-block-heading\">Foceni Ramus kalend\u00e1\u0159e 2013<\/h2>\n\n\n\n<p><strong>Prosinec&nbsp;2012 \/&nbsp;<\/strong>Focen\u00ed&nbsp;kalend\u00e1\u0159e&nbsp;\u010di&nbsp;mo\u017en\u00e1&nbsp;n\u011b\u010deho&nbsp;jin\u00e9ho&nbsp;na&nbsp;rok&nbsp;2013 .) Video: Martin&nbsp;Bartkovsk\u00fd,&nbsp;d\u00edky!<\/p>\n\n\n\n<figure class=\"wp-block-embed is-type-video is-provider-vimeo wp-block-embed-vimeo wp-embed-aspect-16-9 wp-has-aspect-ratio\"><div class=\"wp-block-embed__wrapper\">\n<iframe loading=\"lazy\" title=\"Focen\u00ed Ramus kalend\u00e1\u0159e 2013\" src=\"https:\/\/player.vimeo.com\/video\/54813512?dnt=1&amp;app_id=122963\" width=\"720\" height=\"405\" frameborder=\"0\" allow=\"autoplay; fullscreen; picture-in-picture; clipboard-write\"><\/iframe>\n<\/div><\/figure>\n\n\n\n<hr class=\"wp-block-separator has-alpha-channel-opacity\"\/>\n\n\n\n<h2 class=\"wp-block-heading\">P\u0159\u00edb\u011bh o m\u011bste\u010dku Lostoun<\/h2>\n\n\n\n<p><strong>Srpen&nbsp;2012 \/&nbsp;<\/strong>P\u0159\u00edb\u011bh&nbsp;o&nbsp;m\u011bste\u010dku&nbsp;Lostoun&nbsp;aneb&nbsp;letn\u00ed&nbsp;setk\u00e1n\u00ed&nbsp;Ramus&nbsp;2012 v&nbsp;Novohradsk\u00fdch&nbsp;hor\u00e1ch. Up\u0159\u00edmn\u00e1&nbsp;snaha&nbsp;vysv\u011btlit&nbsp;v\u0161em&nbsp;kolem, co&nbsp;jsme&nbsp;tam&nbsp;ty&nbsp;dva&nbsp;t\u00fddny&nbsp;vlastn\u011b&nbsp;tak&nbsp;zhruba&nbsp;d\u011blali&#8230;<\/p>\n\n\n\n<figure class=\"wp-block-embed is-type-video is-provider-vimeo wp-block-embed-vimeo wp-embed-aspect-16-9 wp-has-aspect-ratio\"><div class=\"wp-block-embed__wrapper\">\n<iframe loading=\"lazy\" title=\"P\u0159\u00edb\u011bh o m\u011bste\u010dku Lostoun\" src=\"https:\/\/player.vimeo.com\/video\/56593373?dnt=1&amp;app_id=122963\" width=\"640\" height=\"360\" frameborder=\"0\" allow=\"autoplay; fullscreen; picture-in-picture; clipboard-write\"><\/iframe>\n<\/div><\/figure>\n\n\n\n<hr class=\"wp-block-separator has-alpha-channel-opacity\"\/>\n\n\n\n<h2 class=\"wp-block-heading\">Postav si t\u00fdpko s Ramusem<\/h2>\n\n\n\n<p><strong>Srpen&nbsp;2012 \/&nbsp;<\/strong>Poselstv\u00ed&nbsp;budouc\u00edm&nbsp;generac\u00edm&nbsp;od&nbsp;Pat\u016f&nbsp;a&nbsp;Mat\u016f&nbsp;z&nbsp;louky&nbsp;v&nbsp;Novohradsk\u00fdch&nbsp;hor\u00e1ch. Video:&nbsp;Honza&nbsp;Kyncl.<\/p>\n\n\n\n<figure class=\"wp-block-embed is-type-video is-provider-vimeo wp-block-embed-vimeo wp-embed-aspect-16-9 wp-has-aspect-ratio\"><div class=\"wp-block-embed__wrapper\">\n<iframe loading=\"lazy\" title=\"Postav si t\u00fdpko s Ramusem\" src=\"https:\/\/player.vimeo.com\/video\/47652117?dnt=1&amp;app_id=122963\" width=\"720\" height=\"405\" frameborder=\"0\" allow=\"autoplay; fullscreen; picture-in-picture; clipboard-write\"><\/iframe>\n<\/div><\/figure>\n\n\n\n<hr class=\"wp-block-separator has-alpha-channel-opacity\"\/>\n\n\n\n<h2 class=\"wp-block-heading\">HUDr 2011<\/h2>\n\n\n\n<p><strong>Z\u00e1\u0159\u00ed-prosinec&nbsp;2011 \/&nbsp;<\/strong>Sest\u0159ih&nbsp;z&nbsp;hudebn\u011b-dramatick\u00e9ho&nbsp;krou\u017eku,&nbsp;kter\u00fd&nbsp;ka\u017ed\u00fd&nbsp;t\u00fdden&nbsp;po\u0159\u00e1d\u00e1&nbsp;o. s.&nbsp;Ramus.<\/p>\n\n\n\n<figure class=\"wp-block-embed is-type-video is-provider-vimeo wp-block-embed-vimeo wp-embed-aspect-16-9 wp-has-aspect-ratio\"><div class=\"wp-block-embed__wrapper\">\n<iframe loading=\"lazy\" title=\"HUDr.\" src=\"https:\/\/player.vimeo.com\/video\/43202298?dnt=1&amp;app_id=122963\" width=\"720\" height=\"405\" frameborder=\"0\" allow=\"autoplay; fullscreen; picture-in-picture; clipboard-write\"><\/iframe>\n<\/div><\/figure>\n\n\n\n<hr class=\"wp-block-separator has-alpha-channel-opacity\"\/>\n\n\n\n<h2 class=\"wp-block-heading\">Ven\u010den\u00ed<\/h2>\n\n\n\n<p><strong>Listopad&nbsp;2011 \/<\/strong>&nbsp;Vyraz\u00edte&nbsp;na&nbsp;velkou&nbsp;ven\u010d\u00edc\u00ed&nbsp;proch\u00e1zku&nbsp;a&nbsp;zjist\u00edte, \u017ee s&nbsp;sebou&nbsp;nem\u00e1te&nbsp;\u017e\u00e1dn\u00e9&nbsp;psy. Co&nbsp;si&nbsp;po\u010d\u00edt?<\/p>\n\n\n\n<figure class=\"wp-block-embed is-type-video is-provider-vimeo wp-block-embed-vimeo\"><div class=\"wp-block-embed__wrapper\">\n<iframe loading=\"lazy\" title=\"Ven\u010den\u00ed\" src=\"https:\/\/player.vimeo.com\/video\/32351953?dnt=1&amp;app_id=122963\" width=\"720\" height=\"480\" frameborder=\"0\" allow=\"autoplay; fullscreen; picture-in-picture; clipboard-write\"><\/iframe>\n<\/div><\/figure>\n\n\n\n<hr class=\"wp-block-separator has-alpha-channel-opacity\"\/>\n\n\n\n<h2 class=\"wp-block-heading\">&#8222;FBI&#8220; zve\u0159ejn\u00ed v\u00fdsledky sv\u00e9 \u010dinnosti!<\/h2>\n\n\n\n<p><strong>Z\u00e1\u0159\u00ed 2011 \/&nbsp;<\/strong>Nadupan\u00fd trailer k t\u00e1borov\u00fdm fotk\u00e1m.<\/p>\n\n\n\n<figure class=\"wp-block-embed is-type-video is-provider-vimeo wp-block-embed-vimeo wp-embed-aspect-4-3 wp-has-aspect-ratio\"><div class=\"wp-block-embed__wrapper\">\n<iframe loading=\"lazy\" title=\"&quot;FBI&quot; zve\u0159ejn\u00ed v\u00fdsledky sv\u00e9 \u010dinnosti!\" src=\"https:\/\/player.vimeo.com\/video\/28844299?dnt=1&amp;app_id=122963\" width=\"320\" height=\"240\" frameborder=\"0\" allow=\"autoplay; fullscreen; picture-in-picture; clipboard-write\"><\/iframe>\n<\/div><\/figure>\n\n\n\n<hr class=\"wp-block-separator has-alpha-channel-opacity\"\/>\n\n\n\n<h2 class=\"wp-block-heading\">FBI vs UFO<\/h2>\n\n\n\n<p><strong>Srpen&nbsp;2011 \/&nbsp;<\/strong>Report\u00e1\u017e&nbsp;o&nbsp;z\u00e1chran\u011b&nbsp;mar\u0165an\u016f&nbsp;z&nbsp;letn\u00edho&nbsp;t\u00e1boru&nbsp;2011.&nbsp;Za&nbsp;film&nbsp;d\u011bkujeme&nbsp;Krist\u00fdn\u011b&nbsp;Klodnerov\u00e9!!!<\/p>\n\n\n\n<figure class=\"wp-block-embed is-type-video is-provider-vimeo wp-block-embed-vimeo wp-embed-aspect-16-9 wp-has-aspect-ratio\"><div class=\"wp-block-embed__wrapper\">\n<iframe loading=\"lazy\" title=\"FBI VS UFO\" src=\"https:\/\/player.vimeo.com\/video\/29713646?dnt=1&amp;app_id=122963\" width=\"720\" height=\"405\" frameborder=\"0\" allow=\"autoplay; fullscreen; picture-in-picture; clipboard-write\"><\/iframe>\n<\/div><\/figure>\n\n\n\n<hr class=\"wp-block-separator has-alpha-channel-opacity\"\/>\n\n\n\n<h2 class=\"wp-block-heading\">Kaub\u00f3jov\u00e9 v Radonic\u00edch<\/h2>\n\n\n\n<p><strong>B\u0159ezen&nbsp;2011 \/&nbsp;<\/strong>Divo\u010dej\u0161\u00ed&nbsp;ne\u017e&nbsp;divok\u00fd,&nbsp;z\u00e1padn\u011bj\u0161\u00ed&nbsp;ne\u017e&nbsp;z\u00e1pad!&nbsp;Kaubojsk\u00fd&nbsp;v\u00edkend&nbsp;v&nbsp;Radonic\u00edch. Video: David&nbsp;Tou\u0161ek.<\/p>\n\n\n\n<figure class=\"wp-block-embed is-type-video is-provider-vimeo wp-block-embed-vimeo wp-embed-aspect-16-9 wp-has-aspect-ratio\"><div class=\"wp-block-embed__wrapper\">\n<iframe loading=\"lazy\" title=\"Kaub\u00f3jov\u00e9 v Radonic\u00edch\" src=\"https:\/\/player.vimeo.com\/video\/77405207?dnt=1&amp;app_id=122963\" width=\"720\" height=\"405\" frameborder=\"0\" allow=\"autoplay; fullscreen; picture-in-picture; clipboard-write\"><\/iframe>\n<\/div><\/figure>\n\n\n\n<hr class=\"wp-block-separator has-alpha-channel-opacity\"\/>\n\n\n\n<h2 class=\"wp-block-heading\">Kdo je vrah?<\/h2>\n\n\n\n<p><strong>\u00danor&nbsp;2011 \/<\/strong>&nbsp;Detektivn\u00ed&nbsp;p\u00e1tr\u00e1n\u00ed&nbsp;po&nbsp;Praze,&nbsp;slo\u017eit\u00e9&nbsp;a&nbsp;zapeklit\u00e9.&nbsp;Mrtvoly,&nbsp;vzkazy&nbsp;ve&nbsp;schr\u00e1nk\u00e1ch&nbsp;na&nbsp;n\u00e1dra\u017e\u00ed, a&nbsp;spoustu&nbsp;dal\u0161\u00edho!<\/p>\n\n\n\n<figure class=\"wp-block-embed is-type-video is-provider-vimeo wp-block-embed-vimeo wp-embed-aspect-4-3 wp-has-aspect-ratio\"><div class=\"wp-block-embed__wrapper\">\n<iframe loading=\"lazy\" title=\"KDO JE VRAH?\" src=\"https:\/\/player.vimeo.com\/video\/22411848?dnt=1&amp;app_id=122963\" width=\"640\" height=\"360\" frameborder=\"0\" allow=\"autoplay; fullscreen; picture-in-picture; clipboard-write\"><\/iframe>\n<\/div><\/figure>\n\n\n\n<hr class=\"wp-block-separator has-alpha-channel-opacity\"\/>\n\n\n\n<h2 class=\"wp-block-heading\">Matou\u0161 Glanc a Honz\u00edk Rudolf \/ zakladatel\u00e9 o.s. Ramus<\/h2>\n\n\n\n<p><strong>Listopad&nbsp;2010 \/<\/strong>&nbsp;Tajn\u011b&nbsp;po\u0159\u00edzen\u00e1&nbsp;skand\u00e1ln\u00ed&nbsp;nahr\u00e1vka&nbsp;z 11.&nbsp;listopadu&nbsp;2010,&nbsp;na&nbsp;kter\u00e9&nbsp;zakladatel\u00e9&nbsp;o.s.&nbsp;Ramus,&nbsp;Matou\u0161&nbsp;Glanc&nbsp;a&nbsp;Honz\u00edk&nbsp;Rudolf,&nbsp;hovo\u0159\u00ed&nbsp;o&nbsp;velk\u00e9m&nbsp;z\u00e1kulis\u00ed&nbsp;mal\u00e9ho&nbsp;sdru\u017een\u00ed.<\/p>\n\n\n\n<figure class=\"wp-block-embed is-type-video is-provider-vimeo wp-block-embed-vimeo wp-embed-aspect-16-9 wp-has-aspect-ratio\"><div class=\"wp-block-embed__wrapper\">\n<iframe loading=\"lazy\" title=\"Matou\u0161 Glanc a Honz\u00edk Rudolf \/ zakladatel\u00e9 o. s. Ramus\" src=\"https:\/\/player.vimeo.com\/video\/40828981?dnt=1&amp;app_id=122963\" width=\"720\" height=\"405\" frameborder=\"0\" allow=\"autoplay; fullscreen; picture-in-picture; clipboard-write\"><\/iframe>\n<\/div><\/figure>\n\n\n\n<hr class=\"wp-block-separator has-alpha-channel-opacity\"\/>\n\n\n\n<h2 class=\"wp-block-heading\">Survival Disability Show<\/h2>\n\n\n\n<p>Survival disability: na\u0161l\u00e1pl\u00e1 reality show pln\u00e1 emoc\u00ed!<\/p>\n\n\n\n<figure class=\"wp-block-embed is-type-video is-provider-vimeo wp-block-embed-vimeo wp-embed-aspect-4-3 wp-has-aspect-ratio\"><div class=\"wp-block-embed__wrapper\">\n<iframe loading=\"lazy\" title=\"Survival Disability Show\" src=\"https:\/\/player.vimeo.com\/video\/11759581?dnt=1&amp;app_id=122963\" width=\"320\" height=\"240\" frameborder=\"0\" allow=\"autoplay; fullscreen; picture-in-picture; clipboard-write\"><\/iframe>\n<\/div><\/figure>\n\n\n\n<hr class=\"wp-block-separator has-alpha-channel-opacity\"\/>\n\n\n\n<h2 class=\"wp-block-heading\">Kudla v Akci<\/h2>\n\n\n\n<p>Kudla&nbsp;v&nbsp;akci:&nbsp;n\u00e1\u0161&nbsp;prvn\u00ed&nbsp;film,&nbsp;velkolep\u00e1&nbsp;kucha\u0159sk\u00e1&nbsp;show!<\/p>\n\n\n\n<figure class=\"wp-block-embed is-type-video is-provider-vimeo wp-block-embed-vimeo wp-embed-aspect-4-3 wp-has-aspect-ratio\"><div class=\"wp-block-embed__wrapper\">\n<iframe loading=\"lazy\" title=\"Kudla v Akci\" src=\"https:\/\/player.vimeo.com\/video\/28853981?dnt=1&amp;app_id=122963\" width=\"384\" height=\"288\" frameborder=\"0\" allow=\"autoplay; fullscreen; picture-in-picture; clipboard-write\"><\/iframe>\n<\/div><\/figure>\n","protected":false},"excerpt":{"rendered":"<p>V\u011bt\u0161inu film\u016f lze st\u00e1hnout z Vimea, na kter\u00e9m jsou um\u00edst\u011bny. Proto\u017ee filmov\u00fd pr\u016fmysl je \u017eiven\u00fd reklamou, je v lev\u00e9m menu i sekce\u00a0reklama, ve kter\u00e9 m\u016f\u017eete vid\u011bt v\u0161echny na\u0161e propagandistick\u00e1 videa. Ramaton Gigabyt \u010cerven 2017 \/&nbsp;Kr\u00e1tk\u00fd dokument shrnuj\u00edc\u00ed na\u0161e p\u016flro\u010dn\u00ed byt\u00ed v Gigabyt\u011b. Reakce na kampa\u0148 Vodafone Na\u0161e reakce na v\u00e1no\u010dn\u00ed kampa\u0148 Vodafone. Turn\u00e9 bez koncert\u016f &hellip; <a href=\"https:\/\/www.ramus.je\/nejlepsi\/archiv\/televize\/\" class=\"more-link\">Continue reading<span class=\"screen-reader-text\"> &#8222;Televize&#8220;<\/span><\/a><\/p>\n","protected":false},"author":1,"featured_media":0,"parent":15374,"menu_order":0,"comment_status":"closed","ping_status":"closed","template":"","meta":{"ngg_post_thumbnail":0,"footnotes":""},"class_list":["post-15378","page","type-page","status-publish","hentry"],"_links":{"self":[{"href":"https:\/\/www.ramus.je\/nejlepsi\/wp-json\/wp\/v2\/pages\/15378","targetHints":{"allow":["GET"]}}],"collection":[{"href":"https:\/\/www.ramus.je\/nejlepsi\/wp-json\/wp\/v2\/pages"}],"about":[{"href":"https:\/\/www.ramus.je\/nejlepsi\/wp-json\/wp\/v2\/types\/page"}],"author":[{"embeddable":true,"href":"https:\/\/www.ramus.je\/nejlepsi\/wp-json\/wp\/v2\/users\/1"}],"replies":[{"embeddable":true,"href":"https:\/\/www.ramus.je\/nejlepsi\/wp-json\/wp\/v2\/comments?post=15378"}],"version-history":[{"count":4,"href":"https:\/\/www.ramus.je\/nejlepsi\/wp-json\/wp\/v2\/pages\/15378\/revisions"}],"predecessor-version":[{"id":17477,"href":"https:\/\/www.ramus.je\/nejlepsi\/wp-json\/wp\/v2\/pages\/15378\/revisions\/17477"}],"up":[{"embeddable":true,"href":"https:\/\/www.ramus.je\/nejlepsi\/wp-json\/wp\/v2\/pages\/15374"}],"wp:attachment":[{"href":"https:\/\/www.ramus.je\/nejlepsi\/wp-json\/wp\/v2\/media?parent=15378"}],"curies":[{"name":"wp","href":"https:\/\/api.w.org\/{rel}","templated":true}]}}