{"id":15374,"date":"2022-05-27T11:42:15","date_gmt":"2022-05-27T10:42:15","guid":{"rendered":"https:\/\/www.ramus.je\/web\/?page_id=15374"},"modified":"2022-06-24T16:36:50","modified_gmt":"2022-06-24T15:36:50","slug":"archiv","status":"publish","type":"page","link":"https:\/\/www.ramus.je\/nejlepsi\/archiv\/","title":{"rendered":"Archiv"},"content":{"rendered":"\n<p>Za\u017eili jsme toho ji\u017e skute\u010dn\u011b mnoho.&nbsp;<\/p>\n\n\n\n<p>Vyberte si, jak chcete poznat na\u0161i historii:<\/p>\n\n\n\n<ul class=\"wp-block-list\"><li>skrze kr\u00e1tk\u00e1 videa v <a href=\"https:\/\/www.ramus.je\/nejlepsi\/televize\/\" data-type=\"page\" data-id=\"15378\">televizi<\/a><\/li><li>pokochat se nad <a href=\"https:\/\/www.ramus.je\/nejlepsi\/archiv\/reklama\/\" data-type=\"page\" data-id=\"17473\">reklamou<\/a><\/li><li>u\u017e\u00edt si vypr\u00e1v\u011bn\u00ed v <a href=\"https:\/\/www.ramus.je\/nejlepsi\/zapisnik\/\" data-type=\"page\" data-id=\"16052\">z\u00e1pisn\u00edku<\/a><\/li><\/ul>\n","protected":false},"excerpt":{"rendered":"<p>Za\u017eili jsme toho ji\u017e skute\u010dn\u011b mnoho.&nbsp; Vyberte si, jak chcete poznat na\u0161i historii: skrze kr\u00e1tk\u00e1 videa v televizi pokochat se nad reklamou u\u017e\u00edt si vypr\u00e1v\u011bn\u00ed v z\u00e1pisn\u00edku<\/p>\n","protected":false},"author":1,"featured_media":0,"parent":0,"menu_order":0,"comment_status":"closed","ping_status":"closed","template":"","meta":{"ngg_post_thumbnail":0,"footnotes":""},"class_list":["post-15374","page","type-page","status-publish","hentry"],"_links":{"self":[{"href":"https:\/\/www.ramus.je\/nejlepsi\/wp-json\/wp\/v2\/pages\/15374","targetHints":{"allow":["GET"]}}],"collection":[{"href":"https:\/\/www.ramus.je\/nejlepsi\/wp-json\/wp\/v2\/pages"}],"about":[{"href":"https:\/\/www.ramus.je\/nejlepsi\/wp-json\/wp\/v2\/types\/page"}],"author":[{"embeddable":true,"href":"https:\/\/www.ramus.je\/nejlepsi\/wp-json\/wp\/v2\/users\/1"}],"replies":[{"embeddable":true,"href":"https:\/\/www.ramus.je\/nejlepsi\/wp-json\/wp\/v2\/comments?post=15374"}],"version-history":[{"count":5,"href":"https:\/\/www.ramus.je\/nejlepsi\/wp-json\/wp\/v2\/pages\/15374\/revisions"}],"predecessor-version":[{"id":17475,"href":"https:\/\/www.ramus.je\/nejlepsi\/wp-json\/wp\/v2\/pages\/15374\/revisions\/17475"}],"wp:attachment":[{"href":"https:\/\/www.ramus.je\/nejlepsi\/wp-json\/wp\/v2\/media?parent=15374"}],"curies":[{"name":"wp","href":"https:\/\/api.w.org\/{rel}","templated":true}]}}